{"id":185,"date":"2021-04-20T15:22:45","date_gmt":"2021-04-20T12:22:45","guid":{"rendered":"https:\/\/popjazz.fi\/PJKits\/oppimateriaali-basso\/?page_id=185"},"modified":"2021-04-27T15:31:11","modified_gmt":"2021-04-27T12:31:11","slug":"oktaavisoitto","status":"publish","type":"page","link":"https:\/\/popjazz.fi\/PJKits\/oppimateriaali-basso\/oppimateriaali\/o\/oktaavisoitto\/","title":{"rendered":"Oktaavisoitto"},"content":{"rendered":"\n<p>Oktaavi on yksi tunnistettavimmista ja  samalla yksi raskaimmista intervalleista soittaa. Esimerkiksi &#8221;70ish diskon&#8221; tunnusomaisimmista soundeista oli  oktaavi\u00e4\u00e4nill\u00e4 soitettu kahdeksasosa bassolinja. <\/p>\n\n\n\n<p>Videolla k\u00e4yd\u00e4\u00e4n l\u00e4pi oktaavisoittoon liittyvi\u00e4 huomioita otek\u00e4den asennoista, sek\u00e4 tehd\u00e4\u00e4n oktaavisoittoharjoitus G -duuri asteikolla ja rytmipyramidilla.<\/p>\n\n\n\n<h4 class=\"wp-block-heading\">Video <\/h4>\n\n\n\n<figure class=\"wp-block-embed-vimeo wp-block-embed is-type-video is-provider-vimeo wp-embed-aspect-16-9 wp-has-aspect-ratio\"><div class=\"wp-block-embed__wrapper\">\n<iframe loading=\"lazy\" src=\"https:\/\/player.vimeo.com\/video\/529366104?dnt=1&amp;app_id=122963\" width=\"840\" height=\"473\" frameborder=\"0\" allow=\"autoplay; fullscreen; picture-in-picture\" allowfullscreen><\/iframe>\n<\/div><\/figure>\n\n\n\n<p><strong>Videoesimerkin pohjana k\u00e4ytett\u00e4v\u00e4 G -duuriasteikko nuotein<\/strong><\/p>\n\n\n\n<figure class=\"wp-block-image size-large\"><img loading=\"lazy\" decoding=\"async\" width=\"1024\" height=\"135\" src=\"https:\/\/popjazz.fi\/PJKits\/oppimateriaali-basso\/wp-content\/uploads\/sites\/19\/2021\/04\/oktaavi-1024x135.png\" alt=\"\" class=\"wp-image-357\" srcset=\"https:\/\/popjazz.fi\/PJKits\/oppimateriaali-basso\/wp-content\/uploads\/sites\/19\/2021\/04\/oktaavi-1024x135.png 1024w, https:\/\/popjazz.fi\/PJKits\/oppimateriaali-basso\/wp-content\/uploads\/sites\/19\/2021\/04\/oktaavi-300x39.png 300w, https:\/\/popjazz.fi\/PJKits\/oppimateriaali-basso\/wp-content\/uploads\/sites\/19\/2021\/04\/oktaavi-768x101.png 768w, https:\/\/popjazz.fi\/PJKits\/oppimateriaali-basso\/wp-content\/uploads\/sites\/19\/2021\/04\/oktaavi-1536x202.png 1536w, https:\/\/popjazz.fi\/PJKits\/oppimateriaali-basso\/wp-content\/uploads\/sites\/19\/2021\/04\/oktaavi-2048x269.png 2048w, https:\/\/popjazz.fi\/PJKits\/oppimateriaali-basso\/wp-content\/uploads\/sites\/19\/2021\/04\/oktaavi-1200x158.png 1200w\" sizes=\"auto, (max-width: 709px) 85vw, (max-width: 909px) 67vw, (max-width: 1362px) 62vw, 840px\" \/><\/figure>\n\n\n\n<p><\/p>\n\n\n\n<p class=\"has-medium-font-size\">Katso my\u00f6s: <\/p>\n\n\n<style><\/style><div class=\"wplp_outside wplp_widget_301\" style=\"max-width:100%;\"><span class=\"wpcu_block_title\">Oktaavisoitto OT<\/span><div id=\"wplp_widget_301\" class=\"wplp_widget_default wplp_container vertical swiper wplp-swiper default cols3\" data-theme=\"default\" data-post=\"301\" style=\"\" data-max-elts=\"5\" data-per-page=\"10\"><div class=\"wplp_listposts swiper-wrapper\" id=\"default_301\" style=\"width: 100%;\" ><div class=\"swiper-slide\" style=\"\"><div class=\"insideframe\"><div id=\"wplp_box_top_301_284\" class=\"wpcu-front-box top equalHeightImg\" ><div class=\"wplp-box-item\"><a href=\"https:\/\/popjazz.fi\/PJKits\/basso\/basso-oppimistavoitevideot\/instrumentin-hallinta\/ylimaaraisten-aanten-demppaaminen-oikealla-ja-vasemmalla-kadella\/\"  class=\"thumbnail\"><span class=\"img_cropper\" style=\"width:150px;height:150px;margin-right:4px;margin-bottom:4px;max-width:100%;\"><img decoding=\"async\" src=\"https:\/\/popjazz.fi\/PJKits\/oppimateriaali-basso\/wp-content\/uploads\/sites\/4\/2020\/02\/bs_ic_material_product_icon_192pxxxhdpi-150x150.png\" style=\"position: absolute;top: 50%;margin-top: -75px;aspect-ratio:4\/3;\" srcset=\"\" alt=\"Ylim\u00e4\u00e4r\u00e4isten \u00e4\u00e4nten demppaaminen oikealla ja vasemmalla k\u00e4dell\u00e4\" class=\"wplp_thumb\" \/><\/span><\/a><a href=\"https:\/\/popjazz.fi\/PJKits\/basso\/basso-oppimistavoitevideot\/instrumentin-hallinta\/ylimaaraisten-aanten-demppaaminen-oikealla-ja-vasemmalla-kadella\/\"  class=\"title\">Ylim\u00e4\u00e4r\u00e4isten \u00e4\u00e4nten demppaaminen oikealla ja vasemmalla k\u00e4dell\u00e4<\/a><\/div><\/div><div id=\"wplp_box_left_301_284\" class=\"wpcu-front-box left wpcu-custom-position\" ><div class=\"wplp-box-item\"><\/div><\/div><div id=\"wplp_box_right_301_284\" class=\"wpcu-front-box right wpcu-custom-position\" ><div class=\"wplp-box-item\"><\/div><\/div><div id=\"wplp_box_bottom_301_284\" class=\"wpcu-front-box bottom \" ><div class=\"wplp-box-item\"><span class=\"date\">5.10.2019<\/span><span class=\"text\"><span style=\"max-height:2.8em\" class=\"line_limit\">Valtaosassa populaarimusiikkia bassolla soitetaan vain yht\u00e4 \u00e4\u00e4nt\u00e4 kerrallaan, jolloin ylim\u00e4\u00e4r\u00e4isten \u00e4\u00e4nten sammuttaminen, eli demppaaminen, on olennainen taito. \u00c4\u00e4nten demppaamiseen on useita eri tapoja ja hyv\u00e4\u00e4 lopputulokseen p\u00e4\u00e4semiseen vaikuttaa mm. jokaisen henkil\u00f6kohtaiset motoriset valmiudet. \n\n\n\nYhten\u00e4 l\u00e4ht\u00f6kohtana ylim\u00e4\u00e4r\u00e4isten \u00e4\u00e4nten sammuttamiselle voi olla periaate, jossa n\u00e4pp\u00e4\u00e4v\u00e4n k\u00e4den sormet sammuttavat soivaa kielt\u00e4 paksummat kielet, ja otek\u00e4si soivaa kielt\u00e4 ohuemmat kielet.\n\n\n\nVideo\n\n\n\n\n\n\n\n\n\n\n\n\n\nKatso my\u00f6s:<\/span><span style=\"margin-left:3px; max-height:2.8em\" class=\"line_limit\"> [...]<\/span><\/span><span class=\"custom_fields\">\n<!-- WPLP Unknown field: Custom_Fields -->\n<\/span><\/div><\/div><\/div><\/div><div class=\"swiper-slide\" style=\"\"><div class=\"insideframe\"><div id=\"wplp_box_top_301_268\" class=\"wpcu-front-box top equalHeightImg\" ><div class=\"wplp-box-item\"><a href=\"https:\/\/popjazz.fi\/PJKits\/basso\/basso-oppimistavoitevideot\/instrumentin-hallinta\/oikean-ja-vasemman-kaden-asento\/\"  class=\"thumbnail\"><span class=\"img_cropper\" style=\"width:150px;height:150px;margin-right:4px;margin-bottom:4px;max-width:100%;\"><img decoding=\"async\" src=\"https:\/\/popjazz.fi\/PJKits\/oppimateriaali-basso\/wp-content\/uploads\/sites\/4\/2020\/02\/bs_ic_material_product_icon_192pxxxhdpi-150x150.png\" style=\"position: absolute;top: 50%;margin-top: -75px;aspect-ratio:4\/3;\" srcset=\"\" alt=\"Oikean ja vasemman k\u00e4den asento\" class=\"wplp_thumb\" \/><\/span><\/a><a href=\"https:\/\/popjazz.fi\/PJKits\/basso\/basso-oppimistavoitevideot\/instrumentin-hallinta\/oikean-ja-vasemman-kaden-asento\/\"  class=\"title\">Oikean ja vasemman k\u00e4den asento<\/a><\/div><\/div><div id=\"wplp_box_left_301_268\" class=\"wpcu-front-box left wpcu-custom-position\" ><div class=\"wplp-box-item\"><\/div><\/div><div id=\"wplp_box_right_301_268\" class=\"wpcu-front-box right wpcu-custom-position\" ><div class=\"wplp-box-item\"><\/div><\/div><div id=\"wplp_box_bottom_301_268\" class=\"wpcu-front-box bottom \" ><div class=\"wplp-box-item\"><span class=\"date\">5.10.2019<\/span><span class=\"text\"><span style=\"max-height:2.8em\" class=\"line_limit\">L\u00e4ht\u00f6kohta on hyville k\u00e4sien asennoille on ergonomisesti luontevat ja mahdollisimman v\u00e4h\u00e4n ylim\u00e4\u00e4r\u00e4ist\u00e4 rasitusta aiheuttavat asennot. Ep\u00e4luontevia taivutuksia ja ylim\u00e4\u00e4r\u00e4isi\u00e4 pisterasituksia ranteisiin ja olkap\u00e4ihin tulisi pyrki\u00e4 v\u00e4ltt\u00e4m\u00e4\u00e4n. Tukevalla ja riitt\u00e4v\u00e4n leve\u00e4ll\u00e4 olkahihnalla ja sen oikeaan korkeuteen s\u00e4\u00e4t\u00e4misell\u00e4 pyrit\u00e4\u00e4n hakemaan optimaalinen asento, joka huomioi soittomukavuuden ja ergonomian.\n\n\n\nT\u00e4ydellist\u00e4 ja kaikille sopivaa ja yhteist\u00e4 k\u00e4sien asentoa ei kuitenkaan ole, vaan kaikki meist\u00e4 ovat yksil\u00f6it\u00e4. Juuri itselle sopivien soittoasentojen l\u00f6yt\u00e4minen vaatii k\u00e4rsiv\u00e4llisyytt\u00e4 ja paneutumista asiaan. Hyvi\u00e4 apuv\u00e4lineit\u00e4 ovat esimerkiksi pelin k\u00e4ytt\u00e4minen apuna harjoittelun aikana, sek\u00e4 opettajan tekem\u00e4t havainnot ja opastaminen.\n\n\n\nVideo \n\n\n\n\n\n\n\n\n\n\n\n\n\nKatso my\u00f6s:<\/span><span style=\"margin-left:3px; max-height:2.8em\" class=\"line_limit\"> [...]<\/span><\/span><span class=\"custom_fields\">\n<!-- WPLP Unknown field: Custom_Fields -->\n<\/span><\/div><\/div><\/div><\/div><div class=\"swiper-slide\" style=\"\"><div class=\"insideframe\"><div id=\"wplp_box_top_301_813\" class=\"wpcu-front-box top equalHeightImg\" ><div class=\"wplp-box-item\"><a href=\"https:\/\/popjazz.fi\/PJKits\/basso\/basso-oppimistavoitevideot\/instrumentin-hallinta\/suuret-intervallihypyt-koko-kaulan-alueella\/\"  class=\"thumbnail\"><span class=\"img_cropper\" style=\"width:150px;height:150px;margin-right:4px;margin-bottom:4px;max-width:100%;\"><img decoding=\"async\" src=\"https:\/\/popjazz.fi\/PJKits\/oppimateriaali-basso\/wp-content\/uploads\/sites\/4\/2020\/02\/bs_ic_material_product_icon_192pxxxhdpi-150x150.png\" style=\"position: absolute;top: 50%;margin-top: -75px;aspect-ratio:4\/3;\" srcset=\"\" alt=\"Suuret intervallihypyt koko kaulan alueella\" class=\"wplp_thumb\" \/><\/span><\/a><a href=\"https:\/\/popjazz.fi\/PJKits\/basso\/basso-oppimistavoitevideot\/instrumentin-hallinta\/suuret-intervallihypyt-koko-kaulan-alueella\/\"  class=\"title\">Suuret intervallihypyt koko kaulan alueella<\/a><\/div><\/div><div id=\"wplp_box_left_301_813\" class=\"wpcu-front-box left wpcu-custom-position\" ><div class=\"wplp-box-item\"><\/div><\/div><div id=\"wplp_box_right_301_813\" class=\"wpcu-front-box right wpcu-custom-position\" ><div class=\"wplp-box-item\"><\/div><\/div><div id=\"wplp_box_bottom_301_813\" class=\"wpcu-front-box bottom \" ><div class=\"wplp-box-item\"><span class=\"date\">20.1.2020<\/span><span class=\"text\"><span style=\"max-height:2.8em\" class=\"line_limit\">Suuret intervallihypyt, eli otelautak\u00e4den usean aseman ylitt\u00e4v\u00e4t hypyt soittamisen aikana vaativat basson kaulan hyv\u00e4\u00e4 hallintaa, sek\u00e4 hyv\u00e4\u00e4 molempien k\u00e4sien yhteisty\u00f6t\u00e4, eli koordinaatiota. Molempien k\u00e4sien on s\u00e4ilytett\u00e4v\u00e4 kontrolli bassoon ja k\u00e4den liike on suoritettava noudatellen kappaleen tempoa ja yleist\u00e4 rytmiikkaa.\n\n\n\nUseasti \u00e4\u00e4nest\u00e4 toiseen liikeen on tapahduttava nelj\u00e4sosan, tai jopa kahdeksasosan aikana, jolloin liikkeen on sis\u00e4llett\u00e4v\u00e4 sek\u00e4 soitettava \u00e4\u00e4ni ett\u00e4 intervallihyppyyn sis\u00e4ltyv\u00e4 aika. Soitettavan \u00e4\u00e4nen pituus on siksi suhteutettava kappaleen muuhun rytmiikkaan ja tempoon\n\n\n\nVideo\n\n\n\n\n\nSuuret intervallihypyt\n\n\n\nSoittoesimerkki nuotein\n\n\n\n\n\n\n\n\n\n\n\nKatso my\u00f6s:<\/span><span style=\"margin-left:3px; max-height:2.8em\" class=\"line_limit\"> [...]<\/span><\/span><span class=\"custom_fields\">\n<!-- WPLP Unknown field: Custom_Fields -->\n<\/span><\/div><\/div><\/div><\/div><div class=\"swiper-slide\" style=\"\"><div class=\"insideframe\"><div id=\"wplp_box_top_301_41\" class=\"wpcu-front-box top equalHeightImg\" ><div class=\"wplp-box-item\"><a href=\"https:\/\/popjazz.fi\/PJKits\/basso\/basso-oppimistavoitevideot\/instrumentin-hallinta\/nappaavan-kaden-vuorosormitekniikka\/\"  class=\"thumbnail\"><span class=\"img_cropper\" style=\"width:150px;height:150px;margin-right:4px;margin-bottom:4px;max-width:100%;\"><img decoding=\"async\" src=\"https:\/\/popjazz.fi\/PJKits\/oppimateriaali-basso\/wp-content\/uploads\/sites\/4\/2020\/02\/bs_ic_material_product_icon_192pxxxhdpi-150x150.png\" style=\"position: absolute;top: 50%;margin-top: -75px;aspect-ratio:4\/3;\" srcset=\"\" alt=\"N\u00e4pp\u00e4\u00e4v\u00e4n k\u00e4den vuorosormitekniikka\" class=\"wplp_thumb\" \/><\/span><\/a><a href=\"https:\/\/popjazz.fi\/PJKits\/basso\/basso-oppimistavoitevideot\/instrumentin-hallinta\/nappaavan-kaden-vuorosormitekniikka\/\"  class=\"title\">N\u00e4pp\u00e4\u00e4v\u00e4n k\u00e4den vuorosormitekniikka<\/a><\/div><\/div><div id=\"wplp_box_left_301_41\" class=\"wpcu-front-box left wpcu-custom-position\" ><div class=\"wplp-box-item\"><\/div><\/div><div id=\"wplp_box_right_301_41\" class=\"wpcu-front-box right wpcu-custom-position\" ><div class=\"wplp-box-item\"><\/div><\/div><div id=\"wplp_box_bottom_301_41\" class=\"wpcu-front-box bottom \" ><div class=\"wplp-box-item\"><span class=\"date\">22.9.2019<\/span><span class=\"text\"><span style=\"max-height:2.8em\" class=\"line_limit\">Perinteisin tapa soittaa s\u00e4hk\u00f6bassoa on k\u00e4ytt\u00e4\u00e4 kielen n\u00e4pp\u00e4\u00e4miseen etu- ja keskisormea, peukalon ollessa samaan aikaan tuettuna mikrofonin tai erillisen peukalotuen p\u00e4\u00e4lle.\n\n\n\nNs. vuorosormitekniikka tarkoittaa sit\u00e4, ett\u00e4 etu- ja keskisormi n\u00e4pp\u00e4\u00e4v\u00e4t kielt\u00e4 vuorotellen.\n\n\n\nVideo \n\n\n\n\n\n\n\n\n\n\n\n\n\nKatso my\u00f6s:<\/span><span style=\"margin-left:3px; max-height:2.8em\" class=\"line_limit\"> [...]<\/span><\/span><span class=\"custom_fields\">\n<!-- WPLP Unknown field: Custom_Fields -->\n<\/span><\/div><\/div><\/div><\/div><div class=\"swiper-slide\" style=\"\"><div class=\"insideframe\"><div id=\"wplp_box_top_301_31\" class=\"wpcu-front-box top equalHeightImg\" ><div class=\"wplp-box-item\"><a href=\"https:\/\/popjazz.fi\/PJKits\/basso\/basso-oppimistavoitevideot\/instrumentin-hallinta\/otekaden-perussormitus\/\"  class=\"thumbnail\"><span class=\"img_cropper\" style=\"width:150px;height:150px;margin-right:4px;margin-bottom:4px;max-width:100%;\"><img decoding=\"async\" src=\"https:\/\/popjazz.fi\/PJKits\/oppimateriaali-basso\/wp-content\/uploads\/sites\/4\/2020\/02\/bs_ic_material_product_icon_192pxxxhdpi-150x150.png\" style=\"position: absolute;top: 50%;margin-top: -75px;aspect-ratio:4\/3;\" srcset=\"\" alt=\"Otek\u00e4den perussormitus\" class=\"wplp_thumb\" \/><\/span><\/a><a href=\"https:\/\/popjazz.fi\/PJKits\/basso\/basso-oppimistavoitevideot\/instrumentin-hallinta\/otekaden-perussormitus\/\"  class=\"title\">Otek\u00e4den perussormitus<\/a><\/div><\/div><div id=\"wplp_box_left_301_31\" class=\"wpcu-front-box left wpcu-custom-position\" ><div class=\"wplp-box-item\"><\/div><\/div><div id=\"wplp_box_right_301_31\" class=\"wpcu-front-box right wpcu-custom-position\" ><div class=\"wplp-box-item\"><\/div><\/div><div id=\"wplp_box_bottom_301_31\" class=\"wpcu-front-box bottom \" ><div class=\"wplp-box-item\"><span class=\"date\">22.9.2019<\/span><span class=\"text\"><span style=\"max-height:2.8em\" class=\"line_limit\">S\u00e4hk\u00f6basson kaula on jaettu nauhoilla eri s\u00e4veliin. Haluttu s\u00e4vele soitetaan painamalla kielt\u00e4 otelautaa vasten n\u00e4iden nauhojen v\u00e4leist\u00e4. Kielen painamista voidaan helpottaa painamalla kielt\u00e4 mahdollisimman l\u00e4helt\u00e4 nauhaa. Lis\u00e4ksi otetta tuetaan painamalla peukalolla kaulan vastakkaiselta puolelta. \n\n\n\nVideo\n\n\n\n\n\n\n\n\n\n\n\n\n\nKatso my\u00f6s:<\/span><span style=\"margin-left:3px; max-height:2.8em\" class=\"line_limit\"> [...]<\/span><\/span><span class=\"custom_fields\">\n<!-- WPLP Unknown field: Custom_Fields -->\n<\/span><\/div><\/div><\/div><\/div><\/div><div class=\"swiper-button-next\"><\/div><div class=\"swiper-button-prev\"><\/div><div class=\"swiper-pagination\"><\/div><\/div><\/div>\n\n\n<style><\/style><div class=\"wplp_outside wplp_widget_302\" style=\"max-width:100%;\"><span class=\"wpcu_block_title\">Oktaavisoitto OM<\/span><div id=\"wplp_widget_302\" class=\"wplp_widget_default wplp_container vertical swiper wplp-swiper default cols3\" data-theme=\"default\" data-post=\"302\" style=\"\" data-max-elts=\"3\" data-per-page=\"10\"><div class=\"wplp_listposts swiper-wrapper\" id=\"default_302\" style=\"width: 100%;\" ><div class=\"swiper-slide\" style=\"\"><div class=\"insideframe\"><div id=\"wplp_box_top_302_158\" class=\"wpcu-front-box top equalHeightImg\" ><div class=\"wplp-box-item\"><a href=\"https:\/\/popjazz.fi\/PJKits\/oppimateriaali-basso\/oppimateriaali\/t\/tyylinmukaiset-bassolinjat\/\"  class=\"thumbnail\"><span class=\"img_cropper\" style=\"width:150px;height:150px;margin-right:4px;margin-bottom:4px;max-width:100%;\"><img decoding=\"async\" src=\"https:\/\/popjazz.fi\/PJKits\/oppimateriaali-basso\/wp-content\/uploads\/sites\/19\/2020\/05\/bs_ic_material_product_icon_192pxxxhdpi-150x150.png\" style=\"position: absolute;top: 50%;margin-top: -75px;aspect-ratio:4\/3;\" srcset=\"\" alt=\"Tyylinmukaisten bassolinjojen luominen osa 1: S\u00e4estys sointujen p\u00e4\u00e4s\u00e4velten ymp\u00e4rille\" class=\"wplp_thumb\" \/><\/span><\/a><a href=\"https:\/\/popjazz.fi\/PJKits\/oppimateriaali-basso\/oppimateriaali\/t\/tyylinmukaiset-bassolinjat\/\"  class=\"title\">Tyylinmukaisten bassolinjojen luominen osa 1: S\u00e4estys sointujen p\u00e4\u00e4s\u00e4velten ymp\u00e4rille<\/a><\/div><\/div><div id=\"wplp_box_left_302_158\" class=\"wpcu-front-box left wpcu-custom-position\" ><div class=\"wplp-box-item\"><\/div><\/div><div id=\"wplp_box_right_302_158\" class=\"wpcu-front-box right wpcu-custom-position\" ><div class=\"wplp-box-item\"><\/div><\/div><div id=\"wplp_box_bottom_302_158\" class=\"wpcu-front-box bottom \" ><div class=\"wplp-box-item\"><span class=\"date\">20.4.2021<\/span><span class=\"text\"><span style=\"max-height:2.8em\" class=\"line_limit\">Tyylinmukainen s\u00e4estys sointujen p\u00e4\u00e4s\u00e4velten ymp\u00e4rille\n\n\n\nEnsimm\u00e4isell\u00e4 videolla esitell\u00e4\u00e4n kolmen eri tyylilajin rytmisi\u00e4 ja \u00e4\u00e4nenkuljetuksellisia variaatioita sointujen p\u00e4\u00e4s\u00e4velten ymp\u00e4rille. \n\n\n\nTyylijajeina ovat beat, ns. suora 8-osa rock, sek\u00e4 latinalaisamerikkalainen bossanova\/hidas samba. Esimerkkien pohjana toimii 12 tahdin rakenne ja sointukiertona F -duurin I, IV ja V aseteet, eli F, Bb ja C. \n\n\n\nVideo\n\n\n\n\n\n\n\n\n\n\n\n\n\n\n\n\n\nKatso my\u00f6s:<\/span><span style=\"margin-left:3px; max-height:2.8em\" class=\"line_limit\"> [...]<\/span><\/span><span class=\"custom_fields\">\n<!-- WPLP Unknown field: Custom_Fields -->\n<\/span><\/div><\/div><\/div><\/div><div class=\"swiper-slide\" style=\"\"><div class=\"insideframe\"><div id=\"wplp_box_top_302_187\" class=\"wpcu-front-box top equalHeightImg\" ><div class=\"wplp-box-item\"><a href=\"https:\/\/popjazz.fi\/PJKits\/oppimateriaali-basso\/oppimateriaali\/r\/rytmipyramidi\/\"  class=\"thumbnail\"><span class=\"img_cropper\" style=\"width:150px;height:150px;margin-right:4px;margin-bottom:4px;max-width:100%;\"><img decoding=\"async\" src=\"https:\/\/popjazz.fi\/PJKits\/oppimateriaali-basso\/wp-content\/uploads\/sites\/19\/2020\/05\/bs_ic_material_product_icon_192pxxxhdpi-150x150.png\" style=\"position: absolute;top: 50%;margin-top: -75px;aspect-ratio:4\/3;\" srcset=\"\" alt=\"Rytmipyramidi\" class=\"wplp_thumb\" \/><\/span><\/a><a href=\"https:\/\/popjazz.fi\/PJKits\/oppimateriaali-basso\/oppimateriaali\/r\/rytmipyramidi\/\"  class=\"title\">Rytmipyramidi<\/a><\/div><\/div><div id=\"wplp_box_left_302_187\" class=\"wpcu-front-box left wpcu-custom-position\" ><div class=\"wplp-box-item\"><\/div><\/div><div id=\"wplp_box_right_302_187\" class=\"wpcu-front-box right wpcu-custom-position\" ><div class=\"wplp-box-item\"><\/div><\/div><div id=\"wplp_box_bottom_302_187\" class=\"wpcu-front-box bottom \" ><div class=\"wplp-box-item\"><span class=\"date\">20.4.2021<\/span><span class=\"text\"><span style=\"max-height:2.8em\" class=\"line_limit\">Rytmipyramidi on harjoitus jossa \u00e4\u00e4neten aika-arvoja tihennet\u00e4\u00e4n tempon pysyess\u00e4 samana. Videolla tehd\u00e4\u00e4n molempien k\u00e4sien rytmipyramidiharjoitus D luonnollisella mollilla.\n\n\n\nVideon harjoitus l\u00f6ytyy nuotinnettuna videon alapuolelta\n\n\n\nVideo\n\n\n\n\n\n\n\n\n\nRytmipyramidiharjoitus n\u00e4pp\u00e4\u00e4v\u00e4ll\u00e4 k\u00e4dell\u00e4\n\n\n\n\n\n\n\nRytmipyramidiharjoitus molemmilla k\u00e4sill\u00e4\n\n\n\n\n\n\n\nKatso my\u00f6s:<\/span><span style=\"margin-left:3px; max-height:2.8em\" class=\"line_limit\"> [...]<\/span><\/span><span class=\"custom_fields\">\n<!-- WPLP Unknown field: Custom_Fields -->\n<\/span><\/div><\/div><\/div><\/div><div class=\"swiper-slide\" style=\"\"><div class=\"insideframe\"><div id=\"wplp_box_top_302_194\" class=\"wpcu-front-box top equalHeightImg\" ><div class=\"wplp-box-item\"><a href=\"https:\/\/popjazz.fi\/PJKits\/oppimateriaali-basso\/oppimateriaali\/v-w\/vuorosormitus-ja-sen-poikkeukset-2-soundi\/\"  class=\"thumbnail\"><span class=\"img_cropper\" style=\"width:150px;height:150px;margin-right:4px;margin-bottom:4px;max-width:100%;\"><img decoding=\"async\" src=\"https:\/\/popjazz.fi\/PJKits\/oppimateriaali-basso\/wp-content\/uploads\/sites\/19\/2020\/05\/bs_ic_material_product_icon_192pxxxhdpi-150x150.png\" style=\"position: absolute;top: 50%;margin-top: -75px;aspect-ratio:4\/3;\" srcset=\"\" alt=\"Vuorosormitus ja sen poikkeukset 2: soundi\" class=\"wplp_thumb\" \/><\/span><\/a><a href=\"https:\/\/popjazz.fi\/PJKits\/oppimateriaali-basso\/oppimateriaali\/v-w\/vuorosormitus-ja-sen-poikkeukset-2-soundi\/\"  class=\"title\">Vuorosormitus ja sen poikkeukset 2: soundi<\/a><\/div><\/div><div id=\"wplp_box_left_302_194\" class=\"wpcu-front-box left wpcu-custom-position\" ><div class=\"wplp-box-item\"><\/div><\/div><div id=\"wplp_box_right_302_194\" class=\"wpcu-front-box right wpcu-custom-position\" ><div class=\"wplp-box-item\"><\/div><\/div><div id=\"wplp_box_bottom_302_194\" class=\"wpcu-front-box bottom \" ><div class=\"wplp-box-item\"><span class=\"date\">20.4.2021<\/span><span class=\"text\"><span style=\"max-height:2.8em\" class=\"line_limit\">Vuorosormitus on (n\u00e4pp\u00e4\u00e4v\u00e4n k\u00e4den etu- ja keskisormella) on yleisimpi\u00e4 tapoja n\u00e4p\u00e4t\u00e4 kieli soimaan. Sujuva vuorosormitus on my\u00f6s ergonomisesti hyv\u00e4 ja tehokas tapa soittaa. Joskus vuorosormitus ei v\u00e4ltt\u00e4m\u00e4tt\u00e4 ole kuitenkaan se paras tapa.\n\n\n\nVideolla k\u00e4yd\u00e4\u00e4n l\u00e4pi tilanne jossa haluttu soundi muodostuu paremmaksi yhdell\u00e4 sormella soittaessa. \n\n\n\nMit\u00e4\u00e4n t\u00e4ydellist\u00e4 &#8221;oikeaa ja v\u00e4\u00e4r\u00e4\u00e4&#8221; ei ole, vaan sormitusvaihtoehtoihin vaikuttavat aina mm. kappaleen nopeus. Videolla oleva esimerkki on vain suuntaa antava vaihtoehto jota voi kokeilla yhten\u00e4 soundin tuottamisvaihtoehtona. Jokaisen soittajan yksil\u00f6lliset taipumukset ja kappaleen asettamat vaatimukset muodostavat kokonaisuuden joiden mukaan soittaja tekee tilanteeseen sopivat valinnat itsen\u00e4isesti.\n\n\n\n\n\n\n\n\n\nSormitusesimerkki\n\n\n\n\n\n\n\nKatso my\u00f6s:<\/span><span style=\"margin-left:3px; max-height:2.8em\" class=\"line_limit\"> [...]<\/span><\/span><span class=\"custom_fields\">\n<!-- WPLP Unknown field: Custom_Fields -->\n<\/span><\/div><\/div><\/div><\/div><\/div><div class=\"swiper-button-next\"><\/div><div class=\"swiper-button-prev\"><\/div><div class=\"swiper-pagination\"><\/div><\/div><\/div>\n","protected":false},"excerpt":{"rendered":"<p>Oktaavi on yksi tunnistettavimmista ja samalla yksi raskaimmista intervalleista soittaa. Esimerkiksi &#8221;70ish diskon&#8221; tunnusomaisimmista soundeista oli oktaavi\u00e4\u00e4nill\u00e4 soitettu kahdeksasosa bassolinja. Videolla k\u00e4yd\u00e4\u00e4n l\u00e4pi oktaavisoittoon liittyvi\u00e4 huomioita otek\u00e4den asennoista, sek\u00e4 tehd\u00e4\u00e4n oktaavisoittoharjoitus G -duuri asteikolla ja rytmipyramidilla. Video Videoesimerkin pohjana k\u00e4ytett\u00e4v\u00e4 G -duuriasteikko nuotein Katso my\u00f6s:<\/p>\n","protected":false},"author":1,"featured_media":134,"parent":41,"menu_order":0,"comment_status":"closed","ping_status":"closed","template":"","meta":{"footnotes":""},"tags":[],"class_list":["post-185","page","type-page","status-publish","has-post-thumbnail","hentry"],"_links":{"self":[{"href":"https:\/\/popjazz.fi\/PJKits\/oppimateriaali-basso\/wp-json\/wp\/v2\/pages\/185","targetHints":{"allow":["GET"]}}],"collection":[{"href":"https:\/\/popjazz.fi\/PJKits\/oppimateriaali-basso\/wp-json\/wp\/v2\/pages"}],"about":[{"href":"https:\/\/popjazz.fi\/PJKits\/oppimateriaali-basso\/wp-json\/wp\/v2\/types\/page"}],"author":[{"embeddable":true,"href":"https:\/\/popjazz.fi\/PJKits\/oppimateriaali-basso\/wp-json\/wp\/v2\/users\/1"}],"replies":[{"embeddable":true,"href":"https:\/\/popjazz.fi\/PJKits\/oppimateriaali-basso\/wp-json\/wp\/v2\/comments?post=185"}],"version-history":[{"count":4,"href":"https:\/\/popjazz.fi\/PJKits\/oppimateriaali-basso\/wp-json\/wp\/v2\/pages\/185\/revisions"}],"predecessor-version":[{"id":359,"href":"https:\/\/popjazz.fi\/PJKits\/oppimateriaali-basso\/wp-json\/wp\/v2\/pages\/185\/revisions\/359"}],"up":[{"embeddable":true,"href":"https:\/\/popjazz.fi\/PJKits\/oppimateriaali-basso\/wp-json\/wp\/v2\/pages\/41"}],"wp:featuredmedia":[{"embeddable":true,"href":"https:\/\/popjazz.fi\/PJKits\/oppimateriaali-basso\/wp-json\/wp\/v2\/media\/134"}],"wp:attachment":[{"href":"https:\/\/popjazz.fi\/PJKits\/oppimateriaali-basso\/wp-json\/wp\/v2\/media?parent=185"}],"wp:term":[{"taxonomy":"post_tag","embeddable":true,"href":"https:\/\/popjazz.fi\/PJKits\/oppimateriaali-basso\/wp-json\/wp\/v2\/tags?post=185"}],"curies":[{"name":"wp","href":"https:\/\/api.w.org\/{rel}","templated":true}]}}