{"id":194,"date":"2021-04-20T17:46:00","date_gmt":"2021-04-20T14:46:00","guid":{"rendered":"https:\/\/popjazz.fi\/PJKits\/oppimateriaali-basso\/?page_id=194"},"modified":"2021-04-28T10:34:44","modified_gmt":"2021-04-28T07:34:44","slug":"vuorosormitus-ja-sen-poikkeukset-2-soundi","status":"publish","type":"page","link":"https:\/\/popjazz.fi\/PJKits\/oppimateriaali-basso\/oppimateriaali\/v-w\/vuorosormitus-ja-sen-poikkeukset-2-soundi\/","title":{"rendered":"Vuorosormitus ja sen poikkeukset 2: soundi"},"content":{"rendered":"\n<p>Vuorosormitus on (n\u00e4pp\u00e4\u00e4v\u00e4n k\u00e4den etu- ja keskisormella) on yleisimpi\u00e4 tapoja n\u00e4p\u00e4t\u00e4 kieli soimaan. Sujuva vuorosormitus on my\u00f6s ergonomisesti hyv\u00e4 ja tehokas tapa soittaa. Joskus vuorosormitus ei v\u00e4ltt\u00e4m\u00e4tt\u00e4 ole kuitenkaan se paras tapa.<\/p>\n\n\n\n<p>Videolla k\u00e4yd\u00e4\u00e4n l\u00e4pi tilanne jossa haluttu soundi muodostuu paremmaksi yhdell\u00e4 sormella soittaessa. <\/p>\n\n\n\n<p><strong>Mit\u00e4\u00e4n t\u00e4ydellist\u00e4 &#8221;oikeaa ja v\u00e4\u00e4r\u00e4\u00e4&#8221; ei ole, vaan sormitusvaihtoehtoihin vaikuttavat aina mm. kappaleen nopeus.<\/strong> Videolla oleva esimerkki on vain suuntaa antava vaihtoehto jota voi kokeilla yhten\u00e4 soundin tuottamisvaihtoehtona. Jokaisen soittajan yksil\u00f6lliset taipumukset ja kappaleen asettamat vaatimukset muodostavat kokonaisuuden joiden mukaan soittaja tekee tilanteeseen sopivat valinnat itsen\u00e4isesti.<\/p>\n\n\n\n<figure class=\"wp-block-embed-vimeo wp-block-embed is-type-video is-provider-vimeo wp-embed-aspect-16-9 wp-has-aspect-ratio\"><div class=\"wp-block-embed__wrapper\">\n<iframe loading=\"lazy\" src=\"https:\/\/player.vimeo.com\/video\/529367139?dnt=1&amp;app_id=122963\" width=\"840\" height=\"473\" frameborder=\"0\" allow=\"autoplay; fullscreen; picture-in-picture\" allowfullscreen><\/iframe>\n<\/div><\/figure>\n\n\n\n<p><strong>Sormitusesimerkki<\/strong><\/p>\n\n\n\n<figure class=\"wp-block-image size-large\"><img loading=\"lazy\" decoding=\"async\" width=\"1024\" height=\"596\" src=\"https:\/\/popjazz.fi\/PJKits\/oppimateriaali-basso\/wp-content\/uploads\/sites\/19\/2021\/04\/vuosormituspoikkeus-soundi-1024x596.png\" alt=\"\" class=\"wp-image-385\" srcset=\"https:\/\/popjazz.fi\/PJKits\/oppimateriaali-basso\/wp-content\/uploads\/sites\/19\/2021\/04\/vuosormituspoikkeus-soundi-1024x596.png 1024w, https:\/\/popjazz.fi\/PJKits\/oppimateriaali-basso\/wp-content\/uploads\/sites\/19\/2021\/04\/vuosormituspoikkeus-soundi-300x175.png 300w, https:\/\/popjazz.fi\/PJKits\/oppimateriaali-basso\/wp-content\/uploads\/sites\/19\/2021\/04\/vuosormituspoikkeus-soundi-768x447.png 768w, https:\/\/popjazz.fi\/PJKits\/oppimateriaali-basso\/wp-content\/uploads\/sites\/19\/2021\/04\/vuosormituspoikkeus-soundi-1536x894.png 1536w, https:\/\/popjazz.fi\/PJKits\/oppimateriaali-basso\/wp-content\/uploads\/sites\/19\/2021\/04\/vuosormituspoikkeus-soundi-2048x1192.png 2048w, https:\/\/popjazz.fi\/PJKits\/oppimateriaali-basso\/wp-content\/uploads\/sites\/19\/2021\/04\/vuosormituspoikkeus-soundi-1200x699.png 1200w\" sizes=\"auto, (max-width: 709px) 85vw, (max-width: 909px) 67vw, (max-width: 1362px) 62vw, 840px\" \/><\/figure>\n\n\n\n<p class=\"has-medium-font-size\">Katso my\u00f6s: <\/p>\n\n\n<style><\/style><div class=\"wplp_outside wplp_widget_330\" style=\"max-width:100%;\"><span class=\"wpcu_block_title\">Vuorosormitus ja sen poikkeukset 2: soundi OT<\/span><div id=\"wplp_widget_330\" class=\"wplp_widget_default wplp_container vertical swiper wplp-swiper default cols3\" data-theme=\"default\" data-post=\"330\" style=\"\" data-max-elts=\"4\" data-per-page=\"10\"><div class=\"wplp_listposts swiper-wrapper\" id=\"default_330\" style=\"width: 100%;\" ><div class=\"swiper-slide\" style=\"\"><div class=\"insideframe\"><div id=\"wplp_box_top_330_282\" class=\"wpcu-front-box top equalHeightImg\" ><div class=\"wplp-box-item\"><a href=\"https:\/\/popjazz.fi\/PJKits\/basso\/basso-oppimistavoitevideot\/instrumentin-hallinta\/oikean-ja-vasemman-kaden-koordinaatio\/\"  class=\"thumbnail\"><span class=\"img_cropper\" style=\"width:150px;height:150px;margin-right:4px;margin-bottom:4px;max-width:100%;\"><img decoding=\"async\" src=\"https:\/\/popjazz.fi\/PJKits\/oppimateriaali-basso\/wp-content\/uploads\/sites\/4\/2020\/02\/bs_ic_material_product_icon_192pxxxhdpi-150x150.png\" style=\"position: absolute;top: 50%;margin-top: -75px;aspect-ratio:4\/3;\" srcset=\"\" alt=\"Oikean ja vasemman k\u00e4den koordinaatio\" class=\"wplp_thumb\" \/><\/span><\/a><a href=\"https:\/\/popjazz.fi\/PJKits\/basso\/basso-oppimistavoitevideot\/instrumentin-hallinta\/oikean-ja-vasemman-kaden-koordinaatio\/\"  class=\"title\">Oikean ja vasemman k\u00e4den koordinaatio<\/a><\/div><\/div><div id=\"wplp_box_left_330_282\" class=\"wpcu-front-box left wpcu-custom-position\" ><div class=\"wplp-box-item\"><\/div><\/div><div id=\"wplp_box_right_330_282\" class=\"wpcu-front-box right wpcu-custom-position\" ><div class=\"wplp-box-item\"><\/div><\/div><div id=\"wplp_box_bottom_330_282\" class=\"wpcu-front-box bottom \" ><div class=\"wplp-box-item\"><span class=\"date\">5.10.2019<\/span><span class=\"text\"><span style=\"max-height:2.8em\" class=\"line_limit\">Koordinaatio tarkoittaa sujuvaa ja tarkoituksenmukaista yhteistoimintaa. Bassonsoitossa t\u00e4m\u00e4 tarkoittaa vasemman ja oikean k\u00e4den yhteisty\u00f6t\u00e4.\n\n\n\nVideo\n\n\n\n\n\n\n\n\n\n\n\n\n\nKatso my\u00f6s:<\/span><span style=\"margin-left:3px; max-height:2.8em\" class=\"line_limit\"> [...]<\/span><\/span><span class=\"custom_fields\">\n<!-- WPLP Unknown field: Custom_Fields -->\n<\/span><\/div><\/div><\/div><\/div><div class=\"swiper-slide\" style=\"\"><div class=\"insideframe\"><div id=\"wplp_box_top_330_274\" class=\"wpcu-front-box top equalHeightImg\" ><div class=\"wplp-box-item\"><a href=\"https:\/\/popjazz.fi\/PJKits\/basso\/basso-oppimistavoitevideot\/instrumentin-hallinta\/eri-aanenvarien-tuottaminen-nappaavalla-kadella-esim-otelaudan-paalta-tallan-vieresta\/\"  class=\"thumbnail\"><span class=\"img_cropper\" style=\"width:150px;height:150px;margin-right:4px;margin-bottom:4px;max-width:100%;\"><img decoding=\"async\" src=\"https:\/\/popjazz.fi\/PJKits\/oppimateriaali-basso\/wp-content\/uploads\/sites\/4\/2020\/02\/bs_ic_material_product_icon_192pxxxhdpi-150x150.png\" style=\"position: absolute;top: 50%;margin-top: -75px;aspect-ratio:4\/3;\" srcset=\"\" alt=\"Eri \u00e4\u00e4nenv\u00e4rien tuottaminen n\u00e4pp\u00e4\u00e4v\u00e4ll\u00e4 k\u00e4dell\u00e4 (esim. otelaudan p\u00e4\u00e4lt\u00e4\/tallan vierest\u00e4)\" class=\"wplp_thumb\" \/><\/span><\/a><a href=\"https:\/\/popjazz.fi\/PJKits\/basso\/basso-oppimistavoitevideot\/instrumentin-hallinta\/eri-aanenvarien-tuottaminen-nappaavalla-kadella-esim-otelaudan-paalta-tallan-vieresta\/\"  class=\"title\">Eri \u00e4\u00e4nenv\u00e4rien tuottaminen n\u00e4pp\u00e4\u00e4v\u00e4ll\u00e4 k\u00e4dell\u00e4 (esim. otelaudan p\u00e4\u00e4lt\u00e4\/tallan vierest\u00e4)<\/a><\/div><\/div><div id=\"wplp_box_left_330_274\" class=\"wpcu-front-box left wpcu-custom-position\" ><div class=\"wplp-box-item\"><\/div><\/div><div id=\"wplp_box_right_330_274\" class=\"wpcu-front-box right wpcu-custom-position\" ><div class=\"wplp-box-item\"><\/div><\/div><div id=\"wplp_box_bottom_330_274\" class=\"wpcu-front-box bottom \" ><div class=\"wplp-box-item\"><span class=\"date\">5.10.2019<\/span><span class=\"text\"><span style=\"max-height:2.8em\" class=\"line_limit\">N\u00e4pp\u00e4ilyk\u00e4den kosketuksella kieleen on suuri merkitys basson \u00e4\u00e4nenv\u00e4rille, eli soundille. T\u00e4rkeimpi\u00e4 \u00e4\u00e4nenv\u00e4rin muodamisen tapoja ovat n\u00e4pp\u00e4\u00e4v\u00e4n sormen kohta kielell\u00e4, kosketuksen voimakkuus ja sormen kulma kieleen\n\n\n\nN\u00e4pp\u00e4\u00e4v\u00e4n sormen kohta kielell\u00e4 l\u00e4hem\u00e4p\u00e4n\u00e4 kaulaa\/tallaa\n\n\n\nL\u00e4hemp\u00e4n\u00e4 kaulaa kielen j\u00e4nnite on pehme\u00e4mpi. \u00c4\u00e4nen sointi muuttuu pehme\u00e4mm\u00e4ksi ja py\u00f6re\u00e4mm\u00e4ksi mit\u00e4 l\u00e4hemp\u00e4n\u00e4 kaulaa kielen n\u00e4pp\u00e4\u00e4minen tapahtuu. Vastaavasti \u00e4\u00e4nen ter\u00e4vyytt\u00e4 ja soinnin niin sanottua &#8221;atakkia&#8221; saa lis\u00e4\u00e4 n\u00e4pp\u00e4\u00e4m\u00e4ll\u00e4 kielt\u00e4 l\u00e4hemp\u00e4n\u00e4 tallaa, jossa kielen j\u00e4nnite on my\u00f6s kire\u00e4mpi. \n\n\n\nKosketuksen voimakkuus\n\n\n\nMit\u00e4 voimakkaampi n\u00e4pp\u00e4yksen voimakkuus kieleen on, sit\u00e4 kovempaa ja agressiivisemmi kieli soi. Soundin lis\u00e4ksi kosketuksen voimakkuus vaikuttaa siis my\u00f6s soinnin tehoon. Liian voimakas n\u00e4pp\u00e4ys saattaa jopa rikkoa soinnin ja \u00e4\u00e4ni muistuttaa slap &#8211; tekniikalla tuotettua \u00e4\u00e4nt\u00e4. T\u00e4m\u00e4kin toimii tehokeinona monessa tyylilajissa, mutta sen tarkoituksenmukainen k\u00e4ytt\u00f6 vaatii hyv\u00e4\u00e4 soittimen hallintaa. \n\n\n\nSormen kulma kieleen\n\n\n\nMit\u00e4 isommalta alalta sormen pinta kosketaa kieleen, sit\u00e4 paksumpi ja t\u00e4ytel\u00e4isempi soundi on. Vastaavasti soittamalla vain sormen k\u00e4rjell\u00e4 saadaa tarkempi ja ohuempi \u00e4\u00e4nikuva. \n\n\n\nVideo\n\n\n\n\n\n\n\n\n\n\n\n\n\nKatso my\u00f6s:<\/span><span style=\"margin-left:3px; max-height:2.8em\" class=\"line_limit\"> [...]<\/span><\/span><span class=\"custom_fields\">\n<!-- WPLP Unknown field: Custom_Fields -->\n<\/span><\/div><\/div><\/div><\/div><div class=\"swiper-slide\" style=\"\"><div class=\"insideframe\"><div id=\"wplp_box_top_330_265\" class=\"wpcu-front-box top equalHeightImg\" ><div class=\"wplp-box-item\"><a href=\"https:\/\/popjazz.fi\/PJKits\/basso\/basso-oppimistavoitevideot\/instrumentin-hallinta\/kielelta-toiselle-siirtyminen\/\"  class=\"thumbnail\"><span class=\"img_cropper\" style=\"width:150px;height:150px;margin-right:4px;margin-bottom:4px;max-width:100%;\"><img decoding=\"async\" src=\"https:\/\/popjazz.fi\/PJKits\/oppimateriaali-basso\/wp-content\/uploads\/sites\/4\/2020\/02\/bs_ic_material_product_icon_192pxxxhdpi-150x150.png\" style=\"position: absolute;top: 50%;margin-top: -75px;aspect-ratio:4\/3;\" srcset=\"\" alt=\"Kielelt\u00e4 toiselle siirtyminen\" class=\"wplp_thumb\" \/><\/span><\/a><a href=\"https:\/\/popjazz.fi\/PJKits\/basso\/basso-oppimistavoitevideot\/instrumentin-hallinta\/kielelta-toiselle-siirtyminen\/\"  class=\"title\">Kielelt\u00e4 toiselle siirtyminen<\/a><\/div><\/div><div id=\"wplp_box_left_330_265\" class=\"wpcu-front-box left wpcu-custom-position\" ><div class=\"wplp-box-item\"><\/div><\/div><div id=\"wplp_box_right_330_265\" class=\"wpcu-front-box right wpcu-custom-position\" ><div class=\"wplp-box-item\"><\/div><\/div><div id=\"wplp_box_bottom_330_265\" class=\"wpcu-front-box bottom \" ><div class=\"wplp-box-item\"><span class=\"date\">5.10.2019<\/span><span class=\"text\"><span style=\"max-height:2.8em\" class=\"line_limit\">N\u00e4pp\u00e4\u00e4v\u00e4n k\u00e4den vuorosormitekniikalla soitettaessa kielelt\u00e4 toiselle siirtyminen vaatii hyv\u00e4\u00e4 molempien k\u00e4sien yhteisty\u00f6t\u00e4, eli koordinaatiota. N\u00e4pp\u00e4\u00e4v\u00e4n k\u00e4den asento tulisi s\u00e4ilytt\u00e4\u00e4 niin, ett\u00e4 sormen kosketus kieleen s\u00e4ilyisi mahdollisimman samana ja hallittuna riippumatta mit\u00e4 kielt\u00e4 n\u00e4pp\u00e4\u00e4 ja tarvittaessa koko k\u00e4sivarren liikkua mukana. K\u00e4den liikkeess\u00e4 tulee kuitekin s\u00e4ilytt\u00e4\u00e4 kontrolli basson bodyyn esim. tukemalla peukaloa koko ajan toisen mikrofonin p\u00e4\u00e4lle\n\n\n\nYksi hyv\u00e4 tapa harjoitella koordinaatiota ja kielelt\u00e4 toiselle siirtymist\u00e4 on tehd\u00e4 &#8221;vuorosormi -k\u00e4velyharjoituksia&#8221; kielelt\u00e4 toiselle. Harjoittelu on hyv\u00e4 tehd\u00e4 esim. metronomin avulla.\n\n\n\nVideo\n\n\n\n\n\n\n\n\n\n\n\n\n\nKatso my\u00f6s:<\/span><span style=\"margin-left:3px; max-height:2.8em\" class=\"line_limit\"> [...]<\/span><\/span><span class=\"custom_fields\">\n<!-- WPLP Unknown field: Custom_Fields -->\n<\/span><\/div><\/div><\/div><\/div><div class=\"swiper-slide\" style=\"\"><div class=\"insideframe\"><div id=\"wplp_box_top_330_41\" class=\"wpcu-front-box top equalHeightImg\" ><div class=\"wplp-box-item\"><a href=\"https:\/\/popjazz.fi\/PJKits\/basso\/basso-oppimistavoitevideot\/instrumentin-hallinta\/nappaavan-kaden-vuorosormitekniikka\/\"  class=\"thumbnail\"><span class=\"img_cropper\" style=\"width:150px;height:150px;margin-right:4px;margin-bottom:4px;max-width:100%;\"><img decoding=\"async\" src=\"https:\/\/popjazz.fi\/PJKits\/oppimateriaali-basso\/wp-content\/uploads\/sites\/4\/2020\/02\/bs_ic_material_product_icon_192pxxxhdpi-150x150.png\" style=\"position: absolute;top: 50%;margin-top: -75px;aspect-ratio:4\/3;\" srcset=\"\" alt=\"N\u00e4pp\u00e4\u00e4v\u00e4n k\u00e4den vuorosormitekniikka\" class=\"wplp_thumb\" \/><\/span><\/a><a href=\"https:\/\/popjazz.fi\/PJKits\/basso\/basso-oppimistavoitevideot\/instrumentin-hallinta\/nappaavan-kaden-vuorosormitekniikka\/\"  class=\"title\">N\u00e4pp\u00e4\u00e4v\u00e4n k\u00e4den vuorosormitekniikka<\/a><\/div><\/div><div id=\"wplp_box_left_330_41\" class=\"wpcu-front-box left wpcu-custom-position\" ><div class=\"wplp-box-item\"><\/div><\/div><div id=\"wplp_box_right_330_41\" class=\"wpcu-front-box right wpcu-custom-position\" ><div class=\"wplp-box-item\"><\/div><\/div><div id=\"wplp_box_bottom_330_41\" class=\"wpcu-front-box bottom \" ><div class=\"wplp-box-item\"><span class=\"date\">22.9.2019<\/span><span class=\"text\"><span style=\"max-height:2.8em\" class=\"line_limit\">Perinteisin tapa soittaa s\u00e4hk\u00f6bassoa on k\u00e4ytt\u00e4\u00e4 kielen n\u00e4pp\u00e4\u00e4miseen etu- ja keskisormea, peukalon ollessa samaan aikaan tuettuna mikrofonin tai erillisen peukalotuen p\u00e4\u00e4lle.\n\n\n\nNs. vuorosormitekniikka tarkoittaa sit\u00e4, ett\u00e4 etu- ja keskisormi n\u00e4pp\u00e4\u00e4v\u00e4t kielt\u00e4 vuorotellen.\n\n\n\nVideo \n\n\n\n\n\n\n\n\n\n\n\n\n\nKatso my\u00f6s:<\/span><span style=\"margin-left:3px; max-height:2.8em\" class=\"line_limit\"> [...]<\/span><\/span><span class=\"custom_fields\">\n<!-- WPLP Unknown field: Custom_Fields -->\n<\/span><\/div><\/div><\/div><\/div><\/div><div class=\"swiper-button-next\"><\/div><div class=\"swiper-button-prev\"><\/div><div class=\"swiper-pagination\"><\/div><\/div><\/div>\n\n\n<style><\/style><div class=\"wplp_outside wplp_widget_331\" style=\"max-width:100%;\"><span class=\"wpcu_block_title\">Vuorosormitus ja sen poikkeukset 2: soundi OM<\/span><div id=\"wplp_widget_331\" class=\"wplp_widget_default wplp_container vertical swiper wplp-swiper default cols3\" data-theme=\"default\" data-post=\"331\" style=\"\" data-max-elts=\"4\" data-per-page=\"10\"><div class=\"wplp_listposts swiper-wrapper\" id=\"default_331\" style=\"width: 100%;\" ><div class=\"swiper-slide\" style=\"\"><div class=\"insideframe\"><div id=\"wplp_box_top_331_179\" class=\"wpcu-front-box top equalHeightImg\" ><div class=\"wplp-box-item\"><a href=\"https:\/\/popjazz.fi\/PJKits\/oppimateriaali-basso\/oppimateriaali\/k\/kappaleen-sisainen-dynamiikka-ja-osien-taitteet\/\"  class=\"thumbnail\"><span class=\"img_cropper\" style=\"width:150px;height:150px;margin-right:4px;margin-bottom:4px;max-width:100%;\"><img decoding=\"async\" src=\"https:\/\/popjazz.fi\/PJKits\/oppimateriaali-basso\/wp-content\/uploads\/sites\/19\/2020\/05\/bs_ic_material_product_icon_192pxxxhdpi-150x150.png\" style=\"position: absolute;top: 50%;margin-top: -75px;aspect-ratio:4\/3;\" srcset=\"\" alt=\"Kappaleen sis\u00e4inen dynamiikka ja osien v\u00e4liset taitteet\" class=\"wplp_thumb\" \/><\/span><\/a><a href=\"https:\/\/popjazz.fi\/PJKits\/oppimateriaali-basso\/oppimateriaali\/k\/kappaleen-sisainen-dynamiikka-ja-osien-taitteet\/\"  class=\"title\">Kappaleen sis\u00e4inen dynamiikka ja osien v\u00e4liset taitteet<\/a><\/div><\/div><div id=\"wplp_box_left_331_179\" class=\"wpcu-front-box left wpcu-custom-position\" ><div class=\"wplp-box-item\"><\/div><\/div><div id=\"wplp_box_right_331_179\" class=\"wpcu-front-box right wpcu-custom-position\" ><div class=\"wplp-box-item\"><\/div><\/div><div id=\"wplp_box_bottom_331_179\" class=\"wpcu-front-box bottom \" ><div class=\"wplp-box-item\"><span class=\"date\">20.4.2021<\/span><span class=\"text\"><span style=\"max-height:2.8em\" class=\"line_limit\">Videolla k\u00e4yd\u00e4\u00e4n l\u00e4pi \u00e4\u00e4nen pituuksien ja \u00e4\u00e4nenkuljetuksen merkityst\u00e4 kappaleen dynamiikkaan ja eri osien v\u00e4lisiin taitteisiin. \n\n\n\nVideo\n\n\n\n\n\n\n\n\n\nVideon esimerkki nuotein\n\n\n\n\n\n\n\nKatso my\u00f6s:<\/span><span style=\"margin-left:3px; max-height:2.8em\" class=\"line_limit\"> [...]<\/span><\/span><span class=\"custom_fields\">\n<!-- WPLP Unknown field: Custom_Fields -->\n<\/span><\/div><\/div><\/div><\/div><div class=\"swiper-slide\" style=\"\"><div class=\"insideframe\"><div id=\"wplp_box_top_331_183\" class=\"wpcu-front-box top equalHeightImg\" ><div class=\"wplp-box-item\"><a href=\"https:\/\/popjazz.fi\/PJKits\/oppimateriaali-basso\/oppimateriaali\/g\/groove-svengi-eteen-taakse-iskulle-keskelle-soitto\/\"  class=\"thumbnail\"><span class=\"img_cropper\" style=\"width:150px;height:150px;margin-right:4px;margin-bottom:4px;max-width:100%;\"><img decoding=\"async\" src=\"https:\/\/popjazz.fi\/PJKits\/oppimateriaali-basso\/wp-content\/uploads\/sites\/19\/2020\/05\/bs_ic_material_product_icon_192pxxxhdpi-150x150.png\" style=\"position: absolute;top: 50%;margin-top: -75px;aspect-ratio:4\/3;\" srcset=\"\" alt=\"Groove\/svengi osa 3: eteen, taakse, iskulle (keskelle) -soitto\" class=\"wplp_thumb\" \/><\/span><\/a><a href=\"https:\/\/popjazz.fi\/PJKits\/oppimateriaali-basso\/oppimateriaali\/g\/groove-svengi-eteen-taakse-iskulle-keskelle-soitto\/\"  class=\"title\">Groove\/svengi osa 3: eteen, taakse, iskulle (keskelle) -soitto<\/a><\/div><\/div><div id=\"wplp_box_left_331_183\" class=\"wpcu-front-box left wpcu-custom-position\" ><div class=\"wplp-box-item\"><\/div><\/div><div id=\"wplp_box_right_331_183\" class=\"wpcu-front-box right wpcu-custom-position\" ><div class=\"wplp-box-item\"><\/div><\/div><div id=\"wplp_box_bottom_331_183\" class=\"wpcu-front-box bottom \" ><div class=\"wplp-box-item\"><span class=\"date\">20.4.2021<\/span><span class=\"text\"><span style=\"max-height:2.8em\" class=\"line_limit\">Groove ja svengi ovat termej\u00e4, jotka puhekieless\u00e4 k\u00e4yt\u00e4nn\u00f6ss\u00e4 tarkoittavat samaa asiaa, varsinaisen merkityksen kuitenkin muuttuessa riippuen mm. soitettavasta tyylijaljista. Yleinen k\u00e4sitys groovesta\/svengist\u00e4 on &#8221;tunne vahvasta ja menev\u00e4st\u00e4 rytmist\u00e4&#8221;. Poikkeuksia t\u00e4ss\u00e4kin on, esim. eri metallimusiikin groovet saattavat olla tarkoituksellisesti raskaita ja &#8221;j\u00e4ykki\u00e4&#8221;, jolla alleviivataan musiikin muuta sis\u00e4lt\u00f6\u00e4. \n\n\n\nTyylinmukainen groove\/svengi vaatii aina my\u00f6s itse tyyliin tutustumista ja omaksumista. Monet tyylisidonnaiset goovek\u00e4sitykset omaksuukin vasta pitk\u00e4llisen soittokokemuksen kautta.\n\n\n\nEteen\/taakse\/iskulle\n\n\n\nPainottamalla kappaleen soittorymiikka iskun &#8221;eri reunoihin&#8221; saadaan aikaan erilaisia tunnelmia. Kyseiset valinnat ja tunnelmat ovat yleens\u00e4 koko b\u00e4ndin aikaan saamia, mutta ilmi\u00f6in\u00e4 ne ovat jokaisen soittajan itsen\u00e4isesti luomia. \n\n\n\nVideolla tutustutaan n\u00e4ihin painotuksiin kolmen eri tyylin kautta: hidas blues, soul-funk ja &#8221;synabasso&#8221;. \n\n\n\nVideo\n\n\n\n\n\n\n\n\n\nVideon esimerkit nuotein\n\n\n\n\n\n\n\nKatso my\u00f6s:<\/span><span style=\"margin-left:3px; max-height:2.8em\" class=\"line_limit\"> [...]<\/span><\/span><span class=\"custom_fields\">\n<!-- WPLP Unknown field: Custom_Fields -->\n<\/span><\/div><\/div><\/div><\/div><div class=\"swiper-slide\" style=\"\"><div class=\"insideframe\"><div id=\"wplp_box_top_331_190\" class=\"wpcu-front-box top equalHeightImg\" ><div class=\"wplp-box-item\"><a href=\"https:\/\/popjazz.fi\/PJKits\/oppimateriaali-basso\/oppimateriaali\/s\/soundi\/\"  class=\"thumbnail\"><span class=\"img_cropper\" style=\"width:150px;height:150px;margin-right:4px;margin-bottom:4px;max-width:100%;\"><img decoding=\"async\" src=\"https:\/\/popjazz.fi\/PJKits\/oppimateriaali-basso\/wp-content\/uploads\/sites\/19\/2020\/05\/bs_ic_material_product_icon_192pxxxhdpi-150x150.png\" style=\"position: absolute;top: 50%;margin-top: -75px;aspect-ratio:4\/3;\" srcset=\"\" alt=\"Soundi\" class=\"wplp_thumb\" \/><\/span><\/a><a href=\"https:\/\/popjazz.fi\/PJKits\/oppimateriaali-basso\/oppimateriaali\/s\/soundi\/\"  class=\"title\">Soundi<\/a><\/div><\/div><div id=\"wplp_box_left_331_190\" class=\"wpcu-front-box left wpcu-custom-position\" ><div class=\"wplp-box-item\"><\/div><\/div><div id=\"wplp_box_right_331_190\" class=\"wpcu-front-box right wpcu-custom-position\" ><div class=\"wplp-box-item\"><\/div><\/div><div id=\"wplp_box_bottom_331_190\" class=\"wpcu-front-box bottom \" ><div class=\"wplp-box-item\"><span class=\"date\">20.4.2021<\/span><span class=\"text\"><span style=\"max-height:2.8em\" class=\"line_limit\">Mik\u00e4 on hyv\u00e4 soundi ja miten sellainen tehd\u00e4\u00e4n? Onko olemassa yht\u00e4 hyv\u00e4\u00e4 soundia vai puhutaanko vain makuasioista. \n\n\n\nVideolla tarkastellaan hyv\u00e4n soundin salaisuuksia ja tekniikoita sen ymp\u00e4rill\u00e4.\n\n\n\n\n\n\n\n\n\nKatso my\u00f6s:<\/span><span style=\"margin-left:3px; max-height:2.8em\" class=\"line_limit\"> [...]<\/span><\/span><span class=\"custom_fields\">\n<!-- WPLP Unknown field: Custom_Fields -->\n<\/span><\/div><\/div><\/div><\/div><div class=\"swiper-slide\" style=\"\"><div class=\"insideframe\"><div id=\"wplp_box_top_331_192\" class=\"wpcu-front-box top equalHeightImg\" ><div class=\"wplp-box-item\"><a href=\"https:\/\/popjazz.fi\/PJKits\/oppimateriaali-basso\/oppimateriaali\/v-w\/vuorosormitus-ja-sen-poikkeukset-1-aanenkuljetus-ohuelta-kielelta-paksummalle\/\"  class=\"thumbnail\"><span class=\"img_cropper\" style=\"width:150px;height:150px;margin-right:4px;margin-bottom:4px;max-width:100%;\"><img decoding=\"async\" src=\"https:\/\/popjazz.fi\/PJKits\/oppimateriaali-basso\/wp-content\/uploads\/sites\/19\/2020\/05\/bs_ic_material_product_icon_192pxxxhdpi-150x150.png\" style=\"position: absolute;top: 50%;margin-top: -75px;aspect-ratio:4\/3;\" srcset=\"\" alt=\"Vuorosormitus ja sen poikkeukset 1: \u00e4\u00e4nenkuljetus ohuelta kielelt\u00e4 paksummalle\" class=\"wplp_thumb\" \/><\/span><\/a><a href=\"https:\/\/popjazz.fi\/PJKits\/oppimateriaali-basso\/oppimateriaali\/v-w\/vuorosormitus-ja-sen-poikkeukset-1-aanenkuljetus-ohuelta-kielelta-paksummalle\/\"  class=\"title\">Vuorosormitus ja sen poikkeukset 1: \u00e4\u00e4nenkuljetus ohuelta kielelt\u00e4 paksummalle<\/a><\/div><\/div><div id=\"wplp_box_left_331_192\" class=\"wpcu-front-box left wpcu-custom-position\" ><div class=\"wplp-box-item\"><\/div><\/div><div id=\"wplp_box_right_331_192\" class=\"wpcu-front-box right wpcu-custom-position\" ><div class=\"wplp-box-item\"><\/div><\/div><div id=\"wplp_box_bottom_331_192\" class=\"wpcu-front-box bottom \" ><div class=\"wplp-box-item\"><span class=\"date\">20.4.2021<\/span><span class=\"text\"><span style=\"max-height:2.8em\" class=\"line_limit\">Vuorosormitus on (n\u00e4pp\u00e4\u00e4v\u00e4n k\u00e4den etu- ja keskisormella) on yleisimpi\u00e4 tapoja n\u00e4p\u00e4t\u00e4 kieli soimaan. Sujuva vuorosormitus on my\u00f6s ergonomisesti hyv\u00e4  ja tehokas tapa soittaa. Joskus vuorosormitus ei v\u00e4ltt\u00e4m\u00e4tt\u00e4 ole kuitenkaan se paras tapa.\n\n\n\nVideolla k\u00e4yd\u00e4\u00e4n l\u00e4pi tilannen jossa \u00e4\u00e4nenkuljetus ohuemmalta kielelt\u00e4 paksummalle samalla kielt\u00e4 n\u00e4pp\u00e4\u00e4v\u00e4ll\u00e4 sormella saattaa joskus olla parempi vaihtoehto kuin j\u00e4rjestelm\u00e4llinen vuorosomitus.\n\n\n\nMit\u00e4\u00e4n t\u00e4ydellist\u00e4 &#8221;oikeaa ja v\u00e4\u00e4r\u00e4\u00e4&#8221; ei ole, vaan sormitusvaihtoehtoihin vaikuttavat aina mm. kappaleen nopeus ja haluttu soundi. Videolla olevat esimerkit ovat vain suuntaa antavia vaihtoehtoja joita voi pohdiskella, mik\u00e4li kyseisen kaltaisissa tapauksissa kohtaa teknisi\u00e4 haasteita omassa soitossaan. My\u00f6s videolla olevat sormitukset vaihtelevat kappaleen tempon mukaan ja videon alla oleva n\u00e4pp\u00e4\u00e4v\u00e4n k\u00e4den sormitusesimerkki on vain yksi vaihtoehto. Jokaisen soittajan yksil\u00f6lliset taipumukset ja kappaleen asettamat vaatimukset muodostavat kokonaisuuden joiden mukaan soittaja tekee tilanteeseen sopivat valinnat itsen\u00e4isesti.\n\n\n\n\n\n\n\n\n\nSormitusesimerkki\n\n\n\n\n\n\n\nKatso my\u00f6s:<\/span><span style=\"margin-left:3px; max-height:2.8em\" class=\"line_limit\"> [...]<\/span><\/span><span class=\"custom_fields\">\n<!-- WPLP Unknown field: Custom_Fields -->\n<\/span><\/div><\/div><\/div><\/div><\/div><div class=\"swiper-button-next\"><\/div><div class=\"swiper-button-prev\"><\/div><div class=\"swiper-pagination\"><\/div><\/div><\/div>\n","protected":false},"excerpt":{"rendered":"<p>Vuorosormitus on (n\u00e4pp\u00e4\u00e4v\u00e4n k\u00e4den etu- ja keskisormella) on yleisimpi\u00e4 tapoja n\u00e4p\u00e4t\u00e4 kieli soimaan. Sujuva vuorosormitus on my\u00f6s ergonomisesti hyv\u00e4 ja tehokas tapa soittaa. Joskus vuorosormitus ei v\u00e4ltt\u00e4m\u00e4tt\u00e4 ole kuitenkaan se paras tapa. Videolla k\u00e4yd\u00e4\u00e4n l\u00e4pi tilanne jossa haluttu soundi muodostuu paremmaksi yhdell\u00e4 sormella soittaessa. Mit\u00e4\u00e4n t\u00e4ydellist\u00e4 &#8221;oikeaa ja v\u00e4\u00e4r\u00e4\u00e4&#8221; ei ole, vaan sormitusvaihtoehtoihin vaikuttavat aina &hellip; <a href=\"https:\/\/popjazz.fi\/PJKits\/oppimateriaali-basso\/oppimateriaali\/v-w\/vuorosormitus-ja-sen-poikkeukset-1-aanenkuljetus-ohuelta-kielelta-paksummalle\/\" class=\"more-link\">Jatka lukemista<span class=\"screen-reader-text\"> &#8221;Vuorosormitus ja sen poikkeukset 1: \u00e4\u00e4nenkuljetus ohuelta kielelt\u00e4 paksummalle&#8221;<\/span><\/a><\/p>\n","protected":false},"author":1,"featured_media":134,"parent":55,"menu_order":0,"comment_status":"closed","ping_status":"closed","template":"","meta":{"footnotes":""},"tags":[],"class_list":["post-194","page","type-page","status-publish","has-post-thumbnail","hentry"],"_links":{"self":[{"href":"https:\/\/popjazz.fi\/PJKits\/oppimateriaali-basso\/wp-json\/wp\/v2\/pages\/194","targetHints":{"allow":["GET"]}}],"collection":[{"href":"https:\/\/popjazz.fi\/PJKits\/oppimateriaali-basso\/wp-json\/wp\/v2\/pages"}],"about":[{"href":"https:\/\/popjazz.fi\/PJKits\/oppimateriaali-basso\/wp-json\/wp\/v2\/types\/page"}],"author":[{"embeddable":true,"href":"https:\/\/popjazz.fi\/PJKits\/oppimateriaali-basso\/wp-json\/wp\/v2\/users\/1"}],"replies":[{"embeddable":true,"href":"https:\/\/popjazz.fi\/PJKits\/oppimateriaali-basso\/wp-json\/wp\/v2\/comments?post=194"}],"version-history":[{"count":4,"href":"https:\/\/popjazz.fi\/PJKits\/oppimateriaali-basso\/wp-json\/wp\/v2\/pages\/194\/revisions"}],"predecessor-version":[{"id":387,"href":"https:\/\/popjazz.fi\/PJKits\/oppimateriaali-basso\/wp-json\/wp\/v2\/pages\/194\/revisions\/387"}],"up":[{"embeddable":true,"href":"https:\/\/popjazz.fi\/PJKits\/oppimateriaali-basso\/wp-json\/wp\/v2\/pages\/55"}],"wp:featuredmedia":[{"embeddable":true,"href":"https:\/\/popjazz.fi\/PJKits\/oppimateriaali-basso\/wp-json\/wp\/v2\/media\/134"}],"wp:attachment":[{"href":"https:\/\/popjazz.fi\/PJKits\/oppimateriaali-basso\/wp-json\/wp\/v2\/media?parent=194"}],"wp:term":[{"taxonomy":"post_tag","embeddable":true,"href":"https:\/\/popjazz.fi\/PJKits\/oppimateriaali-basso\/wp-json\/wp\/v2\/tags?post=194"}],"curies":[{"name":"wp","href":"https:\/\/api.w.org\/{rel}","templated":true}]}}