{"id":400,"date":"2021-09-21T11:46:32","date_gmt":"2021-09-21T08:46:32","guid":{"rendered":"https:\/\/popjazz.fi\/PJKits\/oppimateriaali-basso\/?page_id=400"},"modified":"2021-09-21T13:04:57","modified_gmt":"2021-09-21T10:04:57","slug":"four-beat-ja-walking-bass-linjojen-luominen","status":"publish","type":"page","link":"https:\/\/popjazz.fi\/PJKits\/oppimateriaali-basso\/oppimateriaali\/f\/four-beat-ja-walking-bass-linjojen-luominen\/","title":{"rendered":"Four beat ja walking bass linjojen luominen"},"content":{"rendered":"\n<p>T\u00e4ll\u00e4 Tiittasen Sampon oppitunnilla tarkastellaan pintaa syvemm\u00e4lt\u00e4 fourbeat- ja walking bass -bassolinjojen muodostamista, sek\u00e4 ratkaisuja jotka niiss\u00e4 parhaiten toimivat. Fourbeat ja walking bass ovat tyypillisi\u00e4 komppaustyylej\u00e4 useissa eri musiikkityyleiss\u00e4, kuten esimerkiksi blues ja rhythm&#8217;n&#8217;blues, rock&#8217;n&#8217;roll, swing, ja useat muut jazzvaikutteiset tyylisuunnat.<\/p>\n\n\n\n<h4 class=\"wp-block-heading\">Video<\/h4>\n\n\n\n<figure class=\"wp-block-embed-vimeo wp-block-embed is-type-video is-provider-vimeo wp-embed-aspect-16-9 wp-has-aspect-ratio\"><div class=\"wp-block-embed__wrapper\">\n<iframe loading=\"lazy\" src=\"https:\/\/player.vimeo.com\/video\/610535577?h=b7b6ce1c05&amp;dnt=1&amp;app_id=122963\" width=\"840\" height=\"473\" frameborder=\"0\" allow=\"autoplay; fullscreen; picture-in-picture\" allowfullscreen><\/iframe>\n<\/div><\/figure>\n\n\n\n<h4 class=\"wp-block-heading\">Oheismateriaali<\/h4>\n\n\n\n<figure class=\"wp-block-image size-large is-resized\"><a href=\"https:\/\/d3ndu8sytyik0x.cloudfront.net\/lsn\/lsn_bs\/sampo%20t%20LSN%20walking%20bass%20fourbeat%20-%20bass.pdf\" target=\"_blank\" rel=\"noopener noreferrer\"><img loading=\"lazy\" decoding=\"async\" src=\"https:\/\/popjazz.fi\/PJKits\/oppimateriaali-basso\/wp-content\/uploads\/sites\/19\/2021\/09\/pdficon2.png\" alt=\"\" class=\"wp-image-413\" width=\"114\" height=\"157\" srcset=\"https:\/\/popjazz.fi\/PJKits\/oppimateriaali-basso\/wp-content\/uploads\/sites\/19\/2021\/09\/pdficon2.png 456w, https:\/\/popjazz.fi\/PJKits\/oppimateriaali-basso\/wp-content\/uploads\/sites\/19\/2021\/09\/pdficon2-218x300.png 218w\" sizes=\"auto, (max-width: 114px) 85vw, 114px\" \/><\/a><figcaption>Nuotti-PDF: <a href=\"https:\/\/d3ndu8sytyik0x.cloudfront.net\/lsn\/lsn_bs\/sampo%20t%20LSN%20walking%20bass%20fourbeat%20-%20bass.pdf\" target=\"_blank\" rel=\"noreferrer noopener\">Fourbeat ja walking bass -bassolinjojen luominen<\/a><\/figcaption><\/figure>\n\n\n\n<h4 class=\"wp-block-heading\">Katso my\u00f6s:<\/h4>\n\n\n<style><\/style><div class=\"wplp_outside wplp_widget_402\" style=\"max-width:100%;\"><span class=\"wpcu_block_title\">fourbeat ja walking OT<\/span><div id=\"wplp_widget_402\" class=\"wplp_widget_default wplp_container vertical swiper wplp-swiper default cols3\" data-theme=\"default\" data-post=\"402\" style=\"\" data-max-elts=\"4\" data-per-page=\"10\"><div class=\"wplp_listposts swiper-wrapper\" id=\"default_402\" style=\"width: 100%;\" ><div class=\"swiper-slide\" style=\"\"><div class=\"insideframe\"><div id=\"wplp_box_top_402_336\" class=\"wpcu-front-box top equalHeightImg\" ><div class=\"wplp-box-item\"><a href=\"https:\/\/popjazz.fi\/PJKits\/basso\/basso-oppimistavoitevideot\/harmonia\/nelisoinnut-erillisina-videoina-eri-sointutyypit\/\"  class=\"thumbnail\"><span class=\"img_cropper\" style=\"width:150px;height:150px;margin-right:4px;margin-bottom:4px;max-width:100%;\"><img decoding=\"async\" src=\"https:\/\/popjazz.fi\/PJKits\/oppimateriaali-basso\/wp-content\/uploads\/sites\/4\/2020\/02\/bs_ic_material_product_icon_192pxxxhdpi-150x150.png\" style=\"position: absolute;top: 50%;margin-top: -75px;aspect-ratio:4\/3;\" srcset=\"\" alt=\"Nelisoinnut\" class=\"wplp_thumb\" \/><\/span><\/a><a href=\"https:\/\/popjazz.fi\/PJKits\/basso\/basso-oppimistavoitevideot\/harmonia\/nelisoinnut-erillisina-videoina-eri-sointutyypit\/\"  class=\"title\">Nelisoinnut<\/a><\/div><\/div><div id=\"wplp_box_left_402_336\" class=\"wpcu-front-box left wpcu-custom-position\" ><div class=\"wplp-box-item\"><\/div><\/div><div id=\"wplp_box_right_402_336\" class=\"wpcu-front-box right wpcu-custom-position\" ><div class=\"wplp-box-item\"><\/div><\/div><div id=\"wplp_box_bottom_402_336\" class=\"wpcu-front-box bottom \" ><div class=\"wplp-box-item\"><span class=\"date\">5.10.2019<\/span><span class=\"text\"><span style=\"max-height:2.8em\" class=\"line_limit\">Nelisointu muodostetaan lis\u00e4\u00e4m\u00e4ll\u00e4 kolmisointuun viel\u00e4 yksi s\u00e4vel, eli septimi. N\u00e4in ollen nelisoinnussa soivat peruss\u00e4vel, terssi, kvintti ja septimi, tai joissakin tapauksissa seksti.\n\n\n\n\n\n\n\nPerusmuodossa olevassa nelisoinnussa \n\n\n\nperus\u00e4\u00e4ni, eli 1, muodostaa pohjas\u00e4velen soinnulle. 3, eli terssi m\u00e4\u00e4rittelee soinnun laadun duuriksi tai molliksi. 5 eli kvintti voi olla soinnussa ylinouseva, v\u00e4hennetty tai puhdas. Soinnun 7, eli septimi, voi olla pieni, eli dominantti 7 tai suuri, eli maj7.\n\n\n\n N\u00e4iden lis\u00e4ksi sointu voi olla pid\u00e4tetty, jolloin terssi korvataan kvartilla, eli asteikon nelj\u00e4nnell\u00e4 s\u00e4velell\u00e4. \n\n\n\nMy\u00f6s perusduuri- ja perusmollisoinnussa voi maj 7 sijasta k\u00e4ytt\u00e4\u00e4 6, eli seksti\u00e4, jolloin sointua kutsutaan duuri tai mollikuutoseksi. \n\n\n\nPoikkeuksena v\u00e4hennetyss\u00e4, eli dimisoinnussa, 7, eli septimi on v\u00e4hennetty.\n\n\n\nAlla olevalla videolla k\u00e4yd\u00e4\u00e4n l\u00e4pi kaikki nelisointumuodot C pohjasoinnun ymp\u00e4rill\u00e4. Videon alla on my\u00f6s soittoesimerkit nuotein\n\n\n\nVideo\n\n\n\n\n\n\n\n\n\nKaikki nelisoinnut perusmuodossaan \n\n\n\n\n\n\n\n\n\n\n\nKatso my\u00f6s:<\/span><span style=\"margin-left:3px; max-height:2.8em\" class=\"line_limit\"> [...]<\/span><\/span><span class=\"custom_fields\">\n<!-- WPLP Unknown field: Custom_Fields -->\n<\/span><\/div><\/div><\/div><\/div><div class=\"swiper-slide\" style=\"\"><div class=\"insideframe\"><div id=\"wplp_box_top_402_339\" class=\"wpcu-front-box top equalHeightImg\" ><div class=\"wplp-box-item\"><a href=\"https:\/\/popjazz.fi\/PJKits\/basso\/basso-oppimistavoitevideot\/harmonia\/sointukaannokset\/\"  class=\"thumbnail\"><span class=\"img_cropper\" style=\"width:150px;height:150px;margin-right:4px;margin-bottom:4px;max-width:100%;\"><img decoding=\"async\" src=\"https:\/\/popjazz.fi\/PJKits\/oppimateriaali-basso\/wp-content\/uploads\/sites\/4\/2020\/02\/bs_ic_material_product_icon_192pxxxhdpi-150x150.png\" style=\"position: absolute;top: 50%;margin-top: -75px;aspect-ratio:4\/3;\" srcset=\"\" alt=\"Sointuk\u00e4\u00e4nn\u00f6kset\" class=\"wplp_thumb\" \/><\/span><\/a><a href=\"https:\/\/popjazz.fi\/PJKits\/basso\/basso-oppimistavoitevideot\/harmonia\/sointukaannokset\/\"  class=\"title\">Sointuk\u00e4\u00e4nn\u00f6kset<\/a><\/div><\/div><div id=\"wplp_box_left_402_339\" class=\"wpcu-front-box left wpcu-custom-position\" ><div class=\"wplp-box-item\"><\/div><\/div><div id=\"wplp_box_right_402_339\" class=\"wpcu-front-box right wpcu-custom-position\" ><div class=\"wplp-box-item\"><\/div><\/div><div id=\"wplp_box_bottom_402_339\" class=\"wpcu-front-box bottom \" ><div class=\"wplp-box-item\"><span class=\"date\">5.10.2019<\/span><span class=\"text\"><span style=\"max-height:2.8em\" class=\"line_limit\">Kaikki sointuarpeggiot voidaan soittaa my\u00f6s k\u00e4\u00e4nn\u00f6ksineen, eli aloittaa arpeggio soinnun peruss\u00e4velen sijaan sen terssista, kvintist\u00e4 tai septimist\u00e4.\n\n\n\nEsimerkiksi C duuri arpeggion sointus\u00e4velet \n\n\n\nperusmuodossa C, E, G, BTerssik\u00e4\u00e4nn\u00f6ksess\u00e4 pohjas\u00e4veleksi vaihtuu soinnun terssi, eli E, G, B, CKvinttik\u00e4\u00e4nn\u00f6ksess\u00e4 pohjas\u00e4veleksi vaihtuu soinnun kvintti, eli G, B, C, ESeptimik\u00e4\u00e4nn\u00f6ksess\u00e4 pohjas\u00e4veleksi vaihtuu soinnun septimi, eli B, C, E, G\n\n\n\n\n\n\n\nVideo\n\n\n\n\n\n\n\n\n\n\n\n\n\nKatso my\u00f6s:<\/span><span style=\"margin-left:3px; max-height:2.8em\" class=\"line_limit\"> [...]<\/span><\/span><span class=\"custom_fields\">\n<!-- WPLP Unknown field: Custom_Fields -->\n<\/span><\/div><\/div><\/div><\/div><div class=\"swiper-slide\" style=\"\"><div class=\"insideframe\"><div id=\"wplp_box_top_402_399\" class=\"wpcu-front-box top equalHeightImg\" ><div class=\"wplp-box-item\"><a href=\"https:\/\/popjazz.fi\/PJKits\/basso\/basso-oppimistavoitevideot\/melodia-ja-improvisointi\/walking-bass-tekniikka\/\"  class=\"thumbnail\"><span class=\"img_cropper\" style=\"width:150px;height:150px;margin-right:4px;margin-bottom:4px;max-width:100%;\"><img decoding=\"async\" src=\"https:\/\/popjazz.fi\/PJKits\/oppimateriaali-basso\/wp-content\/uploads\/sites\/4\/2020\/02\/bs_ic_material_product_icon_192pxxxhdpi-150x150.png\" style=\"position: absolute;top: 50%;margin-top: -75px;aspect-ratio:4\/3;\" srcset=\"\" alt=\"Walking bass -tekniikka\" class=\"wplp_thumb\" \/><\/span><\/a><a href=\"https:\/\/popjazz.fi\/PJKits\/basso\/basso-oppimistavoitevideot\/melodia-ja-improvisointi\/walking-bass-tekniikka\/\"  class=\"title\">Walking bass -tekniikka<\/a><\/div><\/div><div id=\"wplp_box_left_402_399\" class=\"wpcu-front-box left wpcu-custom-position\" ><div class=\"wplp-box-item\"><\/div><\/div><div id=\"wplp_box_right_402_399\" class=\"wpcu-front-box right wpcu-custom-position\" ><div class=\"wplp-box-item\"><\/div><\/div><div id=\"wplp_box_bottom_402_399\" class=\"wpcu-front-box bottom \" ><div class=\"wplp-box-item\"><span class=\"date\">6.10.2019<\/span><span class=\"text\"><span style=\"max-height:2.8em\" class=\"line_limit\">Walking bass on erityisesti jazzissa swing ja bebop tyyleiss\u00e4 tyypillinen s\u00e4estystapa, mutta sen juuret l\u00f6ytyv\u00e4t my\u00f6s monesta muusta musiikkityylist\u00e4, esimerkiksi Rock\u00b4n\u00b4Roll ja blues musiikista. Se ilmaisee samaan aikaan sek\u00e4 rytmi\u00e4, ett\u00e4 harmoniaa luoden samalla s\u00e4est\u00e4v\u00e4\u00e4 melodiaa kappaleen p\u00e4\u00e4melodian rinnalle. Walking bass on yleens\u00e4 per\u00e4tt\u00e4isist\u00e4 nelj\u00e4sosista koostuva linja, joka s\u00e4velill\u00e4\u00e4n ilment\u00e4\u00e4 sointuja ja niiden vaihdoksia. Siksi sointujen, sek\u00e4 niiden laajennusten tunteminen onkin olennainen taito walking bass-linjoja soitettaessa.\n\n\n\nSointujen tuntemisen lis\u00e4ksi bassolinjan muodostamiseen vaikuttavat my\u00f6s kappaleen s\u00e4vellaji ja sointuihin liittyv\u00e4t asteikot, sek\u00e4 kromaattiset ja tonaaliset liikkeet sointus\u00e4veliin. Walking bass -soiton voidaankin sanoa olevan jo itsess\u00e4\u00e4n pitk\u00e4lle viety\u00e4improvisointia.\n\n\n\nVideo\n\n\n\n\n\n\n\n\n\nVideon walking bass -esimerkki:\n\n\n\n\n\n\n\n\n\n\n\nKatso my\u00f6s:<\/span><span style=\"margin-left:3px; max-height:2.8em\" class=\"line_limit\"> [...]<\/span><\/span><span class=\"custom_fields\">\n<!-- WPLP Unknown field: Custom_Fields -->\n<\/span><\/div><\/div><\/div><\/div><div class=\"swiper-slide\" style=\"\"><div class=\"insideframe\"><div id=\"wplp_box_top_402_1072\" class=\"wpcu-front-box top equalHeightImg\" ><div class=\"wplp-box-item\"><a href=\"https:\/\/popjazz.fi\/PJKits\/basso\/basso-oppimistavoitevideot\/melodia-ja-improvisointi\/two-four-beat-saestys\/\"  class=\"thumbnail\"><span class=\"img_cropper\" style=\"width:150px;height:150px;margin-right:4px;margin-bottom:4px;max-width:100%;\"><img decoding=\"async\" src=\"https:\/\/popjazz.fi\/PJKits\/oppimateriaali-basso\/wp-content\/uploads\/sites\/4\/2020\/02\/bs_ic_material_product_icon_192pxxxhdpi-150x150.png\" style=\"position: absolute;top: 50%;margin-top: -75px;aspect-ratio:4\/3;\" srcset=\"\" alt=\"Two\/four beat -s\u00e4estys\" class=\"wplp_thumb\" \/><\/span><\/a><a href=\"https:\/\/popjazz.fi\/PJKits\/basso\/basso-oppimistavoitevideot\/melodia-ja-improvisointi\/two-four-beat-saestys\/\"  class=\"title\">Two\/four beat -s\u00e4estys<\/a><\/div><\/div><div id=\"wplp_box_left_402_1072\" class=\"wpcu-front-box left wpcu-custom-position\" ><div class=\"wplp-box-item\"><\/div><\/div><div id=\"wplp_box_right_402_1072\" class=\"wpcu-front-box right wpcu-custom-position\" ><div class=\"wplp-box-item\"><\/div><\/div><div id=\"wplp_box_bottom_402_1072\" class=\"wpcu-front-box bottom \" ><div class=\"wplp-box-item\"><span class=\"date\">21.1.2020<\/span><span class=\"text\"><span style=\"max-height:2.8em\" class=\"line_limit\">Two beat, eli kahteen ja four beat, eli nelj\u00e4\u00e4n ovat erityisesti jazz musiikissa tyypillisi\u00e4 s\u00e4estysrytmej\u00e4. Molemmissa s\u00e4estysrytmeiss\u00e4 s\u00e4velet perustuvat sointus\u00e4veliin, sek\u00e4 niiden l\u00e4himpiin asteikoihin. \n\n\n\nS\u00e4estysrymien ja harmonian lis\u00e4ksi  improvisoinnissa noudatetaan yleens\u00e4 my\u00f6s kappaleen muotorakennetta. T\u00e4st\u00e4 poikkeuksena esimerkiksi free-jazz, jossa saatetaan jopa tarkoituksellisesti rikkoa muotorakennetta.  \n\n\n\nVideo\n\n\n\n\n\n\n\n\n\nKatso my\u00f6s:<\/span><span style=\"margin-left:3px; max-height:2.8em\" class=\"line_limit\"> [...]<\/span><\/span><span class=\"custom_fields\">\n<!-- WPLP Unknown field: Custom_Fields -->\n<\/span><\/div><\/div><\/div><\/div><\/div><div class=\"swiper-button-next\"><\/div><div class=\"swiper-button-prev\"><\/div><div class=\"swiper-pagination\"><\/div><\/div><\/div>\n\n\n<style><\/style><div class=\"wplp_outside wplp_widget_404\" style=\"max-width:100%;\"><span class=\"wpcu_block_title\">fourbeat ja walking OM<\/span><div id=\"wplp_widget_404\" class=\"wplp_widget_default wplp_container vertical swiper wplp-swiper default cols3\" data-theme=\"default\" data-post=\"404\" style=\"\" data-max-elts=\"3\" data-per-page=\"10\"><div class=\"wplp_listposts swiper-wrapper\" id=\"default_404\" style=\"width: 100%;\" ><div class=\"swiper-slide\" style=\"\"><div class=\"insideframe\"><div id=\"wplp_box_top_404_167\" class=\"wpcu-front-box top equalHeightImg\" ><div class=\"wplp-box-item\"><a href=\"https:\/\/popjazz.fi\/PJKits\/oppimateriaali-basso\/oppimateriaali\/g\/groove-svengi-time-soitto-ja-aanten-pituus\/\"  class=\"thumbnail\"><span class=\"img_cropper\" style=\"width:150px;height:150px;margin-right:4px;margin-bottom:4px;max-width:100%;\"><img decoding=\"async\" src=\"https:\/\/popjazz.fi\/PJKits\/oppimateriaali-basso\/wp-content\/uploads\/sites\/19\/2020\/05\/bs_ic_material_product_icon_192pxxxhdpi-150x150.png\" style=\"position: absolute;top: 50%;margin-top: -75px;aspect-ratio:4\/3;\" srcset=\"https:\/\/popjazz.fi\/PJKits\/oppimateriaali-basso\/wp-content\/uploads\/sites\/19\/2020\/05\/bs_ic_material_product_icon_192pxxxhdpi-150x150.png 150w, https:\/\/popjazz.fi\/PJKits\/oppimateriaali-basso\/wp-content\/uploads\/sites\/19\/2020\/05\/bs_ic_material_product_icon_192pxxxhdpi-300x300.png 300w, https:\/\/popjazz.fi\/PJKits\/oppimateriaali-basso\/wp-content\/uploads\/sites\/19\/2020\/05\/bs_ic_material_product_icon_192pxxxhdpi.png 576w\" alt=\"Groove\/svengi osa 1: Time soitto ja \u00e4\u00e4nten pituus\" class=\"wplp_thumb\" \/><\/span><\/a><a href=\"https:\/\/popjazz.fi\/PJKits\/oppimateriaali-basso\/oppimateriaali\/g\/groove-svengi-time-soitto-ja-aanten-pituus\/\"  class=\"title\">Groove\/svengi osa 1: Time soitto ja \u00e4\u00e4nten pituus<\/a><\/div><\/div><div id=\"wplp_box_left_404_167\" class=\"wpcu-front-box left wpcu-custom-position\" ><div class=\"wplp-box-item\"><\/div><\/div><div id=\"wplp_box_right_404_167\" class=\"wpcu-front-box right wpcu-custom-position\" ><div class=\"wplp-box-item\"><\/div><\/div><div id=\"wplp_box_bottom_404_167\" class=\"wpcu-front-box bottom \" ><div class=\"wplp-box-item\"><span class=\"date\">20.4.2021<\/span><span class=\"text\"><span style=\"max-height:2.8em\" class=\"line_limit\">Groove ja svengi ovat termej\u00e4, jotka puhekieless\u00e4 k\u00e4yt\u00e4nn\u00f6ss\u00e4 tarkoittavat samaa asiaa, varsinaisen merkityksen kuitenkin muuttuessa riippuen mm. soitettavasta tyylijaljista. Yleinen k\u00e4sitys groovesta\/svengist\u00e4 on &#8221;tunne vahvasta ja menev\u00e4st\u00e4 rytmist\u00e4&#8221;. Poikkeuksia t\u00e4ss\u00e4kin on, esim. eri metallimusiikin groovet saattavat olla tarkoituksellisesti raskaita ja &#8221;j\u00e4ykki\u00e4&#8221;, jolla alleviivataan musiikin muuta sis\u00e4lt\u00f6\u00e4. \n\n\n\nTyylinmukainen groove\/svengi vaatii aina my\u00f6s itse tyyliin tutustumista ja omaksumista. Monet tyylisidonnaiset goovek\u00e4sitykset omaksuukin vasta pitk\u00e4llisen soittokokemuksen kautta.\n\n\n\nTime ja \u00e4\u00e4nten pituus\n\n\n\nVideolla esitell\u00e4\u00e4n k\u00e4sitteet Time ja \u00e4\u00e4nten pituus, joilla bassolla voidaan vaikuttaa kappaleen grooven &#8221;tunteeseen&#8221;. Time kertoo \u00e4\u00e4nen syttymispisteest\u00e4 ja \u00e4\u00e4nen pituus kuinka pitk\u00e4\u00e4n \u00e4\u00e4nen annetaan soida.\n\n\n\nVideo\n\n\n\n\n\n\n\n\n\nVideoesimerkill\u00e4 k\u00e4ytetyn harjoituksen \u00e4\u00e4net nuotein\n\n\n\n\n\n\n\n\n\n\n\nKatso my\u00f6s:<\/span><span style=\"margin-left:3px; max-height:2.8em\" class=\"line_limit\"> [...]<\/span><\/span><span class=\"custom_fields\">\n<!-- WPLP Unknown field: Custom_Fields -->\n<\/span><\/div><\/div><\/div><\/div><div class=\"swiper-slide\" style=\"\"><div class=\"insideframe\"><div id=\"wplp_box_top_404_175\" class=\"wpcu-front-box top equalHeightImg\" ><div class=\"wplp-box-item\"><a href=\"https:\/\/popjazz.fi\/PJKits\/oppimateriaali-basso\/oppimateriaali\/t\/tyylinmukaisten-bassolinjojen-luominen-fourbeat-ja-walking-bass\/\"  class=\"thumbnail\"><span class=\"img_cropper\" style=\"width:150px;height:150px;margin-right:4px;margin-bottom:4px;max-width:100%;\"><img decoding=\"async\" src=\"https:\/\/popjazz.fi\/PJKits\/oppimateriaali-basso\/wp-content\/uploads\/sites\/19\/2020\/05\/bs_ic_material_product_icon_192pxxxhdpi-150x150.png\" style=\"position: absolute;top: 50%;margin-top: -75px;aspect-ratio:4\/3;\" srcset=\"https:\/\/popjazz.fi\/PJKits\/oppimateriaali-basso\/wp-content\/uploads\/sites\/19\/2020\/05\/bs_ic_material_product_icon_192pxxxhdpi-150x150.png 150w, https:\/\/popjazz.fi\/PJKits\/oppimateriaali-basso\/wp-content\/uploads\/sites\/19\/2020\/05\/bs_ic_material_product_icon_192pxxxhdpi-300x300.png 300w, https:\/\/popjazz.fi\/PJKits\/oppimateriaali-basso\/wp-content\/uploads\/sites\/19\/2020\/05\/bs_ic_material_product_icon_192pxxxhdpi.png 576w\" alt=\"Tyylinmukaisten bassolinjojen luominen osa 2: Fourbeat ja Walking bass\" class=\"wplp_thumb\" \/><\/span><\/a><a href=\"https:\/\/popjazz.fi\/PJKits\/oppimateriaali-basso\/oppimateriaali\/t\/tyylinmukaisten-bassolinjojen-luominen-fourbeat-ja-walking-bass\/\"  class=\"title\">Tyylinmukaisten bassolinjojen luominen osa 2: Fourbeat ja Walking bass<\/a><\/div><\/div><div id=\"wplp_box_left_404_175\" class=\"wpcu-front-box left wpcu-custom-position\" ><div class=\"wplp-box-item\"><\/div><\/div><div id=\"wplp_box_right_404_175\" class=\"wpcu-front-box right wpcu-custom-position\" ><div class=\"wplp-box-item\"><\/div><\/div><div id=\"wplp_box_bottom_404_175\" class=\"wpcu-front-box bottom \" ><div class=\"wplp-box-item\"><span class=\"date\">20.4.2021<\/span><span class=\"text\"><span style=\"max-height:2.8em\" class=\"line_limit\">Fourbeat ja walking bass\n\n\n\nToisella videolla tutustaan pidemm\u00e4lle meneviin \u00e4\u00e4nenkuljetuksiin fourbeat (esim. suffle, blues, old time rock\u00b4n\u00b4n roll) ja walking bass (esim. jazz) tyylien kautta. \n\n\n\nEsimerkkien pohjana toimii ensimm\u00e4isen videon tavoin 12 tahdin rakenne ja sointukiertona G -duurin I, IV ja V aseteet, eli G, C ja D.\n\n\n\nVideo\n\n\n\n\n\n\n\n\n\nVideoesimerkiss\u00e4 k\u00e4ytetty sointukierto\n\n\n\n\n\n\n\n\n\n\n\nKatso my\u00f6s:<\/span><span style=\"margin-left:3px; max-height:2.8em\" class=\"line_limit\"> [...]<\/span><\/span><span class=\"custom_fields\">\n<!-- WPLP Unknown field: Custom_Fields -->\n<\/span><\/div><\/div><\/div><\/div><div class=\"swiper-slide\" style=\"\"><div class=\"insideframe\"><div id=\"wplp_box_top_404_194\" class=\"wpcu-front-box top equalHeightImg\" ><div class=\"wplp-box-item\"><a href=\"https:\/\/popjazz.fi\/PJKits\/oppimateriaali-basso\/oppimateriaali\/v-w\/vuorosormitus-ja-sen-poikkeukset-2-soundi\/\"  class=\"thumbnail\"><span class=\"img_cropper\" style=\"width:150px;height:150px;margin-right:4px;margin-bottom:4px;max-width:100%;\"><img decoding=\"async\" src=\"https:\/\/popjazz.fi\/PJKits\/oppimateriaali-basso\/wp-content\/uploads\/sites\/19\/2020\/05\/bs_ic_material_product_icon_192pxxxhdpi-150x150.png\" style=\"position: absolute;top: 50%;margin-top: -75px;aspect-ratio:4\/3;\" srcset=\"https:\/\/popjazz.fi\/PJKits\/oppimateriaali-basso\/wp-content\/uploads\/sites\/19\/2020\/05\/bs_ic_material_product_icon_192pxxxhdpi-150x150.png 150w, https:\/\/popjazz.fi\/PJKits\/oppimateriaali-basso\/wp-content\/uploads\/sites\/19\/2020\/05\/bs_ic_material_product_icon_192pxxxhdpi-300x300.png 300w, https:\/\/popjazz.fi\/PJKits\/oppimateriaali-basso\/wp-content\/uploads\/sites\/19\/2020\/05\/bs_ic_material_product_icon_192pxxxhdpi.png 576w\" alt=\"Vuorosormitus ja sen poikkeukset 2: soundi\" class=\"wplp_thumb\" \/><\/span><\/a><a href=\"https:\/\/popjazz.fi\/PJKits\/oppimateriaali-basso\/oppimateriaali\/v-w\/vuorosormitus-ja-sen-poikkeukset-2-soundi\/\"  class=\"title\">Vuorosormitus ja sen poikkeukset 2: soundi<\/a><\/div><\/div><div id=\"wplp_box_left_404_194\" class=\"wpcu-front-box left wpcu-custom-position\" ><div class=\"wplp-box-item\"><\/div><\/div><div id=\"wplp_box_right_404_194\" class=\"wpcu-front-box right wpcu-custom-position\" ><div class=\"wplp-box-item\"><\/div><\/div><div id=\"wplp_box_bottom_404_194\" class=\"wpcu-front-box bottom \" ><div class=\"wplp-box-item\"><span class=\"date\">20.4.2021<\/span><span class=\"text\"><span style=\"max-height:2.8em\" class=\"line_limit\">Vuorosormitus on (n\u00e4pp\u00e4\u00e4v\u00e4n k\u00e4den etu- ja keskisormella) on yleisimpi\u00e4 tapoja n\u00e4p\u00e4t\u00e4 kieli soimaan. Sujuva vuorosormitus on my\u00f6s ergonomisesti hyv\u00e4 ja tehokas tapa soittaa. Joskus vuorosormitus ei v\u00e4ltt\u00e4m\u00e4tt\u00e4 ole kuitenkaan se paras tapa.\n\n\n\nVideolla k\u00e4yd\u00e4\u00e4n l\u00e4pi tilanne jossa haluttu soundi muodostuu paremmaksi yhdell\u00e4 sormella soittaessa. \n\n\n\nMit\u00e4\u00e4n t\u00e4ydellist\u00e4 &#8221;oikeaa ja v\u00e4\u00e4r\u00e4\u00e4&#8221; ei ole, vaan sormitusvaihtoehtoihin vaikuttavat aina mm. kappaleen nopeus. Videolla oleva esimerkki on vain suuntaa antava vaihtoehto jota voi kokeilla yhten\u00e4 soundin tuottamisvaihtoehtona. Jokaisen soittajan yksil\u00f6lliset taipumukset ja kappaleen asettamat vaatimukset muodostavat kokonaisuuden joiden mukaan soittaja tekee tilanteeseen sopivat valinnat itsen\u00e4isesti.\n\n\n\n\n\n\n\n\n\nSormitusesimerkki\n\n\n\n\n\n\n\nKatso my\u00f6s:<\/span><span style=\"margin-left:3px; max-height:2.8em\" class=\"line_limit\"> [...]<\/span><\/span><span class=\"custom_fields\">\n<!-- WPLP Unknown field: Custom_Fields -->\n<\/span><\/div><\/div><\/div><\/div><\/div><div class=\"swiper-button-next\"><\/div><div class=\"swiper-button-prev\"><\/div><div class=\"swiper-pagination\"><\/div><\/div><\/div>\n","protected":false},"excerpt":{"rendered":"<p>T\u00e4ll\u00e4 Tiittasen Sampon oppitunnilla tarkastellaan pintaa syvemm\u00e4lt\u00e4 fourbeat- ja walking bass -bassolinjojen muodostamista, sek\u00e4 ratkaisuja jotka niiss\u00e4 parhaiten toimivat. Fourbeat ja walking bass ovat tyypillisi\u00e4 komppaustyylej\u00e4 useissa eri musiikkityyleiss\u00e4, kuten esimerkiksi blues ja rhythm&#8217;n&#8217;blues, rock&#8217;n&#8217;roll, swing, ja useat muut jazzvaikutteiset tyylisuunnat. Video Oheismateriaali Katso my\u00f6s:<\/p>\n","protected":false},"author":1,"featured_media":134,"parent":23,"menu_order":0,"comment_status":"closed","ping_status":"closed","template":"","meta":{"footnotes":""},"tags":[],"class_list":["post-400","page","type-page","status-publish","has-post-thumbnail","hentry"],"_links":{"self":[{"href":"https:\/\/popjazz.fi\/PJKits\/oppimateriaali-basso\/wp-json\/wp\/v2\/pages\/400","targetHints":{"allow":["GET"]}}],"collection":[{"href":"https:\/\/popjazz.fi\/PJKits\/oppimateriaali-basso\/wp-json\/wp\/v2\/pages"}],"about":[{"href":"https:\/\/popjazz.fi\/PJKits\/oppimateriaali-basso\/wp-json\/wp\/v2\/types\/page"}],"author":[{"embeddable":true,"href":"https:\/\/popjazz.fi\/PJKits\/oppimateriaali-basso\/wp-json\/wp\/v2\/users\/1"}],"replies":[{"embeddable":true,"href":"https:\/\/popjazz.fi\/PJKits\/oppimateriaali-basso\/wp-json\/wp\/v2\/comments?post=400"}],"version-history":[{"count":9,"href":"https:\/\/popjazz.fi\/PJKits\/oppimateriaali-basso\/wp-json\/wp\/v2\/pages\/400\/revisions"}],"predecessor-version":[{"id":415,"href":"https:\/\/popjazz.fi\/PJKits\/oppimateriaali-basso\/wp-json\/wp\/v2\/pages\/400\/revisions\/415"}],"up":[{"embeddable":true,"href":"https:\/\/popjazz.fi\/PJKits\/oppimateriaali-basso\/wp-json\/wp\/v2\/pages\/23"}],"wp:featuredmedia":[{"embeddable":true,"href":"https:\/\/popjazz.fi\/PJKits\/oppimateriaali-basso\/wp-json\/wp\/v2\/media\/134"}],"wp:attachment":[{"href":"https:\/\/popjazz.fi\/PJKits\/oppimateriaali-basso\/wp-json\/wp\/v2\/media?parent=400"}],"wp:term":[{"taxonomy":"post_tag","embeddable":true,"href":"https:\/\/popjazz.fi\/PJKits\/oppimateriaali-basso\/wp-json\/wp\/v2\/tags?post=400"}],"curies":[{"name":"wp","href":"https:\/\/api.w.org\/{rel}","templated":true}]}}