{"id":418,"date":"2021-11-29T13:16:10","date_gmt":"2021-11-29T11:16:10","guid":{"rendered":"https:\/\/popjazz.fi\/PJKits\/oppimateriaali-basso\/?page_id=418"},"modified":"2021-11-29T13:16:11","modified_gmt":"2021-11-29T11:16:11","slug":"rytmin-hallinta-glissandoissa-ja-trilleissa","status":"publish","type":"page","link":"https:\/\/popjazz.fi\/PJKits\/oppimateriaali-basso\/oppimateriaali\/r\/rytmin-hallinta-glissandoissa-ja-trilleissa\/","title":{"rendered":"Rytmin hallinta glissandoissa ja trilleiss\u00e4"},"content":{"rendered":"\n<p>Rytmien hallinta glissandoissa ja trilleiss\u00e4 vaatii molempien k\u00e4sien hyv\u00e4 yhteisty\u00f6t\u00e4, eli koordinaatiota. <\/p>\n\n\n\n<h3 class=\"wp-block-heading\">Glissando ( liu\u00b4tus, slide)<\/h3>\n\n\n\n<p>tarkoittaa \u00e4\u00e4nen liukumista portaattomasti seuraavaan \u00e4\u00e4neen. Glissandossa sormea ei nosteta otelaudalta siirrytt\u00e4essa seuraavaan \u00e4\u00e4neen, vaan sama sormi painaa kielt\u00e4 otelautaa vasten koko siirtymisen ajan ja \u00e4\u00e4ni &#8221;liukuu&#8221; seuraavaan \u00e4\u00e4neen. <\/p>\n\n\n\n<h3 class=\"wp-block-heading\">Trilli<\/h3>\n\n\n\n<p>on musiikillinen koriste, joka tarkoittaa kahden vierekk\u00e4isen s\u00e4velen nopeaa vuorottelua.<\/p>\n\n\n\n<p><strong>Glissadoissa ja trilleiss\u00e4 k\u00e4ytett\u00e4v\u00e4 rymikka<\/strong> on suhteutettava soitettavan kappaleen tai harjoituksen rytmiikkaan. N\u00e4ihin ei ole olemassa yksiselitteist\u00e4 kaavaa vaan kokonaisuuden ratkaisee mm. soitettavan kappaleen yleiset tyylilliset seikat (estetiikka), sek\u00e4 soittajan omat tulkinnalliset mieltymykset. N\u00e4inp\u00e4 kulloinkin k\u00e4ytett\u00e4v\u00e4 rytmiikka saattaa vaihella soittajan mukaan ja olennaista n\u00e4iden harjoittelussa onkin niiden hallinta; soitat sen mit\u00e4 tarkoitat.<\/p>\n\n\n\n<h4 class=\"wp-block-heading\">Video<\/h4>\n\n\n\n<figure class=\"wp-block-embed-vimeo wp-block-embed is-type-video is-provider-vimeo wp-embed-aspect-16-9 wp-has-aspect-ratio\"><div class=\"wp-block-embed__wrapper\">\n<iframe loading=\"lazy\" src=\"https:\/\/player.vimeo.com\/video\/504776777?h=620d395f65&amp;dnt=1&amp;app_id=122963\" width=\"840\" height=\"473\" frameborder=\"0\" allow=\"autoplay; fullscreen; picture-in-picture\" allowfullscreen><\/iframe>\n<\/div><figcaption>Rytmin hallinta glissandoissa ja trilleiss\u00e4<\/figcaption><\/figure>\n\n\n\n<p>Soittoesimerkki nuotein<\/p>\n\n\n\n<figure class=\"wp-block-image size-large\"><img decoding=\"async\" src=\"https:\/\/popjazz.fi\/PJKits\/basso\/wp-content\/uploads\/sites\/4\/2021\/04\/rytminhallintagliss-trill-1024x335.png\" alt=\"\" class=\"wp-image-3271\"\/><\/figure>\n\n\n\n<hr class=\"wp-block-separator\"\/>\n\n\n\n<p class=\"has-medium-font-size\">Katso my\u00f6s:<\/p>\n\n\n\n<!-- WPFN: this News Widget is not initialized -->\n\n\n\n\n<!-- WPFN: this News Widget is not initialized -->\n\n","protected":false},"excerpt":{"rendered":"<p>Rytmien hallinta glissandoissa ja trilleiss\u00e4 vaatii molempien k\u00e4sien hyv\u00e4 yhteisty\u00f6t\u00e4, eli koordinaatiota. Glissando ( liu\u00b4tus, slide) tarkoittaa \u00e4\u00e4nen liukumista portaattomasti seuraavaan \u00e4\u00e4neen. Glissandossa sormea ei nosteta otelaudalta siirrytt\u00e4essa seuraavaan \u00e4\u00e4neen, vaan sama sormi painaa kielt\u00e4 otelautaa vasten koko siirtymisen ajan ja \u00e4\u00e4ni &#8221;liukuu&#8221; seuraavaan \u00e4\u00e4neen. Trilli on musiikillinen koriste, joka tarkoittaa kahden vierekk\u00e4isen s\u00e4velen nopeaa &hellip; <a href=\"https:\/\/popjazz.fi\/PJKits\/oppimateriaali-basso\/oppimateriaali\/r\/rytmin-hallinta-glissandoissa-ja-trilleissa\/\" class=\"more-link\">Jatka lukemista<span class=\"screen-reader-text\"> &#8221;Rytmin hallinta glissandoissa ja trilleiss\u00e4&#8221;<\/span><\/a><\/p>\n","protected":false},"author":1,"featured_media":0,"parent":47,"menu_order":0,"comment_status":"closed","ping_status":"closed","template":"","meta":{"footnotes":""},"tags":[],"class_list":["post-418","page","type-page","status-publish","hentry"],"_links":{"self":[{"href":"https:\/\/popjazz.fi\/PJKits\/oppimateriaali-basso\/wp-json\/wp\/v2\/pages\/418","targetHints":{"allow":["GET"]}}],"collection":[{"href":"https:\/\/popjazz.fi\/PJKits\/oppimateriaali-basso\/wp-json\/wp\/v2\/pages"}],"about":[{"href":"https:\/\/popjazz.fi\/PJKits\/oppimateriaali-basso\/wp-json\/wp\/v2\/types\/page"}],"author":[{"embeddable":true,"href":"https:\/\/popjazz.fi\/PJKits\/oppimateriaali-basso\/wp-json\/wp\/v2\/users\/1"}],"replies":[{"embeddable":true,"href":"https:\/\/popjazz.fi\/PJKits\/oppimateriaali-basso\/wp-json\/wp\/v2\/comments?post=418"}],"version-history":[{"count":1,"href":"https:\/\/popjazz.fi\/PJKits\/oppimateriaali-basso\/wp-json\/wp\/v2\/pages\/418\/revisions"}],"predecessor-version":[{"id":419,"href":"https:\/\/popjazz.fi\/PJKits\/oppimateriaali-basso\/wp-json\/wp\/v2\/pages\/418\/revisions\/419"}],"up":[{"embeddable":true,"href":"https:\/\/popjazz.fi\/PJKits\/oppimateriaali-basso\/wp-json\/wp\/v2\/pages\/47"}],"wp:attachment":[{"href":"https:\/\/popjazz.fi\/PJKits\/oppimateriaali-basso\/wp-json\/wp\/v2\/media?parent=418"}],"wp:term":[{"taxonomy":"post_tag","embeddable":true,"href":"https:\/\/popjazz.fi\/PJKits\/oppimateriaali-basso\/wp-json\/wp\/v2\/tags?post=418"}],"curies":[{"name":"wp","href":"https:\/\/api.w.org\/{rel}","templated":true}]}}