{"id":421,"date":"2021-11-29T13:32:03","date_gmt":"2021-11-29T11:32:03","guid":{"rendered":"https:\/\/popjazz.fi\/PJKits\/oppimateriaali-basso\/?page_id=421"},"modified":"2021-11-29T13:32:04","modified_gmt":"2021-11-29T11:32:04","slug":"artikulointi-legato-staccato-portato","status":"publish","type":"page","link":"https:\/\/popjazz.fi\/PJKits\/oppimateriaali-basso\/oppimateriaali\/a\/artikulointi-legato-staccato-portato\/","title":{"rendered":"Artikulointi (legato\/staccato\/portato)"},"content":{"rendered":"\n<p>Artikulaatio tarkoittaa tapaa ilmaista s\u00e4velten pituutta. S\u00e4velet voidaan<br>niiden kirjoitetuista aika-arvoista huolimatta soittaa lyhyin\u00e4 (staccato), pitkin\u00e4 (portato) tai sidottuina yhteen (legato). <\/p>\n\n\n\n<h3 class=\"wp-block-heading\">Legato<\/h3>\n\n\n\n<p>Eli suomeksi sitoen, on soittotapa jossa s\u00e4vlten v\u00e4liss\u00e4 ei ole taukoa, vaan ne liittyv\u00e4t saumattomasti yhteen. Nuottikirjoituksessa legato merkit\u00e4\u00e4n kaariviivalla<\/p>\n\n\n\n<figure class=\"wp-block-image size-large\"><img decoding=\"async\" src=\"https:\/\/popjazz.fi\/PJKits\/basso\/wp-content\/uploads\/sites\/4\/2021\/03\/legato-1024x125.png\" alt=\"\" class=\"wp-image-2636\"\/><\/figure>\n\n\n\n<h3 class=\"wp-block-heading\">Staccato<\/h3>\n\n\n\n<p>Eli suomeksi ter\u00e4v\u00e4sti, on soittotapa jossa s\u00e4velet soitetaan lyhyesti ja ter\u00e4v\u00e4sti. Nuottikirjoituksessa staccato merkit\u00e4\u00e4n pisteell\u00e4 nuotin ala- tai yl\u00e4puolelle<\/p>\n\n\n\n<figure class=\"wp-block-image size-large\"><img decoding=\"async\" src=\"https:\/\/popjazz.fi\/PJKits\/basso\/wp-content\/uploads\/sites\/4\/2021\/03\/staccato-1024x118.png\" alt=\"\" class=\"wp-image-2637\"\/><\/figure>\n\n\n\n<h3 class=\"wp-block-heading\">Portato<\/h3>\n\n\n\n<p>Portato on soittotapa joka on legaton ja staccaton v\u00e4limuoto. S\u00e4velet soitetaan pidemp\u00e4n\u00e4 kuin staccatossa, mutta ne eiv\u00e4t liity toisiinsa. Portato merkit\u00e4\u00e4n nuottikirjoituksessa staccatopisteen ja kaaren yhdistelm\u00e4ll\u00e4 tai staccatopisteen ja tenutoviivan yhdistelm\u00e4ll\u00e4<\/p>\n\n\n\n<figure class=\"wp-block-image size-large\"><img decoding=\"async\" src=\"https:\/\/popjazz.fi\/PJKits\/basso\/wp-content\/uploads\/sites\/4\/2021\/03\/portato-1024x125.png\" alt=\"\" class=\"wp-image-2638\"\/><\/figure>\n\n\n\n<h4 class=\"wp-block-heading\">Video<\/h4>\n\n\n\n<figure class=\"wp-block-embed-vimeo wp-block-embed is-type-video is-provider-vimeo wp-embed-aspect-16-9 wp-has-aspect-ratio\"><div class=\"wp-block-embed__wrapper\">\n<iframe loading=\"lazy\" src=\"https:\/\/player.vimeo.com\/video\/444851096?h=6737af2f7b&amp;dnt=1&amp;app_id=122963\" width=\"840\" height=\"473\" frameborder=\"0\" allow=\"autoplay; fullscreen; picture-in-picture\" allowfullscreen><\/iframe>\n<\/div><\/figure>\n\n\n\n<p><\/p>\n\n\n\n<hr class=\"wp-block-separator\"\/>\n\n\n\n<p class=\"has-medium-font-size\">Katso my\u00f6s:<\/p>\n\n\n\n<!-- WPFN: this News Widget is not initialized -->\n\n\n\n\n<!-- WPFN: this News Widget is not initialized -->\n\n","protected":false},"excerpt":{"rendered":"<p>Artikulaatio tarkoittaa tapaa ilmaista s\u00e4velten pituutta. S\u00e4velet voidaanniiden kirjoitetuista aika-arvoista huolimatta soittaa lyhyin\u00e4 (staccato), pitkin\u00e4 (portato) tai sidottuina yhteen (legato). Legato Eli suomeksi sitoen, on soittotapa jossa s\u00e4vlten v\u00e4liss\u00e4 ei ole taukoa, vaan ne liittyv\u00e4t saumattomasti yhteen. Nuottikirjoituksessa legato merkit\u00e4\u00e4n kaariviivalla Staccato Eli suomeksi ter\u00e4v\u00e4sti, on soittotapa jossa s\u00e4velet soitetaan lyhyesti ja ter\u00e4v\u00e4sti. Nuottikirjoituksessa staccato &hellip; <a href=\"https:\/\/popjazz.fi\/PJKits\/oppimateriaali-basso\/oppimateriaali\/a\/artikulointi-legato-staccato-portato\/\" class=\"more-link\">Jatka lukemista<span class=\"screen-reader-text\"> &#8221;Artikulointi (legato\/staccato\/portato)&#8221;<\/span><\/a><\/p>\n","protected":false},"author":1,"featured_media":0,"parent":13,"menu_order":2,"comment_status":"closed","ping_status":"closed","template":"","meta":{"footnotes":""},"tags":[],"class_list":["post-421","page","type-page","status-publish","hentry"],"_links":{"self":[{"href":"https:\/\/popjazz.fi\/PJKits\/oppimateriaali-basso\/wp-json\/wp\/v2\/pages\/421","targetHints":{"allow":["GET"]}}],"collection":[{"href":"https:\/\/popjazz.fi\/PJKits\/oppimateriaali-basso\/wp-json\/wp\/v2\/pages"}],"about":[{"href":"https:\/\/popjazz.fi\/PJKits\/oppimateriaali-basso\/wp-json\/wp\/v2\/types\/page"}],"author":[{"embeddable":true,"href":"https:\/\/popjazz.fi\/PJKits\/oppimateriaali-basso\/wp-json\/wp\/v2\/users\/1"}],"replies":[{"embeddable":true,"href":"https:\/\/popjazz.fi\/PJKits\/oppimateriaali-basso\/wp-json\/wp\/v2\/comments?post=421"}],"version-history":[{"count":1,"href":"https:\/\/popjazz.fi\/PJKits\/oppimateriaali-basso\/wp-json\/wp\/v2\/pages\/421\/revisions"}],"predecessor-version":[{"id":422,"href":"https:\/\/popjazz.fi\/PJKits\/oppimateriaali-basso\/wp-json\/wp\/v2\/pages\/421\/revisions\/422"}],"up":[{"embeddable":true,"href":"https:\/\/popjazz.fi\/PJKits\/oppimateriaali-basso\/wp-json\/wp\/v2\/pages\/13"}],"wp:attachment":[{"href":"https:\/\/popjazz.fi\/PJKits\/oppimateriaali-basso\/wp-json\/wp\/v2\/media?parent=421"}],"wp:term":[{"taxonomy":"post_tag","embeddable":true,"href":"https:\/\/popjazz.fi\/PJKits\/oppimateriaali-basso\/wp-json\/wp\/v2\/tags?post=421"}],"curies":[{"name":"wp","href":"https:\/\/api.w.org\/{rel}","templated":true}]}}