{"id":427,"date":"2021-11-29T14:21:13","date_gmt":"2021-11-29T12:21:13","guid":{"rendered":"https:\/\/popjazz.fi\/PJKits\/oppimateriaali-basso\/?page_id=427"},"modified":"2021-11-29T14:21:14","modified_gmt":"2021-11-29T12:21:14","slug":"intervallit-duuri-ja-luonnollinen-molli","status":"publish","type":"page","link":"https:\/\/popjazz.fi\/PJKits\/oppimateriaali-basso\/oppimateriaali\/i\/intervallit-duuri-ja-luonnollinen-molli\/","title":{"rendered":"Intervallit: Duuri ja luonnollinen molli"},"content":{"rendered":"\n<p>Intervalli tarkoittaa kahden \u00e4\u00e4nen v\u00e4list\u00e4 korkeuseroa. Ne voivat olla laadultaan joko suuria, pieni\u00e4 tai puhtaita, tai muunnettuina v\u00e4hennettyj\u00e4 tai ylinousevia. <\/p>\n\n\n\n<p>Duurin- ja luonnollisen mollin mukaiset (perus\u00e4\u00e4ni + mik\u00e4 tahansa asteikon s\u00e4vel) ovat aina suuria tai puhtaita (s=suuri, puhdas intervalli merkit\u00e4\u00e4n pelk\u00e4ll\u00e4 numerolla):<\/p>\n\n\n\n<figure class=\"wp-block-image size-large\"><img decoding=\"async\" src=\"https:\/\/popjazz.fi\/PJKits\/basso\/wp-content\/uploads\/sites\/4\/2020\/04\/intervallit-1024x218.png\" alt=\"\" class=\"wp-image-2196\"\/><\/figure>\n\n\n\n<h4 class=\"wp-block-heading\">Video<\/h4>\n\n\n\n<figure class=\"wp-block-embed-vimeo wp-block-embed is-type-video is-provider-vimeo wp-embed-aspect-16-9 wp-has-aspect-ratio\"><div class=\"wp-block-embed__wrapper\">\n<iframe loading=\"lazy\" src=\"https:\/\/player.vimeo.com\/video\/521772823?h=5e2c87329b&amp;dnt=1&amp;app_id=122963\" width=\"840\" height=\"473\" frameborder=\"0\" allow=\"autoplay; fullscreen; picture-in-picture\" allowfullscreen><\/iframe>\n<\/div><\/figure>\n\n\n\n<hr class=\"wp-block-separator\"\/>\n\n\n\n<p class=\"has-medium-font-size\">Katso my\u00f6s:<\/p>\n\n\n\n<!-- WPFN: this News Widget is not initialized -->\n\n","protected":false},"excerpt":{"rendered":"<p>Intervalli tarkoittaa kahden \u00e4\u00e4nen v\u00e4list\u00e4 korkeuseroa. Ne voivat olla laadultaan joko suuria, pieni\u00e4 tai puhtaita, tai muunnettuina v\u00e4hennettyj\u00e4 tai ylinousevia. Duurin- ja luonnollisen mollin mukaiset (perus\u00e4\u00e4ni + mik\u00e4 tahansa asteikon s\u00e4vel) ovat aina suuria tai puhtaita (s=suuri, puhdas intervalli merkit\u00e4\u00e4n pelk\u00e4ll\u00e4 numerolla): Video Katso my\u00f6s:<\/p>\n","protected":false},"author":1,"featured_media":0,"parent":29,"menu_order":0,"comment_status":"closed","ping_status":"closed","template":"","meta":{"footnotes":""},"tags":[],"class_list":["post-427","page","type-page","status-publish","hentry"],"_links":{"self":[{"href":"https:\/\/popjazz.fi\/PJKits\/oppimateriaali-basso\/wp-json\/wp\/v2\/pages\/427","targetHints":{"allow":["GET"]}}],"collection":[{"href":"https:\/\/popjazz.fi\/PJKits\/oppimateriaali-basso\/wp-json\/wp\/v2\/pages"}],"about":[{"href":"https:\/\/popjazz.fi\/PJKits\/oppimateriaali-basso\/wp-json\/wp\/v2\/types\/page"}],"author":[{"embeddable":true,"href":"https:\/\/popjazz.fi\/PJKits\/oppimateriaali-basso\/wp-json\/wp\/v2\/users\/1"}],"replies":[{"embeddable":true,"href":"https:\/\/popjazz.fi\/PJKits\/oppimateriaali-basso\/wp-json\/wp\/v2\/comments?post=427"}],"version-history":[{"count":1,"href":"https:\/\/popjazz.fi\/PJKits\/oppimateriaali-basso\/wp-json\/wp\/v2\/pages\/427\/revisions"}],"predecessor-version":[{"id":428,"href":"https:\/\/popjazz.fi\/PJKits\/oppimateriaali-basso\/wp-json\/wp\/v2\/pages\/427\/revisions\/428"}],"up":[{"embeddable":true,"href":"https:\/\/popjazz.fi\/PJKits\/oppimateriaali-basso\/wp-json\/wp\/v2\/pages\/29"}],"wp:attachment":[{"href":"https:\/\/popjazz.fi\/PJKits\/oppimateriaali-basso\/wp-json\/wp\/v2\/media?parent=427"}],"wp:term":[{"taxonomy":"post_tag","embeddable":true,"href":"https:\/\/popjazz.fi\/PJKits\/oppimateriaali-basso\/wp-json\/wp\/v2\/tags?post=427"}],"curies":[{"name":"wp","href":"https:\/\/api.w.org\/{rel}","templated":true}]}}