{"id":431,"date":"2021-11-29T15:44:35","date_gmt":"2021-11-29T13:44:35","guid":{"rendered":"https:\/\/popjazz.fi\/PJKits\/oppimateriaali-basso\/?page_id=431"},"modified":"2021-11-29T15:44:36","modified_gmt":"2021-11-29T13:44:36","slug":"alla-breve-tahtilaji-2-2","status":"publish","type":"page","link":"https:\/\/popjazz.fi\/PJKits\/oppimateriaali-basso\/oppimateriaali\/a\/alla-breve-tahtilaji-2-2\/","title":{"rendered":"Alla breve (tahtilaji 2\/2)"},"content":{"rendered":"<p><\/p>\n<p><!--StartFragment--><\/p>\n<p><!--StartFragment--><\/p>\n<p><!--StartFragment--><\/p>\n\n\n<p>Tahti on jaettu tahtilajiosoituksen mukaiseen m\u00e4\u00e4r\u00e4\u00e4n iskuja, joille puolestaan on m\u00e4\u00e4ritelty tempo, eli nopeus. <\/p>\n\n\n\n<p>2\/2 tahtilajimerkinn\u00e4st\u00e4 k\u00e4ytet\u00e4\u00e4n usein my\u00f6s nimityst\u00e4 alla breve (puolinuotein). 2\/2-tahtilajissa tahti koostuu kahdesta puolinuotin mittaisesta iskusta, mutta  tahti kirjoitetaan nelj\u00e4n nelj\u00e4sosanuotti -sykkeell\u00e4. <\/p>\n\n\n\n<p>Alla breve tahtilajia 2\/2 k\u00e4ytet\u00e4\u00e4n yleisesti esimerkiksi latinalaisamerikkalaisen musiikin nuottimerkinn\u00f6iss\u00e4, sek\u00e4 vanhemmassa musiikissa. <\/p>\n\n\n\n<h4 class=\"wp-block-heading\">Video<\/h4>\n\n\n\n<figure class=\"wp-block-embed-vimeo wp-block-embed is-type-video is-provider-vimeo wp-embed-aspect-16-9 wp-has-aspect-ratio\"><div class=\"wp-block-embed__wrapper\">\n<iframe loading=\"lazy\" src=\"https:\/\/player.vimeo.com\/video\/521789925?h=0da00f1826&amp;dnt=1&amp;app_id=122963\" width=\"840\" height=\"473\" frameborder=\"0\" allow=\"autoplay; fullscreen; picture-in-picture\" allowfullscreen><\/iframe>\n<\/div><figcaption>2\/2-tahtilaji (alla breve)<\/figcaption><\/figure>\n\n\n\n<figure class=\"wp-block-image size-large\"><img decoding=\"async\" src=\"https:\/\/popjazz.fi\/PJKits\/basso\/wp-content\/uploads\/sites\/4\/2021\/03\/2-2-osa-1024x186.png\" alt=\"\" class=\"wp-image-3047\"\/><\/figure>\n\n\n\n<hr class=\"wp-block-separator\"\/>\n\n\n\n<p class=\"has-medium-font-size\">Katso my\u00f6s:<\/p>\n\n\n\n<!-- WPFN: this News Widget is not initialized -->\n\n","protected":false},"excerpt":{"rendered":"<p>Tahti on jaettu tahtilajiosoituksen mukaiseen m\u00e4\u00e4r\u00e4\u00e4n iskuja, joille puolestaan on m\u00e4\u00e4ritelty tempo, eli nopeus. 2\/2 tahtilajimerkinn\u00e4st\u00e4 k\u00e4ytet\u00e4\u00e4n usein my\u00f6s nimityst\u00e4 alla breve (puolinuotein). 2\/2-tahtilajissa tahti koostuu kahdesta puolinuotin mittaisesta iskusta, mutta tahti kirjoitetaan nelj\u00e4n nelj\u00e4sosanuotti -sykkeell\u00e4. Alla breve tahtilajia 2\/2 k\u00e4ytet\u00e4\u00e4n yleisesti esimerkiksi latinalaisamerikkalaisen musiikin nuottimerkinn\u00f6iss\u00e4, sek\u00e4 vanhemmassa musiikissa. Video Katso my\u00f6s:<\/p>\n","protected":false},"author":1,"featured_media":0,"parent":13,"menu_order":0,"comment_status":"closed","ping_status":"closed","template":"","meta":{"footnotes":""},"tags":[],"class_list":["post-431","page","type-page","status-publish","hentry"],"_links":{"self":[{"href":"https:\/\/popjazz.fi\/PJKits\/oppimateriaali-basso\/wp-json\/wp\/v2\/pages\/431","targetHints":{"allow":["GET"]}}],"collection":[{"href":"https:\/\/popjazz.fi\/PJKits\/oppimateriaali-basso\/wp-json\/wp\/v2\/pages"}],"about":[{"href":"https:\/\/popjazz.fi\/PJKits\/oppimateriaali-basso\/wp-json\/wp\/v2\/types\/page"}],"author":[{"embeddable":true,"href":"https:\/\/popjazz.fi\/PJKits\/oppimateriaali-basso\/wp-json\/wp\/v2\/users\/1"}],"replies":[{"embeddable":true,"href":"https:\/\/popjazz.fi\/PJKits\/oppimateriaali-basso\/wp-json\/wp\/v2\/comments?post=431"}],"version-history":[{"count":1,"href":"https:\/\/popjazz.fi\/PJKits\/oppimateriaali-basso\/wp-json\/wp\/v2\/pages\/431\/revisions"}],"predecessor-version":[{"id":432,"href":"https:\/\/popjazz.fi\/PJKits\/oppimateriaali-basso\/wp-json\/wp\/v2\/pages\/431\/revisions\/432"}],"up":[{"embeddable":true,"href":"https:\/\/popjazz.fi\/PJKits\/oppimateriaali-basso\/wp-json\/wp\/v2\/pages\/13"}],"wp:attachment":[{"href":"https:\/\/popjazz.fi\/PJKits\/oppimateriaali-basso\/wp-json\/wp\/v2\/media?parent=431"}],"wp:term":[{"taxonomy":"post_tag","embeddable":true,"href":"https:\/\/popjazz.fi\/PJKits\/oppimateriaali-basso\/wp-json\/wp\/v2\/tags?post=431"}],"curies":[{"name":"wp","href":"https:\/\/api.w.org\/{rel}","templated":true}]}}