{"id":435,"date":"2021-11-29T15:51:30","date_gmt":"2021-11-29T13:51:30","guid":{"rendered":"https:\/\/popjazz.fi\/PJKits\/oppimateriaali-basso\/?page_id=435"},"modified":"2021-11-29T15:51:32","modified_gmt":"2021-11-29T13:51:32","slug":"12-tahdin-muotorakenne-c-g-f-ja-bb-duuri-two-beat-four-beat","status":"publish","type":"page","link":"https:\/\/popjazz.fi\/PJKits\/oppimateriaali-basso\/oppimateriaali\/12-tahdin-muotorakenne-c-g-f-ja-bb-duuri-two-beat-four-beat\/","title":{"rendered":"12 tahdin muotorakenne (C-, G-, F- ja Bb-duuri) two beat\/four beat"},"content":{"rendered":"<p><!--StartFragment--><\/p>\n<p><!--StartFragment--><\/p>\n<p><!--StartFragment--><\/p>\n\n\n<p>Yleinen muotorakenne rytmimusiikissa on 12 tahdin blues. Perinteisess\u00e4 muodossaan bluesin harmonia muodostuu s\u00e4vellajin ensimm\u00e4isen, nelj\u00e4nnen ja viidennen asteen dominanttiseptimisoinnuista.<\/p>\n\n\n\n<p>12 tahdin muotorakenne s\u00e4ilyy muuntomattoma s\u00e4vellajin vaihtuessa. <\/p>\n\n\n\n<figure class=\"wp-block-image size-large\"><img decoding=\"async\" src=\"https:\/\/popjazz.fi\/PJKits\/basso\/wp-content\/uploads\/sites\/4\/2021\/03\/12barblues-savellajit-804x1024.png\" alt=\"\" class=\"wp-image-3084\"\/><\/figure>\n\n\n\n<hr class=\"wp-block-separator\"\/>\n\n\n\n<!-- WPFN: this News Widget is not initialized -->\n\n","protected":false},"excerpt":{"rendered":"<p>Yleinen muotorakenne rytmimusiikissa on 12 tahdin blues. Perinteisess\u00e4 muodossaan bluesin harmonia muodostuu s\u00e4vellajin ensimm\u00e4isen, nelj\u00e4nnen ja viidennen asteen dominanttiseptimisoinnuista. 12 tahdin muotorakenne s\u00e4ilyy muuntomattoma s\u00e4vellajin vaihtuessa.<\/p>\n","protected":false},"author":1,"featured_media":0,"parent":9,"menu_order":0,"comment_status":"closed","ping_status":"closed","template":"","meta":{"footnotes":""},"tags":[],"class_list":["post-435","page","type-page","status-publish","hentry"],"_links":{"self":[{"href":"https:\/\/popjazz.fi\/PJKits\/oppimateriaali-basso\/wp-json\/wp\/v2\/pages\/435","targetHints":{"allow":["GET"]}}],"collection":[{"href":"https:\/\/popjazz.fi\/PJKits\/oppimateriaali-basso\/wp-json\/wp\/v2\/pages"}],"about":[{"href":"https:\/\/popjazz.fi\/PJKits\/oppimateriaali-basso\/wp-json\/wp\/v2\/types\/page"}],"author":[{"embeddable":true,"href":"https:\/\/popjazz.fi\/PJKits\/oppimateriaali-basso\/wp-json\/wp\/v2\/users\/1"}],"replies":[{"embeddable":true,"href":"https:\/\/popjazz.fi\/PJKits\/oppimateriaali-basso\/wp-json\/wp\/v2\/comments?post=435"}],"version-history":[{"count":1,"href":"https:\/\/popjazz.fi\/PJKits\/oppimateriaali-basso\/wp-json\/wp\/v2\/pages\/435\/revisions"}],"predecessor-version":[{"id":436,"href":"https:\/\/popjazz.fi\/PJKits\/oppimateriaali-basso\/wp-json\/wp\/v2\/pages\/435\/revisions\/436"}],"up":[{"embeddable":true,"href":"https:\/\/popjazz.fi\/PJKits\/oppimateriaali-basso\/wp-json\/wp\/v2\/pages\/9"}],"wp:attachment":[{"href":"https:\/\/popjazz.fi\/PJKits\/oppimateriaali-basso\/wp-json\/wp\/v2\/media?parent=435"}],"wp:term":[{"taxonomy":"post_tag","embeddable":true,"href":"https:\/\/popjazz.fi\/PJKits\/oppimateriaali-basso\/wp-json\/wp\/v2\/tags?post=435"}],"curies":[{"name":"wp","href":"https:\/\/api.w.org\/{rel}","templated":true}]}}