{"id":439,"date":"2021-11-29T16:07:11","date_gmt":"2021-11-29T14:07:11","guid":{"rendered":"https:\/\/popjazz.fi\/PJKits\/oppimateriaali-basso\/?page_id=439"},"modified":"2021-11-29T16:07:11","modified_gmt":"2021-11-29T14:07:11","slug":"improvisointi-vapailla-kielilla","status":"publish","type":"page","link":"https:\/\/popjazz.fi\/PJKits\/oppimateriaali-basso\/oppimateriaali\/i\/improvisointi-vapailla-kielilla\/","title":{"rendered":"Improvisointi: vapailla kielill\u00e4"},"content":{"rendered":"\n<p>Normaali vireess\u00e4 olevan basson vapaat kielet paksuimmasta ohuimpaan ovat E, A, D ja G.&nbsp;<\/p>\n\n\n\n<p><strong>Improvisointi<\/strong> tarkoittaa esityksen luomista esitt\u00e4mishetkell\u00e4. Improvisoinnissa k\u00e4ytett\u00e4vien \u00e4\u00e4nien rajaaminen aluksi vain vapaisiin kieliin helpottaa keskittymist\u00e4 rytmisten fraasien, eli rytmisten s\u00e4keiden muodostamiseen. Fraasit ovat yleens\u00e4 2 &#8211; 4 tahdin mittaisia, mutta taitojen kehittyess\u00e4 kaikki fraasimitat ovat mahdollisia.\u00a0<\/p>\n\n\n\n<p>Improvisoinnin harjoittelu voi alkaa ns. vapaalla improvioinnilla, jossa improvisointia ei rajoiteta tahtim\u00e4\u00e4rill\u00e4 tai tempolla, siirtyen kutenkin mahdollisimman pian muotojen ja tahtim\u00e4\u00e4rien hahmottamiseen. <\/p>\n\n\n\n<h4 class=\"wp-block-heading\">Video<\/h4>\n\n\n\n<figure class=\"wp-block-image size-large is-resized\"><img loading=\"lazy\" decoding=\"async\" src=\"https:\/\/popjazz.fi\/PJKits\/oppimateriaali-basso\/wp-content\/uploads\/sites\/19\/2021\/11\/tulossa5-908x1024-1.png\" alt=\"\" class=\"wp-image-440\" width=\"223\" height=\"251\" srcset=\"https:\/\/popjazz.fi\/PJKits\/oppimateriaali-basso\/wp-content\/uploads\/sites\/19\/2021\/11\/tulossa5-908x1024-1.png 908w, https:\/\/popjazz.fi\/PJKits\/oppimateriaali-basso\/wp-content\/uploads\/sites\/19\/2021\/11\/tulossa5-908x1024-1-266x300.png 266w, https:\/\/popjazz.fi\/PJKits\/oppimateriaali-basso\/wp-content\/uploads\/sites\/19\/2021\/11\/tulossa5-908x1024-1-768x866.png 768w\" sizes=\"auto, (max-width: 223px) 85vw, 223px\" \/><\/figure>\n\n\n\n<hr class=\"wp-block-separator\"\/>\n\n\n\n<p class=\"has-medium-font-size\">Katso my\u00f6s:<\/p>\n\n\n\n<!-- WPFN: this News Widget is not initialized -->\n\n","protected":false},"excerpt":{"rendered":"<p>Normaali vireess\u00e4 olevan basson vapaat kielet paksuimmasta ohuimpaan ovat E, A, D ja G.&nbsp; Improvisointi tarkoittaa esityksen luomista esitt\u00e4mishetkell\u00e4. Improvisoinnissa k\u00e4ytett\u00e4vien \u00e4\u00e4nien rajaaminen aluksi vain vapaisiin kieliin helpottaa keskittymist\u00e4 rytmisten fraasien, eli rytmisten s\u00e4keiden muodostamiseen. Fraasit ovat yleens\u00e4 2 &#8211; 4 tahdin mittaisia, mutta taitojen kehittyess\u00e4 kaikki fraasimitat ovat mahdollisia.\u00a0 Improvisoinnin harjoittelu voi alkaa ns. &hellip; <a href=\"https:\/\/popjazz.fi\/PJKits\/oppimateriaali-basso\/oppimateriaali\/i\/improvisointi-vapailla-kielilla\/\" class=\"more-link\">Jatka lukemista<span class=\"screen-reader-text\"> &#8221;Improvisointi: vapailla kielill\u00e4&#8221;<\/span><\/a><\/p>\n","protected":false},"author":1,"featured_media":0,"parent":29,"menu_order":0,"comment_status":"closed","ping_status":"closed","template":"","meta":{"footnotes":""},"tags":[],"class_list":["post-439","page","type-page","status-publish","hentry"],"_links":{"self":[{"href":"https:\/\/popjazz.fi\/PJKits\/oppimateriaali-basso\/wp-json\/wp\/v2\/pages\/439","targetHints":{"allow":["GET"]}}],"collection":[{"href":"https:\/\/popjazz.fi\/PJKits\/oppimateriaali-basso\/wp-json\/wp\/v2\/pages"}],"about":[{"href":"https:\/\/popjazz.fi\/PJKits\/oppimateriaali-basso\/wp-json\/wp\/v2\/types\/page"}],"author":[{"embeddable":true,"href":"https:\/\/popjazz.fi\/PJKits\/oppimateriaali-basso\/wp-json\/wp\/v2\/users\/1"}],"replies":[{"embeddable":true,"href":"https:\/\/popjazz.fi\/PJKits\/oppimateriaali-basso\/wp-json\/wp\/v2\/comments?post=439"}],"version-history":[{"count":1,"href":"https:\/\/popjazz.fi\/PJKits\/oppimateriaali-basso\/wp-json\/wp\/v2\/pages\/439\/revisions"}],"predecessor-version":[{"id":441,"href":"https:\/\/popjazz.fi\/PJKits\/oppimateriaali-basso\/wp-json\/wp\/v2\/pages\/439\/revisions\/441"}],"up":[{"embeddable":true,"href":"https:\/\/popjazz.fi\/PJKits\/oppimateriaali-basso\/wp-json\/wp\/v2\/pages\/29"}],"wp:attachment":[{"href":"https:\/\/popjazz.fi\/PJKits\/oppimateriaali-basso\/wp-json\/wp\/v2\/media?parent=439"}],"wp:term":[{"taxonomy":"post_tag","embeddable":true,"href":"https:\/\/popjazz.fi\/PJKits\/oppimateriaali-basso\/wp-json\/wp\/v2\/tags?post=439"}],"curies":[{"name":"wp","href":"https:\/\/api.w.org\/{rel}","templated":true}]}}