{"id":442,"date":"2021-11-29T16:13:03","date_gmt":"2021-11-29T14:13:03","guid":{"rendered":"https:\/\/popjazz.fi\/PJKits\/oppimateriaali-basso\/?page_id=442"},"modified":"2021-11-29T16:13:04","modified_gmt":"2021-11-29T14:13:04","slug":"improvisointi-vapailla-kielilla-vuorotellen-opettajan-kanssa","status":"publish","type":"page","link":"https:\/\/popjazz.fi\/PJKits\/oppimateriaali-basso\/oppimateriaali\/i\/improvisointi-vapailla-kielilla-vuorotellen-opettajan-kanssa\/","title":{"rendered":"Improvisointi: vapailla kielill\u00e4 vuorotellen opettajan kanssa"},"content":{"rendered":"\n<p><strong>Improvisointi<\/strong>&nbsp;tarkoittaa esityksen luomista esitt\u00e4mishetkell\u00e4. Kun monta muusikkoa improvisoi samanaikaisesti, he pyrkiv\u00e4t my\u00f6s tarkkailemaan toisiaan ja saamaan vihjeit\u00e4 siit\u00e4, mihin suuntaan esitys on etenem\u00e4ss\u00e4.<\/p>\n\n\n\n<p>Opettajan kanssa improvisoiminen harjoittaa kommunikointi- ja kuuntelutaitoja.<\/p>\n\n\n\n<p>Improvisoinnissa k\u00e4ytett\u00e4vien \u00e4\u00e4nien rajaaminen aluksi vain vapaisiin kieliin helpottaa keskittymist\u00e4 rytmisten fraasien, eli rytmisten s\u00e4keiden muodostamiseen. Opettajan kanssa improvisoinden voidaan l\u00e4hte\u00e4 liikkeelle ensin lyhyemmill\u00e4 fraaseilla ja tahtim\u00e4\u00e4rill\u00e4, sek\u00e4 imitoinnilla. Taitojen kehittyess\u00e4 siirryt\u00e4\u00e4n pidempiin muotoihin ja tahtim\u00e4\u00e4riin, sek\u00e4 &#8221;call and response&#8221; vuorotteluun.<\/p>\n\n\n\n<h4 class=\"wp-block-heading\">Video<\/h4>\n\n\n\n<figure class=\"wp-block-image size-large is-resized\"><img loading=\"lazy\" decoding=\"async\" src=\"https:\/\/popjazz.fi\/PJKits\/oppimateriaali-basso\/wp-content\/uploads\/sites\/19\/2021\/11\/tulossa5-908x1024-1.png\" alt=\"\" class=\"wp-image-440\" width=\"244\" height=\"275\" srcset=\"https:\/\/popjazz.fi\/PJKits\/oppimateriaali-basso\/wp-content\/uploads\/sites\/19\/2021\/11\/tulossa5-908x1024-1.png 908w, https:\/\/popjazz.fi\/PJKits\/oppimateriaali-basso\/wp-content\/uploads\/sites\/19\/2021\/11\/tulossa5-908x1024-1-266x300.png 266w, https:\/\/popjazz.fi\/PJKits\/oppimateriaali-basso\/wp-content\/uploads\/sites\/19\/2021\/11\/tulossa5-908x1024-1-768x866.png 768w\" sizes=\"auto, (max-width: 244px) 85vw, 244px\" \/><\/figure>\n\n\n\n<hr class=\"wp-block-separator\"\/>\n\n\n\n<p class=\"has-medium-font-size\">Katso my\u00f6s:<\/p>\n\n\n\n<!-- WPFN: this News Widget is not initialized -->\n\n","protected":false},"excerpt":{"rendered":"<p>Improvisointi&nbsp;tarkoittaa esityksen luomista esitt\u00e4mishetkell\u00e4. Kun monta muusikkoa improvisoi samanaikaisesti, he pyrkiv\u00e4t my\u00f6s tarkkailemaan toisiaan ja saamaan vihjeit\u00e4 siit\u00e4, mihin suuntaan esitys on etenem\u00e4ss\u00e4. Opettajan kanssa improvisoiminen harjoittaa kommunikointi- ja kuuntelutaitoja. Improvisoinnissa k\u00e4ytett\u00e4vien \u00e4\u00e4nien rajaaminen aluksi vain vapaisiin kieliin helpottaa keskittymist\u00e4 rytmisten fraasien, eli rytmisten s\u00e4keiden muodostamiseen. Opettajan kanssa improvisoinden voidaan l\u00e4hte\u00e4 liikkeelle ensin lyhyemmill\u00e4 fraaseilla &hellip; <a href=\"https:\/\/popjazz.fi\/PJKits\/oppimateriaali-basso\/oppimateriaali\/i\/improvisointi-vapailla-kielilla-vuorotellen-opettajan-kanssa\/\" class=\"more-link\">Jatka lukemista<span class=\"screen-reader-text\"> &#8221;Improvisointi: vapailla kielill\u00e4 vuorotellen opettajan kanssa&#8221;<\/span><\/a><\/p>\n","protected":false},"author":1,"featured_media":0,"parent":29,"menu_order":0,"comment_status":"closed","ping_status":"closed","template":"","meta":{"footnotes":""},"tags":[],"class_list":["post-442","page","type-page","status-publish","hentry"],"_links":{"self":[{"href":"https:\/\/popjazz.fi\/PJKits\/oppimateriaali-basso\/wp-json\/wp\/v2\/pages\/442","targetHints":{"allow":["GET"]}}],"collection":[{"href":"https:\/\/popjazz.fi\/PJKits\/oppimateriaali-basso\/wp-json\/wp\/v2\/pages"}],"about":[{"href":"https:\/\/popjazz.fi\/PJKits\/oppimateriaali-basso\/wp-json\/wp\/v2\/types\/page"}],"author":[{"embeddable":true,"href":"https:\/\/popjazz.fi\/PJKits\/oppimateriaali-basso\/wp-json\/wp\/v2\/users\/1"}],"replies":[{"embeddable":true,"href":"https:\/\/popjazz.fi\/PJKits\/oppimateriaali-basso\/wp-json\/wp\/v2\/comments?post=442"}],"version-history":[{"count":1,"href":"https:\/\/popjazz.fi\/PJKits\/oppimateriaali-basso\/wp-json\/wp\/v2\/pages\/442\/revisions"}],"predecessor-version":[{"id":443,"href":"https:\/\/popjazz.fi\/PJKits\/oppimateriaali-basso\/wp-json\/wp\/v2\/pages\/442\/revisions\/443"}],"up":[{"embeddable":true,"href":"https:\/\/popjazz.fi\/PJKits\/oppimateriaali-basso\/wp-json\/wp\/v2\/pages\/29"}],"wp:attachment":[{"href":"https:\/\/popjazz.fi\/PJKits\/oppimateriaali-basso\/wp-json\/wp\/v2\/media?parent=442"}],"wp:term":[{"taxonomy":"post_tag","embeddable":true,"href":"https:\/\/popjazz.fi\/PJKits\/oppimateriaali-basso\/wp-json\/wp\/v2\/tags?post=442"}],"curies":[{"name":"wp","href":"https:\/\/api.w.org\/{rel}","templated":true}]}}