{"id":450,"date":"2021-11-29T16:41:26","date_gmt":"2021-11-29T14:41:26","guid":{"rendered":"https:\/\/popjazz.fi\/PJKits\/oppimateriaali-basso\/?page_id=450"},"modified":"2021-11-29T16:53:20","modified_gmt":"2021-11-29T14:53:20","slug":"saestys-tahtilajeissa-5-4-ja-7-4","status":"publish","type":"page","link":"https:\/\/popjazz.fi\/PJKits\/oppimateriaali-basso\/oppimateriaali\/s\/saestys-tahtilajeissa-5-4-ja-7-4\/","title":{"rendered":"S\u00e4estys tahtilajeissa 5\/4 ja 7\/4"},"content":{"rendered":"<p><\/p>\n<p><!--StartFragment--><\/p>\n<p><!--StartFragment--><\/p>\n<p><!--StartFragment--><\/p>\n\n\n<p>Tahtilajit 5\/4 ja 7\/4 ovat ns. vaihtojakoisia tahtilajeja, jotka sis\u00e4lt\u00e4v\u00e4t kahden ja kolmen iskun mittaisia iskualoja. Esim 5\/4 sis\u00e4lt\u00e4\u00e4 joko 2+3 tai 3+2 iskualat.<br><br>Verrattuna tasajakoisiin tahtilajeihin, jotka muodostuvat yhdest\u00e4 tai useammasta kahden iskun mittaisesta iskualasta (esimerkiksi. 2\/4, 4\/4, 4\/8 ja 2\/2 eli alla breve) tai kolmijakoisiin tahtilajeihin, jotka muodostuvat yhdest\u00e4 tai useammasta kolmen iskun mittaisesta iskualasta (esimerkiksi 3\/4, 3\/8,\u00a0 6\/8, 9\/8 ja 12\/8 ja 3\/2), vaihtojakoiset ovat harvinaisempia ja siksi my\u00f6s jonkin verran haastavampia. <\/p>\n\n\n\n<p>Hyv\u00e4 tapa aloittaa poikkeustahtilien harjoittelu on esim. taputtaa ko. tahtilajin iskualat hyv\u00e4\u00e4n &#8221;lihasmuistiin&#8221; ja vasta sen j\u00e4lkeen aloittaa soittaminen k\u00e4ytt\u00e4en pelk\u00e4st\u00e4\u00e4n soinnun peruss\u00e4velt\u00e4. Kun tahtilajiin kuuluvista iskualoista on muodostunut selke\u00e4 &#8221;rytmipatterni&#8221;, eik\u00e4 soinnun peruss\u00e4velen vaihtaminen tahtien mukana tuota ongelmia, voi alkaa laajentamaan soinnun harmoniaa k\u00e4ytt\u00e4m\u00e4ll\u00e4 aluksi esim. soinnun kvintti\u00e4 sek\u00e4 oktaavia. <\/p>\n\n\n\n<p>Ohessa olevalla videolla harjoitellaan sointurakenteella <br>Dm-G7-Cma7, alkaen iskualojen soittamisesta soinnun peruss\u00e4vel, kvintti &#8211; oktaavi -\u00e4\u00e4nill\u00e4. Kun iskualat ovat selke\u00e4t ja hallinnassa, siirryt\u00e4\u00e4n kuljettamaan \u00e4\u00e4nt\u00e4 walkin-bass tekniikalla.<\/p>\n\n\n\n<h4 class=\"wp-block-heading\">Video<\/h4>\n\n\n\n<figure class=\"wp-block-embed-vimeo wp-block-embed is-type-video is-provider-vimeo wp-embed-aspect-16-9 wp-has-aspect-ratio\"><div class=\"wp-block-embed__wrapper\">\n<iframe loading=\"lazy\" src=\"https:\/\/player.vimeo.com\/video\/521924859?h=d36eee9645&amp;dnt=1&amp;app_id=122963\" width=\"840\" height=\"473\" frameborder=\"0\" allow=\"autoplay; fullscreen; picture-in-picture\" allowfullscreen><\/iframe>\n<\/div><figcaption>S\u00e4estysesimerkkej\u00e4 5\/4- ja 7\/4-tahtilajeissa<\/figcaption><\/figure>\n\n\n\n<p><\/p>\n\n\n\n<hr class=\"wp-block-separator\"\/>\n\n\n\n<p class=\"has-medium-font-size\">Katso my\u00f6s:<\/p>\n\n\n\n<!-- WPFN: this News Widget is not initialized -->\n\n","protected":false},"excerpt":{"rendered":"<p>Tahtilajit 5\/4 ja 7\/4 ovat ns. vaihtojakoisia tahtilajeja, jotka sis\u00e4lt\u00e4v\u00e4t kahden ja kolmen iskun mittaisia iskualoja. Esim 5\/4 sis\u00e4lt\u00e4\u00e4 joko 2+3 tai 3+2 iskualat. Verrattuna tasajakoisiin tahtilajeihin, jotka muodostuvat yhdest\u00e4 tai useammasta kahden iskun mittaisesta iskualasta (esimerkiksi. 2\/4, 4\/4, 4\/8 ja 2\/2 eli alla breve) tai kolmijakoisiin tahtilajeihin, jotka muodostuvat yhdest\u00e4 tai useammasta kolmen iskun &hellip; <a href=\"https:\/\/popjazz.fi\/PJKits\/oppimateriaali-basso\/oppimateriaali\/s\/saestys-tahtilajeissa-5-4-ja-7-4\/\" class=\"more-link\">Jatka lukemista<span class=\"screen-reader-text\"> &#8221;S\u00e4estys tahtilajeissa 5\/4 ja 7\/4&#8221;<\/span><\/a><\/p>\n","protected":false},"author":1,"featured_media":0,"parent":49,"menu_order":0,"comment_status":"closed","ping_status":"closed","template":"","meta":{"footnotes":""},"tags":[],"class_list":["post-450","page","type-page","status-publish","hentry"],"_links":{"self":[{"href":"https:\/\/popjazz.fi\/PJKits\/oppimateriaali-basso\/wp-json\/wp\/v2\/pages\/450","targetHints":{"allow":["GET"]}}],"collection":[{"href":"https:\/\/popjazz.fi\/PJKits\/oppimateriaali-basso\/wp-json\/wp\/v2\/pages"}],"about":[{"href":"https:\/\/popjazz.fi\/PJKits\/oppimateriaali-basso\/wp-json\/wp\/v2\/types\/page"}],"author":[{"embeddable":true,"href":"https:\/\/popjazz.fi\/PJKits\/oppimateriaali-basso\/wp-json\/wp\/v2\/users\/1"}],"replies":[{"embeddable":true,"href":"https:\/\/popjazz.fi\/PJKits\/oppimateriaali-basso\/wp-json\/wp\/v2\/comments?post=450"}],"version-history":[{"count":2,"href":"https:\/\/popjazz.fi\/PJKits\/oppimateriaali-basso\/wp-json\/wp\/v2\/pages\/450\/revisions"}],"predecessor-version":[{"id":455,"href":"https:\/\/popjazz.fi\/PJKits\/oppimateriaali-basso\/wp-json\/wp\/v2\/pages\/450\/revisions\/455"}],"up":[{"embeddable":true,"href":"https:\/\/popjazz.fi\/PJKits\/oppimateriaali-basso\/wp-json\/wp\/v2\/pages\/49"}],"wp:attachment":[{"href":"https:\/\/popjazz.fi\/PJKits\/oppimateriaali-basso\/wp-json\/wp\/v2\/media?parent=450"}],"wp:term":[{"taxonomy":"post_tag","embeddable":true,"href":"https:\/\/popjazz.fi\/PJKits\/oppimateriaali-basso\/wp-json\/wp\/v2\/tags?post=450"}],"curies":[{"name":"wp","href":"https:\/\/api.w.org\/{rel}","templated":true}]}}