{"id":456,"date":"2021-11-29T16:56:05","date_gmt":"2021-11-29T14:56:05","guid":{"rendered":"https:\/\/popjazz.fi\/PJKits\/oppimateriaali-basso\/?page_id=456"},"modified":"2021-11-29T16:56:05","modified_gmt":"2021-11-29T14:56:05","slug":"improvisointi-duuri-ja-mollipentatonisilla-asteikoilla-12-24-16-32-tahdin-rakenteeseen","status":"publish","type":"page","link":"https:\/\/popjazz.fi\/PJKits\/oppimateriaali-basso\/oppimateriaali\/i\/improvisointi-duuri-ja-mollipentatonisilla-asteikoilla-12-24-16-32-tahdin-rakenteeseen\/","title":{"rendered":"Improvisointi: duuri- ja mollipentatonisilla asteikoilla 12\/24 &amp; 16\/32-tahdin rakenteeseen"},"content":{"rendered":"\n<p>S\u00e4estysrymien ja harmonian lis\u00e4ksi improvisoinnissa noudatetaan yleens\u00e4 my\u00f6s kappaleen muotorakennetta. T\u00e4st\u00e4 poikkeuksena esimerkiksi free-jazz, jossa saatetaan jopa tarkoituksellisesti rikkoa muotorakennetta. 12 ja 24, sek\u00e4 16 ja 32 tahdin rakenteet ovat tyypillisimpi\u00e4 muotorakenteita.<\/p>\n\n\n\n<p>Pentatoninen asteikko on s\u00e4velasteikko, jossa on viisi s\u00e4velt\u00e4 oktaavia kohden, toisin kuin diatonisissa duuri- ja molliasteikoissa, joissa s\u00e4veli\u00e4 on seitsem\u00e4n. Duuri- ja mollipentatoninen ovat yhdet yleisimmist\u00e4 improvisoinnissa k\u00e4ytetyist\u00e4 asteikoista. <br><br>Esimerkiksi C-duuripentatonisen asteikon s\u00e4velet ovat C, D, E, G ja A, eli 1, 2, 3, 5 ja 6.<\/p>\n\n\n\n<figure class=\"wp-block-image size-large\"><img decoding=\"async\" src=\"https:\/\/popjazz.fi\/PJKits\/basso\/wp-content\/uploads\/sites\/4\/2021\/04\/duuripent-1024x110.png\" alt=\"\" class=\"wp-image-3122\"\/><figcaption><br><\/figcaption><\/figure>\n\n\n\n<p>Esimerkiksi C- mollipentatonisen asteikon s\u00e4velet ovat C, Es, F, G ja Bb, eli 1, b3, 4, 5, ja b7.<\/p>\n\n\n\n<figure class=\"wp-block-image size-large\"><img decoding=\"async\" src=\"https:\/\/popjazz.fi\/PJKits\/basso\/wp-content\/uploads\/sites\/4\/2021\/04\/mollipent-1024x105.png\" alt=\"\" class=\"wp-image-3123\"\/><\/figure>\n\n\n\n<h4 class=\"wp-block-heading\">Video<\/h4>\n\n\n\n<figure class=\"wp-block-image size-large is-resized\"><img loading=\"lazy\" decoding=\"async\" src=\"https:\/\/popjazz.fi\/PJKits\/oppimateriaali-basso\/wp-content\/uploads\/sites\/19\/2021\/11\/tulossa5-908x1024-1.png\" alt=\"\" class=\"wp-image-440\" width=\"254\" height=\"286\" srcset=\"https:\/\/popjazz.fi\/PJKits\/oppimateriaali-basso\/wp-content\/uploads\/sites\/19\/2021\/11\/tulossa5-908x1024-1.png 908w, https:\/\/popjazz.fi\/PJKits\/oppimateriaali-basso\/wp-content\/uploads\/sites\/19\/2021\/11\/tulossa5-908x1024-1-266x300.png 266w, https:\/\/popjazz.fi\/PJKits\/oppimateriaali-basso\/wp-content\/uploads\/sites\/19\/2021\/11\/tulossa5-908x1024-1-768x866.png 768w\" sizes=\"auto, (max-width: 254px) 85vw, 254px\" \/><\/figure>\n\n\n\n<hr class=\"wp-block-separator\"\/>\n\n\n\n<p class=\"has-medium-font-size\">Katso my\u00f6s:<\/p>\n\n\n\n<!-- WPFN: this News Widget is not initialized -->\n\n","protected":false},"excerpt":{"rendered":"<p>S\u00e4estysrymien ja harmonian lis\u00e4ksi improvisoinnissa noudatetaan yleens\u00e4 my\u00f6s kappaleen muotorakennetta. T\u00e4st\u00e4 poikkeuksena esimerkiksi free-jazz, jossa saatetaan jopa tarkoituksellisesti rikkoa muotorakennetta. 12 ja 24, sek\u00e4 16 ja 32 tahdin rakenteet ovat tyypillisimpi\u00e4 muotorakenteita. Pentatoninen asteikko on s\u00e4velasteikko, jossa on viisi s\u00e4velt\u00e4 oktaavia kohden, toisin kuin diatonisissa duuri- ja molliasteikoissa, joissa s\u00e4veli\u00e4 on seitsem\u00e4n. Duuri- ja mollipentatoninen &hellip; <a href=\"https:\/\/popjazz.fi\/PJKits\/oppimateriaali-basso\/oppimateriaali\/i\/improvisointi-duuri-ja-mollipentatonisilla-asteikoilla-12-24-16-32-tahdin-rakenteeseen\/\" class=\"more-link\">Jatka lukemista<span class=\"screen-reader-text\"> &#8221;Improvisointi: duuri- ja mollipentatonisilla asteikoilla 12\/24 &amp; 16\/32-tahdin rakenteeseen&#8221;<\/span><\/a><\/p>\n","protected":false},"author":1,"featured_media":0,"parent":29,"menu_order":0,"comment_status":"closed","ping_status":"closed","template":"","meta":{"footnotes":""},"tags":[],"class_list":["post-456","page","type-page","status-publish","hentry"],"_links":{"self":[{"href":"https:\/\/popjazz.fi\/PJKits\/oppimateriaali-basso\/wp-json\/wp\/v2\/pages\/456","targetHints":{"allow":["GET"]}}],"collection":[{"href":"https:\/\/popjazz.fi\/PJKits\/oppimateriaali-basso\/wp-json\/wp\/v2\/pages"}],"about":[{"href":"https:\/\/popjazz.fi\/PJKits\/oppimateriaali-basso\/wp-json\/wp\/v2\/types\/page"}],"author":[{"embeddable":true,"href":"https:\/\/popjazz.fi\/PJKits\/oppimateriaali-basso\/wp-json\/wp\/v2\/users\/1"}],"replies":[{"embeddable":true,"href":"https:\/\/popjazz.fi\/PJKits\/oppimateriaali-basso\/wp-json\/wp\/v2\/comments?post=456"}],"version-history":[{"count":1,"href":"https:\/\/popjazz.fi\/PJKits\/oppimateriaali-basso\/wp-json\/wp\/v2\/pages\/456\/revisions"}],"predecessor-version":[{"id":457,"href":"https:\/\/popjazz.fi\/PJKits\/oppimateriaali-basso\/wp-json\/wp\/v2\/pages\/456\/revisions\/457"}],"up":[{"embeddable":true,"href":"https:\/\/popjazz.fi\/PJKits\/oppimateriaali-basso\/wp-json\/wp\/v2\/pages\/29"}],"wp:attachment":[{"href":"https:\/\/popjazz.fi\/PJKits\/oppimateriaali-basso\/wp-json\/wp\/v2\/media?parent=456"}],"wp:term":[{"taxonomy":"post_tag","embeddable":true,"href":"https:\/\/popjazz.fi\/PJKits\/oppimateriaali-basso\/wp-json\/wp\/v2\/tags?post=456"}],"curies":[{"name":"wp","href":"https:\/\/api.w.org\/{rel}","templated":true}]}}