{"id":460,"date":"2021-11-29T17:03:40","date_gmt":"2021-11-29T15:03:40","guid":{"rendered":"https:\/\/popjazz.fi\/PJKits\/oppimateriaali-basso\/?page_id=460"},"modified":"2021-11-29T17:03:41","modified_gmt":"2021-11-29T15:03:41","slug":"improvisointi-poikkeaviin-muotorakanteisiin","status":"publish","type":"page","link":"https:\/\/popjazz.fi\/PJKits\/oppimateriaali-basso\/oppimateriaali\/i\/improvisointi-poikkeaviin-muotorakanteisiin\/","title":{"rendered":"Improvisointi: poikkeaviin muotorakanteisiin"},"content":{"rendered":"\n<p>&#8217;<\/p>\n\n\n\n<p>Muotorakenteella&nbsp;musiikissa&nbsp;tarkoitetaan musiikkiteoksen tai sen osan musiikillisten elementtien j\u00e4rjestyst\u00e4 ja koostumusta. Musiikillisista elementeist\u00e4 tavallisin,&nbsp;melodia, rakentuu&nbsp;s\u00e4velist\u00e4&nbsp;ja&nbsp;rytmeist\u00e4. Tavallisesti musiikillinen teos koostuu yhdest\u00e4 tai useammasta l\u00e4ht\u00f6kohtana toimivasta rakenneosasta, ja niist\u00e4 muokatuista uusista rakenneosasista, eli&nbsp;variaatioista. Kappaleen l\u00e4ht\u00f6kohtana toimiva musiikin rakenneosa on nimelt\u00e4\u00e4n&nbsp;teema.<\/p>\n\n\n\n<p>Populaarimusiikissa&nbsp;t\u00e4rkeit\u00e4 rakenneosia ovat&nbsp;<\/p>\n\n\n\n<p>s\u00e4keet, joille yleinen merkint\u00e4tapa on A -osa,&nbsp;<br>kertos\u00e4keet, joille yleinen merkint\u00e4tapa on B -osa,<br>v\u00e4liosat, joille yleinen merkint\u00e4tapa on C-osa, <br>soolot, introt ja outrot (codat)<\/p>\n\n\n\n<p>Yleisimpia kokonaisia muotorakenteita ovat mm. 12 tahdin blues muotorakenne, mm. pop-musiikissa useasti esiintyv\u00e4 A-A-B-A  muotorakkene, sek\u00e4 sen yhteydess\u00e4 mahdollisesti oleva  C -osa. <\/p>\n\n\n\n<p>Improvisoinnin kannalta selke\u00e4sti poikkeavia muotorakenteita ovat esimerkiksi<\/p>\n\n\n\n<p>tahtilajinvaihdoksia sis\u00e4lt\u00e4v\u00e4t muotorakenteet <br>tyylillisi\u00e4 vaihtoksia sis\u00e4lt\u00e4v\u00e4t muotorakenteet (latinrytmist\u00e4 jazz rytmiikkaan)<br>rytmillisi\u00e4 vaihdoksia sis\u00e4lt\u00e4v\u00e4t muotorakenteet (kolmimuunteisesta suoraan )<\/p>\n\n\n\n<h4 class=\"wp-block-heading\">Video<\/h4>\n\n\n\n<figure class=\"wp-block-image size-large is-resized\"><img loading=\"lazy\" decoding=\"async\" src=\"https:\/\/popjazz.fi\/PJKits\/oppimateriaali-basso\/wp-content\/uploads\/sites\/19\/2021\/11\/tulossa5-908x1024-1.png\" alt=\"\" class=\"wp-image-440\" width=\"271\" height=\"305\" srcset=\"https:\/\/popjazz.fi\/PJKits\/oppimateriaali-basso\/wp-content\/uploads\/sites\/19\/2021\/11\/tulossa5-908x1024-1.png 908w, https:\/\/popjazz.fi\/PJKits\/oppimateriaali-basso\/wp-content\/uploads\/sites\/19\/2021\/11\/tulossa5-908x1024-1-266x300.png 266w, https:\/\/popjazz.fi\/PJKits\/oppimateriaali-basso\/wp-content\/uploads\/sites\/19\/2021\/11\/tulossa5-908x1024-1-768x866.png 768w\" sizes=\"auto, (max-width: 271px) 85vw, 271px\" \/><\/figure>\n\n\n\n<hr class=\"wp-block-separator\"\/>\n\n\n\n<p class=\"has-medium-font-size\">Katso my\u00f6s:<\/p>\n\n\n\n<!-- WPFN: this News Widget is not initialized -->\n\n","protected":false},"excerpt":{"rendered":"<p>&#8217; Muotorakenteella&nbsp;musiikissa&nbsp;tarkoitetaan musiikkiteoksen tai sen osan musiikillisten elementtien j\u00e4rjestyst\u00e4 ja koostumusta. Musiikillisista elementeist\u00e4 tavallisin,&nbsp;melodia, rakentuu&nbsp;s\u00e4velist\u00e4&nbsp;ja&nbsp;rytmeist\u00e4. Tavallisesti musiikillinen teos koostuu yhdest\u00e4 tai useammasta l\u00e4ht\u00f6kohtana toimivasta rakenneosasta, ja niist\u00e4 muokatuista uusista rakenneosasista, eli&nbsp;variaatioista. Kappaleen l\u00e4ht\u00f6kohtana toimiva musiikin rakenneosa on nimelt\u00e4\u00e4n&nbsp;teema. Populaarimusiikissa&nbsp;t\u00e4rkeit\u00e4 rakenneosia ovat&nbsp; s\u00e4keet, joille yleinen merkint\u00e4tapa on A -osa,&nbsp;kertos\u00e4keet, joille yleinen merkint\u00e4tapa on B -osa,v\u00e4liosat, joille &hellip; <a href=\"https:\/\/popjazz.fi\/PJKits\/oppimateriaali-basso\/oppimateriaali\/i\/improvisointi-poikkeaviin-muotorakanteisiin\/\" class=\"more-link\">Jatka lukemista<span class=\"screen-reader-text\"> &#8221;Improvisointi: poikkeaviin muotorakanteisiin&#8221;<\/span><\/a><\/p>\n","protected":false},"author":1,"featured_media":0,"parent":29,"menu_order":0,"comment_status":"closed","ping_status":"closed","template":"","meta":{"footnotes":""},"tags":[],"class_list":["post-460","page","type-page","status-publish","hentry"],"_links":{"self":[{"href":"https:\/\/popjazz.fi\/PJKits\/oppimateriaali-basso\/wp-json\/wp\/v2\/pages\/460","targetHints":{"allow":["GET"]}}],"collection":[{"href":"https:\/\/popjazz.fi\/PJKits\/oppimateriaali-basso\/wp-json\/wp\/v2\/pages"}],"about":[{"href":"https:\/\/popjazz.fi\/PJKits\/oppimateriaali-basso\/wp-json\/wp\/v2\/types\/page"}],"author":[{"embeddable":true,"href":"https:\/\/popjazz.fi\/PJKits\/oppimateriaali-basso\/wp-json\/wp\/v2\/users\/1"}],"replies":[{"embeddable":true,"href":"https:\/\/popjazz.fi\/PJKits\/oppimateriaali-basso\/wp-json\/wp\/v2\/comments?post=460"}],"version-history":[{"count":1,"href":"https:\/\/popjazz.fi\/PJKits\/oppimateriaali-basso\/wp-json\/wp\/v2\/pages\/460\/revisions"}],"predecessor-version":[{"id":461,"href":"https:\/\/popjazz.fi\/PJKits\/oppimateriaali-basso\/wp-json\/wp\/v2\/pages\/460\/revisions\/461"}],"up":[{"embeddable":true,"href":"https:\/\/popjazz.fi\/PJKits\/oppimateriaali-basso\/wp-json\/wp\/v2\/pages\/29"}],"wp:attachment":[{"href":"https:\/\/popjazz.fi\/PJKits\/oppimateriaali-basso\/wp-json\/wp\/v2\/media?parent=460"}],"wp:term":[{"taxonomy":"post_tag","embeddable":true,"href":"https:\/\/popjazz.fi\/PJKits\/oppimateriaali-basso\/wp-json\/wp\/v2\/tags?post=460"}],"curies":[{"name":"wp","href":"https:\/\/api.w.org\/{rel}","templated":true}]}}