{"id":464,"date":"2021-11-29T17:15:52","date_gmt":"2021-11-29T15:15:52","guid":{"rendered":"https:\/\/popjazz.fi\/PJKits\/oppimateriaali-basso\/?page_id=464"},"modified":"2021-11-29T17:15:53","modified_gmt":"2021-11-29T15:15:53","slug":"kvintolit-sekstolit-ja-septolit","status":"publish","type":"page","link":"https:\/\/popjazz.fi\/PJKits\/oppimateriaali-basso\/oppimateriaali\/k\/kvintolit-sekstolit-ja-septolit\/","title":{"rendered":"Kvintolit, sekstolit ja septolit"},"content":{"rendered":"\n<p>Nuottiarvo, tahti tai tahdin osa voi jakautua normaalista poikkeavaan m\u00e4\u00e4r\u00e4\u00e4n aika-arvoja. Esim. nelj\u00e4sosanuotti voi jakautua kolmeen, viiteen, kuuteen tai seitsem\u00e4\u00e4n osaa. N\u00e4ist\u00e4 k\u00e4ytet\u00e4\u00e4n yhteist\u00e4 nimityst\u00e4 poikkeusellinenalajako, eli tupletti. <\/p>\n\n\n\n<p><strong>Kvintoli (5)<\/strong> tarkoittaa kokonaisen nuotin tai kaksijakoisen tahdin, kuten puolinuotin tai kaksiosaisen aika-arvon, kuten nelj\u00e4sosan jakamista kahden sijasta viiteen yht\u00e4 suureen osaan<\/p>\n\n\n\n<figure class=\"wp-block-image size-large\"><img decoding=\"async\" src=\"https:\/\/popjazz.fi\/PJKits\/basso\/wp-content\/uploads\/sites\/4\/2021\/04\/kvintoli-1024x101.png\" alt=\"\" class=\"wp-image-3204\"\/><\/figure>\n\n\n\n<p><strong>Sekstoli (6)<\/strong> tarkoittaa kokonaisen nuotin, kaksijakoisen tahdin, kuten puolinuotin tai kaksiosaisen aika-arvon, kuten nelj\u00e4sosan jakamista kahden sijasta kuuteen yht\u00e4 suureen osaan<\/p>\n\n\n\n<figure class=\"wp-block-image size-large\"><img decoding=\"async\" src=\"https:\/\/popjazz.fi\/PJKits\/basso\/wp-content\/uploads\/sites\/4\/2021\/04\/sekstoli-1024x107.png\" alt=\"\" class=\"wp-image-3205\"\/><\/figure>\n\n\n\n<p><strong>Septoli (7)<\/strong> tarkoittaa kokonaisen nuotin, kaksijakoisen tahdin, kuten puolinuotin tai kaksiosaisen aika-arvon, kuten nelj\u00e4sosan jakamista kahden sijasta seits\u00e4m\u00e4\u00e4n yht\u00e4 suureen osaan<\/p>\n\n\n\n<figure class=\"wp-block-image size-large\"><img decoding=\"async\" src=\"https:\/\/popjazz.fi\/PJKits\/basso\/wp-content\/uploads\/sites\/4\/2021\/04\/septoli-1024x119.png\" alt=\"\" class=\"wp-image-3207\"\/><\/figure>\n\n\n\n<hr class=\"wp-block-separator\"\/>\n\n\n\n<p>Muita tupletteja ovat<\/p>\n\n\n\n<ul class=\"wp-block-list\"><li>duoli (2 eli kaksijako)<\/li><li>trioli (3 eli kolmijako)<\/li><li>kvartoli (4)<\/li><li>kvintoli (5)<\/li><li>sekstoli (6)<\/li><li>septoli (7)<\/li><li>oktoli (8)<\/li><li>novemoli (9)<\/li><li>desimoli (10)<\/li><li>undesimoli (11)<\/li><\/ul>\n\n\n\n<hr class=\"wp-block-separator\"\/>\n\n\n\n<p class=\"has-medium-font-size\">Katso my\u00f6s:<\/p>\n\n\n\n<!-- WPFN: this News Widget is not initialized -->\n\n","protected":false},"excerpt":{"rendered":"<p>Nuottiarvo, tahti tai tahdin osa voi jakautua normaalista poikkeavaan m\u00e4\u00e4r\u00e4\u00e4n aika-arvoja. Esim. nelj\u00e4sosanuotti voi jakautua kolmeen, viiteen, kuuteen tai seitsem\u00e4\u00e4n osaa. N\u00e4ist\u00e4 k\u00e4ytet\u00e4\u00e4n yhteist\u00e4 nimityst\u00e4 poikkeusellinenalajako, eli tupletti. Kvintoli (5) tarkoittaa kokonaisen nuotin tai kaksijakoisen tahdin, kuten puolinuotin tai kaksiosaisen aika-arvon, kuten nelj\u00e4sosan jakamista kahden sijasta viiteen yht\u00e4 suureen osaan Sekstoli (6) tarkoittaa kokonaisen nuotin, &hellip; <a href=\"https:\/\/popjazz.fi\/PJKits\/oppimateriaali-basso\/oppimateriaali\/k\/kvintolit-sekstolit-ja-septolit\/\" class=\"more-link\">Jatka lukemista<span class=\"screen-reader-text\"> &#8221;Kvintolit, sekstolit ja septolit&#8221;<\/span><\/a><\/p>\n","protected":false},"author":1,"featured_media":0,"parent":33,"menu_order":0,"comment_status":"closed","ping_status":"closed","template":"","meta":{"footnotes":""},"tags":[],"class_list":["post-464","page","type-page","status-publish","hentry"],"_links":{"self":[{"href":"https:\/\/popjazz.fi\/PJKits\/oppimateriaali-basso\/wp-json\/wp\/v2\/pages\/464","targetHints":{"allow":["GET"]}}],"collection":[{"href":"https:\/\/popjazz.fi\/PJKits\/oppimateriaali-basso\/wp-json\/wp\/v2\/pages"}],"about":[{"href":"https:\/\/popjazz.fi\/PJKits\/oppimateriaali-basso\/wp-json\/wp\/v2\/types\/page"}],"author":[{"embeddable":true,"href":"https:\/\/popjazz.fi\/PJKits\/oppimateriaali-basso\/wp-json\/wp\/v2\/users\/1"}],"replies":[{"embeddable":true,"href":"https:\/\/popjazz.fi\/PJKits\/oppimateriaali-basso\/wp-json\/wp\/v2\/comments?post=464"}],"version-history":[{"count":1,"href":"https:\/\/popjazz.fi\/PJKits\/oppimateriaali-basso\/wp-json\/wp\/v2\/pages\/464\/revisions"}],"predecessor-version":[{"id":465,"href":"https:\/\/popjazz.fi\/PJKits\/oppimateriaali-basso\/wp-json\/wp\/v2\/pages\/464\/revisions\/465"}],"up":[{"embeddable":true,"href":"https:\/\/popjazz.fi\/PJKits\/oppimateriaali-basso\/wp-json\/wp\/v2\/pages\/33"}],"wp:attachment":[{"href":"https:\/\/popjazz.fi\/PJKits\/oppimateriaali-basso\/wp-json\/wp\/v2\/media?parent=464"}],"wp:term":[{"taxonomy":"post_tag","embeddable":true,"href":"https:\/\/popjazz.fi\/PJKits\/oppimateriaali-basso\/wp-json\/wp\/v2\/tags?post=464"}],"curies":[{"name":"wp","href":"https:\/\/api.w.org\/{rel}","templated":true}]}}