{"id":9,"date":"2020-05-15T09:30:03","date_gmt":"2020-05-15T06:30:03","guid":{"rendered":"https:\/\/popjazz.fi\/PJKits\/oppimateriaali-basso\/?page_id=9"},"modified":"2020-08-19T10:58:41","modified_gmt":"2020-08-19T07:58:41","slug":"oppimateriaali","status":"publish","type":"page","link":"https:\/\/popjazz.fi\/PJKits\/oppimateriaali-basso\/","title":{"rendered":"Basson oppimateriaalit"},"content":{"rendered":"\n<p style=\"background-color:#bfa961;font-size:22px\" class=\"has-text-color has-background has-dark-gray-color\"><strong>OPPIMATERIAALI<\/strong><\/p>\n\n\n\n<p style=\"background-color:#bfa961\" class=\"has-text-color has-background has-dark-gray-color\"><strong>Oppimateriaalit<\/strong> ovat nimens\u00e4 mukaisesti oppituntimateriaalia. Jokainen oppitunti liittyy johonkin oppimistavoitteeseen, joihin l\u00f6yd\u00e4t linkin sivujen alareunassa olevasta &#8221;<em>katso my\u00f6s<\/em>&#8221; -karusellista<br><br>My\u00f6s oppimistavoitteiden sivuilta l\u00f6yd\u00e4t &#8221;katso my\u00f6s&#8221; -karusellin, josta p\u00e4\u00e4set katsomaan kyseisen oppimistavoitteen oppituntivideoita. Mik\u00e4li kyseiseen oppimistavoitteeseen ole viel\u00e4 tehty yht\u00e4\u00e4n oppituntivideota, l\u00f6ytyy karusellissa linkit muihin samaan aiheeseen liittyviin oppimistavoitteisiin.<br><br><strong>Oppituntivideoiden navigointi<\/strong><br><br>+ <em>oikeassa reunassa olevasta valikosta (desktop) <\/em><br>+ <em>mobiilimenu sivujen oikeasta yl\u00e4reunasta (kaikki n\u00e4yt\u00f6t)<\/em><br>+ katso my\u00f6s -karusellien kautta<br>+ hakukoneen tulosten kautta<\/p>\n\n\n<form role=\"search\" method=\"get\" action=\"https:\/\/popjazz.fi\/PJKits\/oppimateriaali-basso\/\" class=\"wp-block-search__button-outside wp-block-search__text-button wp-block-search\"    ><label class=\"wp-block-search__label\" for=\"wp-block-search__input-1\" >Etsi oppimateriaalia<\/label><div class=\"wp-block-search__inside-wrapper\" ><input class=\"wp-block-search__input\" id=\"wp-block-search__input-1\" placeholder=\"\" value=\"\" type=\"search\" name=\"s\" required \/><button aria-label=\"Etsi\" class=\"wp-block-search__button wp-element-button\" type=\"submit\" >Etsi<\/button><\/div><\/form>","protected":false},"excerpt":{"rendered":"<p>OPPIMATERIAALI Oppimateriaalit ovat nimens\u00e4 mukaisesti oppituntimateriaalia. Jokainen oppitunti liittyy johonkin oppimistavoitteeseen, joihin l\u00f6yd\u00e4t linkin sivujen alareunassa olevasta &#8221;katso my\u00f6s&#8221; -karusellista My\u00f6s oppimistavoitteiden sivuilta l\u00f6yd\u00e4t &#8221;katso my\u00f6s&#8221; -karusellin, josta p\u00e4\u00e4set katsomaan kyseisen oppimistavoitteen oppituntivideoita. Mik\u00e4li kyseiseen oppimistavoitteeseen ole viel\u00e4 tehty yht\u00e4\u00e4n oppituntivideota, l\u00f6ytyy karusellissa linkit muihin samaan aiheeseen liittyviin oppimistavoitteisiin. Oppituntivideoiden navigointi + oikeassa reunassa olevasta &hellip; <a href=\"https:\/\/popjazz.fi\/PJKits\/oppimateriaali-basso\/\" class=\"more-link\">Jatka lukemista<span class=\"screen-reader-text\"> &#8221;Basson oppimateriaalit&#8221;<\/span><\/a><\/p>\n","protected":false},"author":1,"featured_media":134,"parent":0,"menu_order":0,"comment_status":"closed","ping_status":"closed","template":"","meta":{"footnotes":""},"tags":[],"class_list":["post-9","page","type-page","status-publish","has-post-thumbnail","hentry"],"_links":{"self":[{"href":"https:\/\/popjazz.fi\/PJKits\/oppimateriaali-basso\/wp-json\/wp\/v2\/pages\/9","targetHints":{"allow":["GET"]}}],"collection":[{"href":"https:\/\/popjazz.fi\/PJKits\/oppimateriaali-basso\/wp-json\/wp\/v2\/pages"}],"about":[{"href":"https:\/\/popjazz.fi\/PJKits\/oppimateriaali-basso\/wp-json\/wp\/v2\/types\/page"}],"author":[{"embeddable":true,"href":"https:\/\/popjazz.fi\/PJKits\/oppimateriaali-basso\/wp-json\/wp\/v2\/users\/1"}],"replies":[{"embeddable":true,"href":"https:\/\/popjazz.fi\/PJKits\/oppimateriaali-basso\/wp-json\/wp\/v2\/comments?post=9"}],"version-history":[{"count":14,"href":"https:\/\/popjazz.fi\/PJKits\/oppimateriaali-basso\/wp-json\/wp\/v2\/pages\/9\/revisions"}],"predecessor-version":[{"id":139,"href":"https:\/\/popjazz.fi\/PJKits\/oppimateriaali-basso\/wp-json\/wp\/v2\/pages\/9\/revisions\/139"}],"wp:featuredmedia":[{"embeddable":true,"href":"https:\/\/popjazz.fi\/PJKits\/oppimateriaali-basso\/wp-json\/wp\/v2\/media\/134"}],"wp:attachment":[{"href":"https:\/\/popjazz.fi\/PJKits\/oppimateriaali-basso\/wp-json\/wp\/v2\/media?parent=9"}],"wp:term":[{"taxonomy":"post_tag","embeddable":true,"href":"https:\/\/popjazz.fi\/PJKits\/oppimateriaali-basso\/wp-json\/wp\/v2\/tags?post=9"}],"curies":[{"name":"wp","href":"https:\/\/api.w.org\/{rel}","templated":true}]}}