{"id":6767,"date":"2025-10-09T11:04:12","date_gmt":"2025-10-09T08:04:12","guid":{"rendered":"https:\/\/popjazz.fi\/pop-jazz-soi-performers\/"},"modified":"2025-11-04T10:28:15","modified_gmt":"2025-11-04T08:28:15","slug":"pop-jazz-soi-performers","status":"publish","type":"page","link":"https:\/\/popjazz.fi\/en\/pop-jazz-soi-performers\/","title":{"rendered":"Pop &amp; Jazz Soi! -performers"},"content":{"rendered":"\n<p><strong>Monday 27.10. at 19 Countercurrent <\/strong>  &#8211; A joint production by the Ballet School and the Pop &amp; Jazz Conservatory<\/p>\n\n<figure class=\"wp-block-image size-full is-resized\"><img loading=\"lazy\" decoding=\"async\" width=\"1000\" height=\"563\" src=\"https:\/\/popjazz.fi\/wp-content\/uploads\/2025\/10\/Striimin-kansi-2netti.jpg\" alt=\"\" class=\"wp-image-6823\" style=\"width:555px;height:auto\" srcset=\"https:\/\/popjazz.fi\/wp-content\/uploads\/2025\/10\/Striimin-kansi-2netti.jpg 1000w, https:\/\/popjazz.fi\/wp-content\/uploads\/2025\/10\/Striimin-kansi-2netti-300x169.jpg 300w, https:\/\/popjazz.fi\/wp-content\/uploads\/2025\/10\/Striimin-kansi-2netti-768x432.jpg 768w\" sizes=\"auto, (max-width: 1000px) 100vw, 1000px\" \/><\/figure>\n\n<p><strong>Balance<\/strong><br\/>Dancers: Linda Leskinen and Vilho Er\u00e4vesi<br\/>Musician: Matias Kontula<br\/>The human mind is a battlefield &#8211; light and dark entwine within the same motion, pulling in opposite directions, each seeking control. But when both voices are allowed to speak, movement finds peace, and the mind its balance. <\/p>\n\n<p><strong>Looking beyond the surface<\/strong><br\/>Performers: Lyyti Pasanen and Ruut S\u00e4rkij\u00e4rvi<br\/>In the work we describe the contrasts between introvert and extrovert. Discussing the theme of the choreography, we realized the differences between our personalities and formed a creative work. In both song and dance you can find nuances of both personality types and reflect on how you find yourself in them.  <\/p>\n\n<p><strong>Pressure<\/strong><br\/>Authors: Wilda Pannula, Gabriel Milad,<em>Lauri Usmi<\/em><br\/><em> Pressure is about a ghostly creature tormented by a painful voice inside its head, and a guitarist whose playing silences it for a moment.<\/em><\/p>\n\n<p><strong>Duel! Let&#8217;s dance <\/strong><br\/>Performers:<strong> <\/strong>Teresa Savolainen, Helmi Kokkinen, Joonas &#8220;Jone&#8221; Saharinen<br\/>The performance begins with a confrontation, the dancers competing against each other &#8211; each wanting to be better than the other. Friction and competition create energy, but gradually understanding and reconciliation emerge. Eventually, everyone finds a common rhythm. The dance becomes a shared celebration of joy and jazz!   <\/p>\n\n<p><strong>Somewhere under cover<\/strong><br\/>Performers: Jasmin Heiskanen, Hilla Kiuru<br\/>&#8220;Somewhere under cover&#8221; is an ambient work that reflects the emotional scale of the dancer and the landscape of the space. The song and the very reduced piano accompaniment create a world where the character of the story is lost somewhere.   <br\/>Will he find his way to where the others are or will he be missed?<\/p>\n\n<p><strong>The Winner<\/strong><br\/>Music: Helmi Naatti<br\/>Choreography and dance by Joanna Salmenius and Veronika Kirt<br\/>&#8220;An outrageous sabotage attempt ignites a flame of hatred between two young ballet dancers. The work, surging with emotions of the past and present, traverses the twists and turns of betrayal, longing and friendship. As the story unfolds, the duel takes more twists and turns. Who will ultimately win?&#8221;   <\/p>\n\n<p><strong>Respiro<\/strong><br\/>Vocals\/piano: Ellen Hellberg<br\/>Dancers: Lotta Bergman and Iita Hietikko<br\/>&#8220;Respiro&#8221; or breathing is a work that moves from slow and calming breathing towards accelerating hyperventilation. It explores the states of the body and mind through breathing. Breathing acts as both rhythm and content in the work, bringing out the sensitivity of presence.  <\/p>\n\n<p><strong>Tuesday 28.10. at 18:00   <\/strong>Vocational education teachers&#8217; concert: freestyle wrestling, Backbond and Jazzhawks<\/p>\n\n<div class=\"wp-block-columns is-layout-flex wp-container-core-columns-is-layout-28f84493 wp-block-columns-is-layout-flex\">\n<div class=\"wp-block-column is-layout-flow wp-block-column-is-layout-flow\">\n<p><strong>BACKBONE &#8211; <\/strong>roots&#8217;n&#8217;roll!<br\/>Backbone is a tireless roots music harvester from Helsinki, Finland, dating back more than 20 years. The band&#8217;s line-up of longtime musicians and Pop &amp; Jazz Conservatory alumni performs the music of vocal soloist Juki V\u00e4lipakka, whose influences are as deep in swamp blues, rock&#8217;a&#8217;billy as they are in more traditional country music. The bubble-scented men will get the vee-bags going and get even the most puritanical listener&#8217;s haystack spinning and tapping their feet to the beat!<br\/>Juki V\u00e4lipakka &#8211; vocals &amp; guitar<br\/>Kustaa Kantelinen &#8211; guitar &amp; backing vocals<br\/>Antti Saukko &#8211; bass &amp; backing vocals<br\/>Jarkko Salonvaara &#8211; drums  <\/p>\n<\/div>\n\n\n\n<div class=\"wp-block-column is-layout-flow wp-block-column-is-layout-flow\">\n<figure class=\"wp-block-image size-full\"><img loading=\"lazy\" decoding=\"async\" width=\"800\" height=\"1000\" src=\"https:\/\/popjazz.fi\/wp-content\/uploads\/2025\/10\/Backbonenetti.jpg\" alt=\"\" class=\"wp-image-6817\" srcset=\"https:\/\/popjazz.fi\/wp-content\/uploads\/2025\/10\/Backbonenetti.jpg 800w, https:\/\/popjazz.fi\/wp-content\/uploads\/2025\/10\/Backbonenetti-240x300.jpg 240w, https:\/\/popjazz.fi\/wp-content\/uploads\/2025\/10\/Backbonenetti-768x960.jpg 768w\" sizes=\"auto, (max-width: 800px) 100vw, 800px\" \/><\/figure>\n<\/div>\n<\/div>\n\n<p><strong>Jazzhaukat<\/strong><br\/>Jazzhaukat is an ensemble of teachers from the Pop &amp; Jazz Conservatory, which traditionally plays new music by its members.<br\/>Janne Murto &#8211; saxophone<br\/>Keijo Pennanen &#8211; guitar<br\/>Jyrki Alanen &#8211; piano<br\/>Iiro Kautto &#8211; bass<br\/>Mika S\u00e4ily &#8211; drums<\/p>\n\n<p><strong>Vapaapaini<\/strong><br\/>Vapaapaini is a band of teachers from the Pop &amp; Jazz Conservatory of Vocational Education, playing soul and rock classics.<br\/>Tiia Marja Phillips &#8211; vocals<br\/>Mari Multanen &#8211; vocals<br\/>Petteri Hietam\u00e4ki &#8211; saxophone<br\/>Raila Kulokari &#8211; saxophone<br\/>Kristian Wahlstr\u00f6m &#8211; guitar<br\/>Vili It\u00e4pelto &#8211; keyboards<br\/>Iiro Kautto &#8211; bass<br\/>Mika S\u00e4ily &#8211; drums<\/p>\n\n<p><strong>Tuesday 28.10. at 19 Hard Guys<\/strong><\/p>\n\n<div class=\"wp-block-columns is-layout-flex wp-container-core-columns-is-layout-28f84493 wp-block-columns-is-layout-flex\">\n<div class=\"wp-block-column is-layout-flow wp-block-column-is-layout-flow\">\n<p>The Hard Guys<\/p>\n\n\n\n<p>We are Hard, Guys! Our band is not lacking in energy, volume, and hard hitting. We are a five-piece rock band made up of students from the Pop &amp; Jazz Conservatory. We specialize in both progressive and progressive rock music, as well as grunge metal.   <\/p>\n\n\n\n<p>If you&#8217;re feeling like you need more rock and roll in your life, then look no further than Hard Guys! Our music is sure to get stuck necks moving. <\/p>\n\n\n\n<p>We are not your average student band. We invest in our sound, and we do our job without cutting any corners. We make sure that we bring the energy to the stage that a real rock band needs. We&#8217;re no slackers!   <br\/>IT&#8217;S GOING! STAY HARD! <\/p>\n\n\n\n<p>Joni Ketola &#8211; Guitar<br\/>Lenni Kiuru &#8211; Vocals<br\/>Myrsky Innanen &#8211; Guitar<br\/>Voima Tiainen &#8211; Drums<br\/>Matti Ker\u00e4nen &#8211; Bass<\/p>\n\n\n\n<p>Photo by Asta Virtanen<\/p>\n<\/div>\n\n\n\n<div class=\"wp-block-column is-layout-flow wp-block-column-is-layout-flow\">\n<figure class=\"wp-block-image size-full\"><img loading=\"lazy\" decoding=\"async\" width=\"1000\" height=\"667\" src=\"https:\/\/popjazz.fi\/wp-content\/uploads\/2025\/10\/HARDGUYS-5-of-6-Joni-Ketolanetti.jpg\" alt=\"\" class=\"wp-image-6770\" srcset=\"https:\/\/popjazz.fi\/wp-content\/uploads\/2025\/10\/HARDGUYS-5-of-6-Joni-Ketolanetti.jpg 1000w, https:\/\/popjazz.fi\/wp-content\/uploads\/2025\/10\/HARDGUYS-5-of-6-Joni-Ketolanetti-300x200.jpg 300w, https:\/\/popjazz.fi\/wp-content\/uploads\/2025\/10\/HARDGUYS-5-of-6-Joni-Ketolanetti-768x512.jpg 768w\" sizes=\"auto, (max-width: 1000px) 100vw, 1000px\" \/><\/figure>\n<\/div>\n<\/div>\n\n<p><strong>Wednesday 29.10. at 18:00 <\/strong> <strong>Hot paws<\/strong><\/p>\n\n<div class=\"wp-block-columns is-layout-flex wp-container-core-columns-is-layout-28f84493 wp-block-columns-is-layout-flex\">\n<div class=\"wp-block-column is-layout-flow wp-block-column-is-layout-flow\">\n<p>Hot paws<\/p>\n\n\n\n<p>Kuumat K\u00e4p\u00e4l\u00e4t is a hip-shaking band that plays funk, fusion and sometimes a bit of rock. The repertoire includes old classics and contemporary wonders, as well as songs released in between. <\/p>\n\n\n\n<p>The band skulks a lot of instrumentals, but to keep the rhythm section from getting too lonely, some of the show involves a singer to fill in the frequencies.<\/p>\n\n\n\n<p>Otso Thomson &#8211; Drums<br\/>Issiaka Dembele: &#8211; Percussion<br\/>Juuso Parjanen &#8211; Bass<br\/>Tomi Kokkonen &#8211; Keyboards and piano<br\/>Niko Ahvenisto &#8211; Guitar<br\/>Ilta Attila &#8211; Saxophone and flute<br\/>Josias Myllyaho &#8211; Saxophone<br\/>Ellen Hellberg &#8211; Vocals<\/p>\n\n\n\n<p>Photo by Otso Thomson<\/p>\n<\/div>\n\n\n\n<div class=\"wp-block-column is-layout-flow wp-block-column-is-layout-flow\">\n<figure class=\"wp-block-image size-full\"><img loading=\"lazy\" decoding=\"async\" width=\"1000\" height=\"667\" src=\"https:\/\/popjazz.fi\/wp-content\/uploads\/2025\/10\/kuumatkapalat-01-Otso-Thomsonnetti.jpg\" alt=\"\" class=\"wp-image-6772\" srcset=\"https:\/\/popjazz.fi\/wp-content\/uploads\/2025\/10\/kuumatkapalat-01-Otso-Thomsonnetti.jpg 1000w, https:\/\/popjazz.fi\/wp-content\/uploads\/2025\/10\/kuumatkapalat-01-Otso-Thomsonnetti-300x200.jpg 300w, https:\/\/popjazz.fi\/wp-content\/uploads\/2025\/10\/kuumatkapalat-01-Otso-Thomsonnetti-768x512.jpg 768w\" sizes=\"auto, (max-width: 1000px) 100vw, 1000px\" \/><\/figure>\n<\/div>\n<\/div>\n\n<p><strong>Wednesday 29.10. at 19:00 <\/strong> <strong>Lake P\u00e4ij\u00e4nne<\/strong><\/p>\n\n<div class=\"wp-block-columns is-layout-flex wp-container-core-columns-is-layout-28f84493 wp-block-columns-is-layout-flex\">\n<div class=\"wp-block-column is-layout-flow wp-block-column-is-layout-flow\">\n<p>Lake P\u00e4ij\u00e4nne<\/p>\n\n\n\n<p>P\u00e4ij\u00e4nne is a Helsinki based band with 8 members, 0 Emma nominations and 100% dedication. P\u00e4ij\u00e4nne plays everything from pop to light rock and groovy funk in their own style, standing out from the crowd with their carefully honed brass arrangements. Come while tickets are still available!  <\/p>\n\n\n\n<p>Emmi H\u00e4nninen &#8211; Vocals<br\/>Olivia Sir\u00e9n &#8211; Vocals and cello<br\/>Jaakko Ojakangas &#8211; Alto saxophone and keyboards<br\/>Eelis Vihermaa &#8211; Tenor saxophone, baritone saxophone and flute<br\/>Matias \u00d6rn &#8211; Guitar and backing vocals<br\/>Roland Oriander &#8211; Guitar and backing vocals<br\/>Mikke Repo &#8211; Drums<br\/>Leo Schrader &#8211; Bass and backing vocals<\/p>\n\n\n\n<p>Photo by Otso Thomson<\/p>\n<\/div>\n\n\n\n<div class=\"wp-block-column is-layout-flow wp-block-column-is-layout-flow\">\n<figure class=\"wp-block-image size-full\"><img loading=\"lazy\" decoding=\"async\" width=\"1000\" height=\"667\" src=\"https:\/\/popjazz.fi\/wp-content\/uploads\/2025\/06\/paijannepromo-17-3-Emmi-Hanninennetti.jpg\" alt=\"\" class=\"wp-image-6751\" srcset=\"https:\/\/popjazz.fi\/wp-content\/uploads\/2025\/06\/paijannepromo-17-3-Emmi-Hanninennetti.jpg 1000w, https:\/\/popjazz.fi\/wp-content\/uploads\/2025\/06\/paijannepromo-17-3-Emmi-Hanninennetti-300x200.jpg 300w, https:\/\/popjazz.fi\/wp-content\/uploads\/2025\/06\/paijannepromo-17-3-Emmi-Hanninennetti-768x512.jpg 768w\" sizes=\"auto, (max-width: 1000px) 100vw, 1000px\" \/><\/figure>\n<\/div>\n<\/div>\n\n<p><strong>Thursday 30.10. at 18:00 <\/strong> <strong>The Rodgerson<\/strong><\/p>\n\n<div class=\"wp-block-columns is-layout-flex wp-container-core-columns-is-layout-28f84493 wp-block-columns-is-layout-flex\">\n<div class=\"wp-block-column is-layout-flow wp-block-column-is-layout-flow\">\n<p>The Rodgerson<\/p>\n\n\n\n<p>The Rodgerson is a soft rock, indie and soul band made up of six first year students from the Pop Jazz Conservatory. The band is characterised by an emotional interpretation and dreamlike worlds to colour their songs. The floating and gentle arrangements also include tight grooves and hard hitting beats, so you won&#8217;t be left cold either.  <\/p>\n\n\n\n<p>Hear and feel, The Rodgerson.<\/p>\n\n\n\n<p>Jasmin Heiskanen &#8211; vocals<br\/>Katri Kauppinen &#8211; vocals<br\/>Helmi Naatti &#8211; guitar<br\/>Joonas Saharinen &#8211; drums<br\/>Aurora Eskelin &#8211; bass<br\/>Iiris Hurttia &#8211; keyboard\/piano\/syna<\/p>\n\n\n\n<p>Photo by Vesa Makkonen<\/p>\n<\/div>\n\n\n\n<div class=\"wp-block-column is-layout-flow wp-block-column-is-layout-flow\">\n<figure class=\"wp-block-image size-full\"><img loading=\"lazy\" decoding=\"async\" width=\"1000\" height=\"746\" src=\"https:\/\/popjazz.fi\/wp-content\/uploads\/2025\/10\/DSC02807-Jasmin-Heiskanennetti.jpg\" alt=\"\" class=\"wp-image-6777\" srcset=\"https:\/\/popjazz.fi\/wp-content\/uploads\/2025\/10\/DSC02807-Jasmin-Heiskanennetti.jpg 1000w, https:\/\/popjazz.fi\/wp-content\/uploads\/2025\/10\/DSC02807-Jasmin-Heiskanennetti-300x224.jpg 300w, https:\/\/popjazz.fi\/wp-content\/uploads\/2025\/10\/DSC02807-Jasmin-Heiskanennetti-768x573.jpg 768w\" sizes=\"auto, (max-width: 1000px) 100vw, 1000px\" \/><\/figure>\n<\/div>\n<\/div>\n\n<p><strong>Thursday 30.10. at 19 <\/strong> <strong>Chipfunks<\/strong><\/p>\n\n<div class=\"wp-block-columns is-layout-flex wp-container-core-columns-is-layout-28f84493 wp-block-columns-is-layout-flex\">\n<div class=\"wp-block-column is-layout-flow wp-block-column-is-layout-flow\">\n<p>Chipfunks<\/p>\n\n\n\n<p>Chipfunks, a funky soul band with a catchy groove, rhythm and soulful vocals that will sweep you away!<\/p>\n\n\n\n<p>The band&#8217;s sound combines the gentleness of soul and the 70s with the groove of more modern funk in a contemporary world. The Chipfunks guarantee that you&#8217;ll feel the energy, joy and free funky vibe. <\/p>\n\n\n\n<p>Minttu Rosberg &#8211; Vocals<br\/>Albertta Lepp\u00e4niemi &#8211; Vocals<br\/>Kasper Miettunen &#8211; Bass<br\/>Simon Wadenstr\u00f6m &#8211; Drums<br\/>Lucas Nolan &#8211; Guitar<\/p>\n\n\n\n<p>Photo by Otso Thomson<\/p>\n<\/div>\n\n\n\n<div class=\"wp-block-column is-layout-flow wp-block-column-is-layout-flow\">\n<figure class=\"wp-block-image size-full\"><img loading=\"lazy\" decoding=\"async\" width=\"1000\" height=\"667\" src=\"https:\/\/popjazz.fi\/wp-content\/uploads\/2025\/10\/Chipfunks_promo-Lucas-Nolannetti.jpg\" alt=\"\" class=\"wp-image-6779\" srcset=\"https:\/\/popjazz.fi\/wp-content\/uploads\/2025\/10\/Chipfunks_promo-Lucas-Nolannetti.jpg 1000w, https:\/\/popjazz.fi\/wp-content\/uploads\/2025\/10\/Chipfunks_promo-Lucas-Nolannetti-300x200.jpg 300w, https:\/\/popjazz.fi\/wp-content\/uploads\/2025\/10\/Chipfunks_promo-Lucas-Nolannetti-768x512.jpg 768w\" sizes=\"auto, (max-width: 1000px) 100vw, 1000px\" \/><\/figure>\n<\/div>\n<\/div>\n\n<p><strong>Friday 31.10. at 18:00 <\/strong> <strong>Provisional period<\/strong><\/p>\n\n<div class=\"wp-block-columns is-layout-flex wp-container-core-columns-is-layout-28f84493 wp-block-columns-is-layout-flex\">\n<div class=\"wp-block-column is-layout-flow wp-block-column-is-layout-flow\">\n<p>Provisional period<\/p>\n\n\n\n<p>Has your day been busy and hectic? Now it&#8217;s time to enjoy the Temporary Offers. Let us create an intermission-length journey into the world of soulful kasari pop and soul. With the power of six spirits, we&#8217;ll make your heart flutter and your feet shake with our interpretation. Behind the music-filled break: The Interlude.    <\/p>\n\n\n\n<p>Onni Pennanen &#8211; Guitar<br\/>Abel S\u00e4ily &#8211; Guitar and vocals<br\/>Ruut S\u00e4rkij\u00e4rvi &#8211; Vocals<br\/>Eero S\u00e4rk\u00e4m\u00f6 &#8211; Drums<br\/>Maiju R\u00e4is\u00e4nen &#8211; Keyboards<br\/>Oskari Turunen &#8211; Bass<\/p>\n\n\n\n<p>Photo by Nuutti Ollikka<\/p>\n<\/div>\n\n\n\n<div class=\"wp-block-column is-layout-flow wp-block-column-is-layout-flow\">\n<figure class=\"wp-block-image size-full\"><img loading=\"lazy\" decoding=\"async\" width=\"750\" height=\"1000\" src=\"https:\/\/popjazz.fi\/wp-content\/uploads\/2025\/10\/WhatsApp-Kuva-2025-10-02-klo-15.30.04_2b389261-Onni-Pennanenntti.jpg\" alt=\"\" class=\"wp-image-6781\" srcset=\"https:\/\/popjazz.fi\/wp-content\/uploads\/2025\/10\/WhatsApp-Kuva-2025-10-02-klo-15.30.04_2b389261-Onni-Pennanenntti.jpg 750w, https:\/\/popjazz.fi\/wp-content\/uploads\/2025\/10\/WhatsApp-Kuva-2025-10-02-klo-15.30.04_2b389261-Onni-Pennanenntti-225x300.jpg 225w\" sizes=\"auto, (max-width: 750px) 100vw, 750px\" \/><\/figure>\n<\/div>\n<\/div>\n\n<p><strong>Friday 31.10. at 19 Coffee break <\/strong><\/p>\n\n<div class=\"wp-block-columns is-layout-flex wp-container-core-columns-is-layout-28f84493 wp-block-columns-is-layout-flex\">\n<div class=\"wp-block-column is-layout-flow wp-block-column-is-layout-flow\">\n<p>Coffee break<\/p>\n\n\n\n<p>The coffee break is not just about playing background music for tea breaks. This nine-piece band is powered by caffeine, and the energy it gives them is guaranteed to infect the audience. The members of the band share a love of jazz, and its influences can be heard in their repertoire. Welcome to groove with Kahvitauo!   <\/p>\n\n\n\n<p>Ellen Hellberg &#8211; Vocals<br\/>Matilda Paju &#8211; Vocals<br\/>Oscar Kullstr\u00f6m &#8211; Sax<br\/>Josias Myllyaho &#8211; Sax<br\/>Lauri Usmi &#8211; Guitar<br\/>Pinja Leinonen &#8211; Piano<br\/>Pessi Lehtinen &#8211; Vibraphone<br\/>Oskari Lepp\u00e4nen &#8211; Bass<br\/>Aalto Koskela &#8211; Drums<\/p>\n\n\n\n<p>Photo by Emmi H\u00e4nninen<\/p>\n<\/div>\n\n\n\n<div class=\"wp-block-column is-layout-flow wp-block-column-is-layout-flow\">\n<figure class=\"wp-block-image size-full\"><img loading=\"lazy\" decoding=\"async\" width=\"750\" height=\"1000\" src=\"https:\/\/popjazz.fi\/wp-content\/uploads\/2025\/06\/kahvitauko-Aalto-Koskelanetti.jpg\" alt=\"\" class=\"wp-image-6755\" srcset=\"https:\/\/popjazz.fi\/wp-content\/uploads\/2025\/06\/kahvitauko-Aalto-Koskelanetti.jpg 750w, https:\/\/popjazz.fi\/wp-content\/uploads\/2025\/06\/kahvitauko-Aalto-Koskelanetti-225x300.jpg 225w\" sizes=\"auto, (max-width: 750px) 100vw, 750px\" \/><\/figure>\n<\/div>\n<\/div>\n","protected":false},"excerpt":{"rendered":"<p>Monday 27.10. at 19 Countercurrent &#8211; A joint production by the Ballet School and the Pop &amp; Jazz Conservatory BalanceDancers: [&hellip;]<\/p>\n","protected":false},"author":3,"featured_media":0,"parent":0,"menu_order":0,"comment_status":"closed","ping_status":"closed","template":"","meta":{"_uag_custom_page_level_css":"","site-sidebar-layout":"default","site-content-layout":"","ast-site-content-layout":"default","site-content-style":"default","site-sidebar-style":"default","ast-global-header-display":"","ast-banner-title-visibility":"","ast-main-header-display":"","ast-hfb-above-header-display":"","ast-hfb-below-header-display":"","ast-hfb-mobile-header-display":"","site-post-title":"","ast-breadcrumbs-content":"","ast-featured-img":"","footer-sml-layout":"","ast-disable-related-posts":"","theme-transparent-header-meta":"","adv-header-id-meta":"","stick-header-meta":"","header-above-stick-meta":"","header-main-stick-meta":"","header-below-stick-meta":"","astra-migrate-meta-layouts":"default","ast-page-background-enabled":"default","ast-page-background-meta":{"desktop":{"background-color":"var(--ast-global-color-4)","background-image":"","background-repeat":"repeat","background-position":"center center","background-size":"auto","background-attachment":"scroll","background-type":"","background-media":"","overlay-type":"","overlay-color":"","overlay-opacity":"","overlay-gradient":""},"tablet":{"background-color":"","background-image":"","background-repeat":"repeat","background-position":"center center","background-size":"auto","background-attachment":"scroll","background-type":"","background-media":"","overlay-type":"","overlay-color":"","overlay-opacity":"","overlay-gradient":""},"mobile":{"background-color":"","background-image":"","background-repeat":"repeat","background-position":"center center","background-size":"auto","background-attachment":"scroll","background-type":"","background-media":"","overlay-type":"","overlay-color":"","overlay-opacity":"","overlay-gradient":""}},"ast-content-background-meta":{"desktop":{"background-color":"var(--ast-global-color-5)","background-image":"","background-repeat":"repeat","background-position":"center center","background-size":"auto","background-attachment":"scroll","background-type":"","background-media":"","overlay-type":"","overlay-color":"","overlay-opacity":"","overlay-gradient":""},"tablet":{"background-color":"var(--ast-global-color-5)","background-image":"","background-repeat":"repeat","background-position":"center center","background-size":"auto","background-attachment":"scroll","background-type":"","background-media":"","overlay-type":"","overlay-color":"","overlay-opacity":"","overlay-gradient":""},"mobile":{"background-color":"var(--ast-global-color-5)","background-image":"","background-repeat":"repeat","background-position":"center center","background-size":"auto","background-attachment":"scroll","background-type":"","background-media":"","overlay-type":"","overlay-color":"","overlay-opacity":"","overlay-gradient":""}},"_EventAllDay":false,"_EventTimezone":"","_EventStartDate":"","_EventEndDate":"","_EventStartDateUTC":"","_EventEndDateUTC":"","_EventShowMap":false,"_EventShowMapLink":false,"_EventURL":"","_EventCost":"","_EventCostDescription":"","_EventCurrencySymbol":"","_EventCurrencyCode":"","_EventCurrencyPosition":"","_EventDateTimeSeparator":"","_EventTimeRangeSeparator":"","_EventOrganizerID":[],"_EventVenueID":[],"_OrganizerEmail":"","_OrganizerPhone":"","_OrganizerWebsite":"","_VenueAddress":"","_VenueCity":"","_VenueCountry":"","_VenueProvince":"","_VenueState":"","_VenueZip":"","_VenuePhone":"","_VenueURL":"","_VenueStateProvince":"","_VenueLat":"","_VenueLng":"","_VenueShowMap":false,"_VenueShowMapLink":false,"footnotes":""},"class_list":["post-6767","page","type-page","status-publish","hentry"],"spectra_custom_meta":{"_EventAllDay":[""],"_EventShowMapLink":[""],"_EventShowMap":[""],"_VenueCountry":[""],"_VenueZip":[""],"_VenuePhone":[""],"_VenueShowMap":[""],"_VenueShowMapLink":[""],"_OrganizerPhone":[""],"_OrganizerEmail":[""],"_EventStartDate":[""],"_EventEndDate":[""],"_EventStartDateUTC":[""],"_EventEndDateUTC":[""],"_EventTimezone":[""],"_VenueLng":[""],"_VenueLat":[""],"ast-main-header-display":[""],"ast-hfb-above-header-display":[""],"ast-hfb-below-header-display":[""],"ast-hfb-mobile-header-display":[""],"adv-header-id-meta":[""],"footer-sml-layout":[""],"stick-header-meta":[""],"header-main-stick-meta":[""],"header-above-stick-meta":[""],"header-below-stick-meta":[""],"site-post-title":[""],"site-sidebar-layout":["default"],"site-content-layout":[""],"ast-featured-img":[""],"ast-breadcrumbs-content":[""],"theme-transparent-header-meta":[""],"ast-banner-title-visibility":[""],"ast-global-header-display":[""],"ast-site-content-layout":["default"],"site-content-style":["default"],"site-sidebar-style":["default"],"_top_nav_excluded":[""],"_cms_nav_minihome":[""],"_last_translation_edit_mode":["translation-editor"],"_wpml_word_count":["1370"],"_wp_page_template":[""],"rank_math_og_content_image":["a:2:{s:5:\"check\";s:32:\"41399dd03bdc5829e31c83c071f805dc\";s:6:\"images\";a:1:{i:0;i:6823;}}"],"_uag_page_assets":["a:9:{s:3:\"css\";s:0:\"\";s:2:\"js\";s:0:\"\";s:18:\"current_block_list\";a:6:{i:0;s:14:\"core\/paragraph\";i:1;s:10:\"core\/image\";i:2;s:12:\"core\/columns\";i:3;s:11:\"core\/column\";i:4;s:17:\"core\/social-links\";i:5;s:16:\"core\/social-link\";}s:8:\"uag_flag\";b:0;s:11:\"uag_version\";s:10:\"1776809419\";s:6:\"gfonts\";a:1:{s:7:\"Default\";a:2:{s:10:\"fontfamily\";s:7:\"Default\";s:12:\"fontvariants\";a:0:{}}}s:10:\"gfonts_url\";s:77:\"https:\/\/fonts.googleapis.com\/css?family=Default&subset=latin&display=fallback\";s:12:\"gfonts_files\";a:0:{}s:14:\"uag_faq_layout\";b:0;}"]},"uagb_featured_image_src":{"full":false,"thumbnail":false,"medium":false,"medium_large":false,"large":false,"1536x1536":false,"2048x2048":false},"uagb_author_info":{"display_name":"Popjazz","author_link":"https:\/\/popjazz.fi\/en\/author\/popjazz\/"},"uagb_comment_info":0,"uagb_excerpt":"Monday 27.10. at 19 Countercurrent &#8211; A joint production by the Ballet School and the Pop &amp; Jazz Conservatory BalanceDancers: [&hellip;]","_links":{"self":[{"href":"https:\/\/popjazz.fi\/en\/wp-json\/wp\/v2\/pages\/6767","targetHints":{"allow":["GET"]}}],"collection":[{"href":"https:\/\/popjazz.fi\/en\/wp-json\/wp\/v2\/pages"}],"about":[{"href":"https:\/\/popjazz.fi\/en\/wp-json\/wp\/v2\/types\/page"}],"author":[{"embeddable":true,"href":"https:\/\/popjazz.fi\/en\/wp-json\/wp\/v2\/users\/3"}],"replies":[{"embeddable":true,"href":"https:\/\/popjazz.fi\/en\/wp-json\/wp\/v2\/comments?post=6767"}],"version-history":[{"count":10,"href":"https:\/\/popjazz.fi\/en\/wp-json\/wp\/v2\/pages\/6767\/revisions"}],"predecessor-version":[{"id":6906,"href":"https:\/\/popjazz.fi\/en\/wp-json\/wp\/v2\/pages\/6767\/revisions\/6906"}],"wp:attachment":[{"href":"https:\/\/popjazz.fi\/en\/wp-json\/wp\/v2\/media?parent=6767"}],"curies":[{"name":"wp","href":"https:\/\/api.w.org\/{rel}","templated":true}]}}